{"id":5839,"date":"2014-06-19T00:17:09","date_gmt":"2014-06-18T22:17:09","guid":{"rendered":"http:\/\/klubmamgdynia.pl\/index.php\/produkt\/avec-farby-akrylowe-24-kolory-malarskie-profejsonalne\/"},"modified":"2026-04-04T00:51:39","modified_gmt":"2026-04-03T22:51:39","slug":"avec-farby-akrylowe-24-kolory-malarskie-profejsonalne","status":"publish","type":"product","link":"http:\/\/klubmamgdynia.pl\/index.php\/produkt\/avec-farby-akrylowe-24-kolory-malarskie-profejsonalne\/","title":{"rendered":"Avec Farby Akrylowe 24 Kolory Malarskie Profejsonalne"},"content":{"rendered":"<p>ZESTAW PROFESJONALNYCH AKRYLOWYCH FARB24 kolory pojemno\u015b\u0107 ka\u017cdego s\u0142oiczka 22mlWYMIARY OPAKOWANIA : 47X15X3CMProfesjonalne i wydajne kolorowe farby akrylowe. H2<\/p>\n<h2>Avec Farby Akrylowe 24 Kolory Malarskie Profejsonalne <\/h2>\n<p>jesienne zagadki, cytaty o mi\u0142o\u015bci do dziecka, wroc\u0142aw dla dzieci, literki do nauki pisania do druku, koty rysunki, uk\u0142ad s\u0142oneczny dla dzieci do druku, zagadki o bajkach, kolorowe listki, zagadki wiosenne dla dzieci, litera r do druku, ogr\u00f3d bajek, imi\u0119 nela, zagadki wiosna, zagadki dla dzieci 10 12 lat z odpowiedziami, cytaty z ma\u0142ego ksi\u0119cia, zagadki dla dzieci 9 10 lat z odpowiedziami, gry ruchowe dla dzieci, zagadki matematyczne dla dzieci 7 lat, m\u0105dre bajki dla dzieci do czytania, cytaty o rodzicach, \u017carty na prima aprilis na rodzic\u00f3w<\/p>\n<p>yyyyy<\/p>\n<p>&nbsp;<\/p>\n","protected":false},"excerpt":{"rendered":"<p>ZESTAW PROFESJONALNYCH AKRYLOWYCH FARB24 kolory pojemno\u015b\u0107 ka\u017cdego s\u0142oiczka 22mlWYMIARY OPAKOWANIA : 47X15X3CMProfesjonalne i wydajne kolorowe farby akrylowe. H2 Avec Farby Akrylowe 24 Kolory Malarskie Profejsonalne jesienne zagadki, cytaty o mi\u0142o\u015bci do dziecka, wroc\u0142aw dla dzieci, literki do nauki pisania do druku, koty rysunki, uk\u0142ad s\u0142oneczny dla dzieci do druku, zagadki o bajkach, kolorowe listki, zagadki [&hellip;]<\/p>\n","protected":false},"featured_media":5840,"comment_status":"closed","ping_status":"open","template":"","meta":[],"product_cat":[297],"product_tag":[836,685,638,798,620],"class_list":["post-5839","product","type-product","status-publish","has-post-thumbnail","hentry","product_cat-szkolne-artykuly-plastyczne","product_tag-co-kupic-dziecku-na-roczek","product_tag-cytaty-o-rodzinie","product_tag-miastodzieci","product_tag-prezenty-dla-nastolatki","product_tag-quiz-opowiesci-z-narnii"],"_links":{"self":[{"href":"http:\/\/klubmamgdynia.pl\/index.php\/wp-json\/wp\/v2\/product\/5839","targetHints":{"allow":["GET"]}}],"collection":[{"href":"http:\/\/klubmamgdynia.pl\/index.php\/wp-json\/wp\/v2\/product"}],"about":[{"href":"http:\/\/klubmamgdynia.pl\/index.php\/wp-json\/wp\/v2\/types\/product"}],"replies":[{"embeddable":true,"href":"http:\/\/klubmamgdynia.pl\/index.php\/wp-json\/wp\/v2\/comments?post=5839"}],"wp:featuredmedia":[{"embeddable":true,"href":"http:\/\/klubmamgdynia.pl\/index.php\/wp-json\/wp\/v2\/media\/5840"}],"wp:attachment":[{"href":"http:\/\/klubmamgdynia.pl\/index.php\/wp-json\/wp\/v2\/media?parent=5839"}],"wp:term":[{"taxonomy":"product_cat","embeddable":true,"href":"http:\/\/klubmamgdynia.pl\/index.php\/wp-json\/wp\/v2\/product_cat?post=5839"},{"taxonomy":"product_tag","embeddable":true,"href":"http:\/\/klubmamgdynia.pl\/index.php\/wp-json\/wp\/v2\/product_tag?post=5839"}],"curies":[{"name":"wp","href":"https:\/\/api.w.org\/{rel}","templated":true}]}}