{"id":5841,"date":"2022-11-09T11:22:37","date_gmt":"2022-11-09T10:22:37","guid":{"rendered":"http:\/\/klubmamgdynia.pl\/?post_type=product&#038;p=5841"},"modified":"2026-05-17T23:06:02","modified_gmt":"2026-05-17T21:06:02","slug":"technok-toys-piramidka-wieza-sombrero-dla-dzieci-7-el-2704","status":"publish","type":"product","link":"http:\/\/klubmamgdynia.pl\/index.php\/produkt\/technok-toys-piramidka-wieza-sombrero-dla-dzieci-7-el-2704\/","title":{"rendered":"Technok Toys Piramidka Wie\u017ca Sombrero Dla Dzieci 7 El 2704"},"content":{"rendered":"<p>Du\u017ca piramidka do uk\u0142adania. Sk\u0142ada si\u0119 z 7 plastikowych pojemniczk\u00f3w o r\u00f3\u017cnych wielko\u015bciach i kolorach. Zabawa uk\u0142adank\u0105 sprzyja rozwojowi koordynacji ruchowo- wzrokowej oraz zdolno\u015bci manualnych dziecka. Piramidka wyst\u0119puje w r\u00f3\u017cnej konfiguracji kolorystycznej.<\/p>\n<h2>Technok Toys Piramidka Wie\u017ca Sombrero Dla Dzieci 7 El 2704 Maksik<\/h2>\n<p>zabawy halloweenowe dla dzieci, znaczenie imienia milosz, karty pracy dla uczni\u00f3w z ukrainy, prezent na roczek nie zabawka, wierszyk o marzannie, aaa kotki dwa tekst, nauka zegara do druku pdf<\/p>\n<p>yyyyy<\/p>\n<p>&nbsp;<\/p>\n","protected":false},"excerpt":{"rendered":"<p>Du\u017ca piramidka do uk\u0142adania. Sk\u0142ada si\u0119 z 7 plastikowych pojemniczk\u00f3w o r\u00f3\u017cnych wielko\u015bciach i kolorach. Zabawa uk\u0142adank\u0105 sprzyja rozwojowi koordynacji ruchowo- wzrokowej oraz zdolno\u015bci manualnych dziecka. Piramidka wyst\u0119puje w r\u00f3\u017cnej konfiguracji kolorystycznej. Technok Toys Piramidka Wie\u017ca Sombrero Dla Dzieci 7 El 2704 Maksik zabawy halloweenowe dla dzieci, znaczenie imienia milosz, karty pracy dla uczni\u00f3w z [&hellip;]<\/p>\n","protected":false},"featured_media":5842,"comment_status":"closed","ping_status":"open","template":"","meta":[],"product_cat":[1201,61],"product_tag":[802,722,720],"class_list":["post-5841","product","type-product","status-publish","has-post-thumbnail","hentry","product_cat-maksik","product_cat-zabawki-edukacyjne-dla-niemowlat","product_tag-co-kupic-dziewczynce-na-roczek","product_tag-cytaty-o-przyjazni","product_tag-malowanki"],"_links":{"self":[{"href":"http:\/\/klubmamgdynia.pl\/index.php\/wp-json\/wp\/v2\/product\/5841","targetHints":{"allow":["GET"]}}],"collection":[{"href":"http:\/\/klubmamgdynia.pl\/index.php\/wp-json\/wp\/v2\/product"}],"about":[{"href":"http:\/\/klubmamgdynia.pl\/index.php\/wp-json\/wp\/v2\/types\/product"}],"replies":[{"embeddable":true,"href":"http:\/\/klubmamgdynia.pl\/index.php\/wp-json\/wp\/v2\/comments?post=5841"}],"wp:featuredmedia":[{"embeddable":true,"href":"http:\/\/klubmamgdynia.pl\/index.php\/wp-json\/wp\/v2\/media\/5842"}],"wp:attachment":[{"href":"http:\/\/klubmamgdynia.pl\/index.php\/wp-json\/wp\/v2\/media?parent=5841"}],"wp:term":[{"taxonomy":"product_cat","embeddable":true,"href":"http:\/\/klubmamgdynia.pl\/index.php\/wp-json\/wp\/v2\/product_cat?post=5841"},{"taxonomy":"product_tag","embeddable":true,"href":"http:\/\/klubmamgdynia.pl\/index.php\/wp-json\/wp\/v2\/product_tag?post=5841"}],"curies":[{"name":"wp","href":"https:\/\/api.w.org\/{rel}","templated":true}]}}