{"id":5843,"date":"2018-02-03T03:14:17","date_gmt":"2018-02-03T02:14:17","guid":{"rendered":"http:\/\/klubmamgdynia.pl\/index.php\/produkt\/bino-dzieciecy-zestaw-podstawek-do-herbaty-i-ciasta-zabawka\/"},"modified":"2026-04-05T08:42:19","modified_gmt":"2026-04-05T06:42:19","slug":"bino-dzieciecy-zestaw-podstawek-do-herbaty-i-ciasta-zabawka","status":"publish","type":"product","link":"http:\/\/klubmamgdynia.pl\/index.php\/produkt\/bino-dzieciecy-zestaw-podstawek-do-herbaty-i-ciasta-zabawka\/","title":{"rendered":"Bino Dzieci\u0119cy Zestaw Podstawek Do Herbaty I Ciasta &#8211; Zabawka"},"content":{"rendered":"<p>Szczeg\u00f3\u0142y produktu: Wiek: od 3 lat Liczba cz\u0119\u015bci: 35 Ozdobiony uroczymi ilustracjami kwiat\u00f3w i motyli \u0141atwe do przenoszenia i przechowywania Dzieci mog\u0105 nauczy\u0107 si\u0119 interakcji z go\u015b\u0107mi Wspiera kreatywno\u015b\u0107 i koordynacj\u0119 r\u0119ka-oko Wspania\u0142a interaktywna zabawa rodzic-dziecko Wykonane z wysokiej jako\u015bci Metal l materia\u0142u o g\u0142adkich kraw\u0119dziach Wymiary i waga: Wymiary po z\u0142o\u017ceniu (d\u0142ugo\u015b\u0107 x szeroko\u015b\u0107 x wysoko\u015b\u0107): 33 x 27,5 x 7 cm Waga: 0,8 kg Materia\u0142: Materia\u0142: tworzywo sztuczne, Metal W zestawie: 1 zestaw dzieci\u0119cy stojak na herbat\u0119 i ciasto: szczypce do serwowania i deska, plastry ciasta, herbatniki, babeczki oraz trzypoziomowy, zdejmowany eta\u017cer.<\/p>\n<h2>Bino Dzieci\u0119cy Zestaw Podstawek Do Herbaty I Ciasta &#8211; Zabawka BINO<\/h2>\n<p>kolorowanka dla dzieci, wroc\u0142aw i okolice atrakcje, kolorowanki do druku konie, tabliczka mno\u017cenia karty pracy do druku, dzie\u0144 misia 2021, imi\u0119 dla dziewczynki 2019, kolorowanka peppa do druku, prezenty dla m\u0142odzie\u017cy, \u015bwinka peppa do czytania, nowe quizy do rozwi\u0105zania, alina, kolorowanka do druku kotek, ma\u0142y ksi\u0105\u017ce test, dinozaury kolorowanki, quizy dla dzieci o zwierz\u0119tach<\/p>\n<p>yyyyy<\/p>\n<p>&nbsp;<\/p>\n","protected":false},"excerpt":{"rendered":"<p>Szczeg\u00f3\u0142y produktu: Wiek: od 3 lat Liczba cz\u0119\u015bci: 35 Ozdobiony uroczymi ilustracjami kwiat\u00f3w i motyli \u0141atwe do przenoszenia i przechowywania Dzieci mog\u0105 nauczy\u0107 si\u0119 interakcji z go\u015b\u0107mi Wspiera kreatywno\u015b\u0107 i koordynacj\u0119 r\u0119ka-oko Wspania\u0142a interaktywna zabawa rodzic-dziecko Wykonane z wysokiej jako\u015bci Metal l materia\u0142u o g\u0142adkich kraw\u0119dziach Wymiary i waga: Wymiary po z\u0142o\u017ceniu (d\u0142ugo\u015b\u0107 x szeroko\u015b\u0107 [&hellip;]<\/p>\n","protected":false},"featured_media":5844,"comment_status":"closed","ping_status":"open","template":"","meta":[],"product_cat":[322,53],"product_tag":[655,594,751],"class_list":["post-5843","product","type-product","status-publish","has-post-thumbnail","hentry","product_cat-bino","product_cat-kaciki-zabaw","product_tag-najlepsze-zagadki","product_tag-podchwytliwe-zagadki-dla-dzieci","product_tag-psi-patrol-kolorowanka"],"_links":{"self":[{"href":"http:\/\/klubmamgdynia.pl\/index.php\/wp-json\/wp\/v2\/product\/5843","targetHints":{"allow":["GET"]}}],"collection":[{"href":"http:\/\/klubmamgdynia.pl\/index.php\/wp-json\/wp\/v2\/product"}],"about":[{"href":"http:\/\/klubmamgdynia.pl\/index.php\/wp-json\/wp\/v2\/types\/product"}],"replies":[{"embeddable":true,"href":"http:\/\/klubmamgdynia.pl\/index.php\/wp-json\/wp\/v2\/comments?post=5843"}],"wp:featuredmedia":[{"embeddable":true,"href":"http:\/\/klubmamgdynia.pl\/index.php\/wp-json\/wp\/v2\/media\/5844"}],"wp:attachment":[{"href":"http:\/\/klubmamgdynia.pl\/index.php\/wp-json\/wp\/v2\/media?parent=5843"}],"wp:term":[{"taxonomy":"product_cat","embeddable":true,"href":"http:\/\/klubmamgdynia.pl\/index.php\/wp-json\/wp\/v2\/product_cat?post=5843"},{"taxonomy":"product_tag","embeddable":true,"href":"http:\/\/klubmamgdynia.pl\/index.php\/wp-json\/wp\/v2\/product_tag?post=5843"}],"curies":[{"name":"wp","href":"https:\/\/api.w.org\/{rel}","templated":true}]}}