{"id":5847,"date":"2019-06-24T15:26:12","date_gmt":"2019-06-24T13:26:12","guid":{"rendered":"http:\/\/klubmamgdynia.pl\/index.php\/produkt\/ega-pieluchy-kolorowe-tetrowe-lux-wielorazowe-70x80-4-pak-zestaw-nr-3-5936\/"},"modified":"2026-04-24T17:07:57","modified_gmt":"2026-04-24T15:07:57","slug":"ega-pieluchy-kolorowe-tetrowe-lux-wielorazowe-70x80-4-pak-zestaw-nr-3-5936","status":"publish","type":"product","link":"http:\/\/klubmamgdynia.pl\/index.php\/produkt\/ega-pieluchy-kolorowe-tetrowe-lux-wielorazowe-70x80-4-pak-zestaw-nr-3-5936\/","title":{"rendered":"Ega Pieluchy Kolorowe Tetrowe Lux Wielorazowe 70X80 4 Pak Zestaw Nr 3 5936"},"content":{"rendered":"<p>PIELUCHY KOLOROWE TETROWE LUX 70&#215;80 4-PAK Zestaw czterech mi\u0119kkich, ch\u0142onnych pieluszek lux w kolorowe wzorki. Idealne dope\u0142nienie wyprawki. rozmiar: +\/- 70&#215;80 cm gramatura: 140g\/m2 sk\u0142ad: 100% bawe\u0142na Zestaw jest zapakowany w foliowe opakowanie. Idealne na wyprawkowy prezent lub na baby shower \ud83d\ude42 Pielucha wykonana z wysokiej jako\u015bci tetry. Przydatna w codziennej piel\u0119gnacji maluszka: przy przewijaniu, k\u0105pieli, podczas spacer\u00f3w i w podr\u00f3\u017cy. Cechy: Nie podra\u017cnia sk\u00f3ry dziecka Mi\u0142a w dotyku Wykonana z polskiej tkaniny, posiadaj\u0105cej certyfikat Przedmiotem sprzeda\u017cy jest zestaw nr 3. Pieluszki przeznaczone dla dziewczynki oraz ch\u0142opczyka (unisex). Pieluszki s\u0105 konfekcjonowane w zestawy po 4 szt. Wzory w zestawach s\u0105 dobierane losowo wed\u0142ug dost\u0119pno\u015bci materia\u0142\u00f3w. Pieluszki tetrowe to niezb\u0119dny element wyprawki ka\u017cdego niemowl\u0119cia. Przydaj\u0105 si\u0119 jako: ch\u0142onne pieluszki z naturalnej bawe\u0142ny, o najkr\u00f3tszym czasie schni\u0119cia! Polecane na wakacyjne wyjazdy &#8211; bardzo \u0142atwo je upra\u0107, nie trzeba zabiera\u0107 ich wiele, bo schn\u0105 b\u0142yskawicznie, zajmuj\u0105 niewiele miejsca w baga\u017cu. dodatkowy wk\u0142ad do pieluszek formowanych, pieluszek z kieszeni\u0105 oraz otulaczy podk\u0142ad na przewijak do wytarcia buzi jako ch\u0142onny r\u0119cznik po k\u0105pieli chroni\u0105 ubranie w razie ulania zawi\u0105zane pod brod\u0105 s\u0142u\u017c\u0105 jako du\u017cy \u015bliniaczek itd, itp &#8211; pieluszki tetrowe przydaj\u0105 si\u0119 zawsze i wsz\u0119dzie \ud83d\ude42 Tkanina, z kt\u00f3rej wykonane s\u0105 pieluszki, posiada certyfikat jako\u015bci i jest w pe\u0142ni bezpieczna dla naszych Milusi\u0144skich \ud83d\ude42 GATUNEK: I SK\u0141AD: 100% BAWE\u0141NA GRAMATURA: 140g\/m2<\/p>\n<h2>Ega Pieluchy Kolorowe Tetrowe Lux Wielorazowe 70X80 4 Pak Zestaw Nr 3 5936 Ega<\/h2>\n<p>atrakcje dla dzieci tr\u00f3jmiasto, pozytywne cytaty mama cytaty, psi patrol kolorowanki, swinka peppa do czytania, ale kino program, znaki drogowe quiz, labirynty dla dzieci, imie leon, super zings do druku, kotek kolorowanka, zaczarowana zagroda &#8211; test, zagadki wielkanocne przedszkole, zabawy z 7 latkiem, jak narysowa\u0107 konia, cytaty o przyja\u017ani, choinka z bibu\u0142y, zaczarowana zagroda &#8211; test, mira imie<\/p>\n<p>yyyyy<\/p>\n<p>&nbsp;<\/p>\n","protected":false},"excerpt":{"rendered":"<p>PIELUCHY KOLOROWE TETROWE LUX 70&#215;80 4-PAK Zestaw czterech mi\u0119kkich, ch\u0142onnych pieluszek lux w kolorowe wzorki. Idealne dope\u0142nienie wyprawki. rozmiar: +\/- 70&#215;80 cm gramatura: 140g\/m2 sk\u0142ad: 100% bawe\u0142na Zestaw jest zapakowany w foliowe opakowanie. Idealne na wyprawkowy prezent lub na baby shower \ud83d\ude42 Pielucha wykonana z wysokiej jako\u015bci tetry. Przydatna w codziennej piel\u0119gnacji maluszka: przy przewijaniu, [&hellip;]<\/p>\n","protected":false},"featured_media":5848,"comment_status":"closed","ping_status":"open","template":"","meta":[],"product_cat":[1153,17],"product_tag":[828,583,751],"class_list":["post-5847","product","type-product","status-publish","has-post-thumbnail","hentry","product_cat-ega","product_cat-pieluchy","product_tag-filmy-wigilijne-dla-dzieci","product_tag-kolysanki-dla-dzieci-tekst","product_tag-psi-patrol-kolorowanka"],"_links":{"self":[{"href":"http:\/\/klubmamgdynia.pl\/index.php\/wp-json\/wp\/v2\/product\/5847","targetHints":{"allow":["GET"]}}],"collection":[{"href":"http:\/\/klubmamgdynia.pl\/index.php\/wp-json\/wp\/v2\/product"}],"about":[{"href":"http:\/\/klubmamgdynia.pl\/index.php\/wp-json\/wp\/v2\/types\/product"}],"replies":[{"embeddable":true,"href":"http:\/\/klubmamgdynia.pl\/index.php\/wp-json\/wp\/v2\/comments?post=5847"}],"wp:featuredmedia":[{"embeddable":true,"href":"http:\/\/klubmamgdynia.pl\/index.php\/wp-json\/wp\/v2\/media\/5848"}],"wp:attachment":[{"href":"http:\/\/klubmamgdynia.pl\/index.php\/wp-json\/wp\/v2\/media?parent=5847"}],"wp:term":[{"taxonomy":"product_cat","embeddable":true,"href":"http:\/\/klubmamgdynia.pl\/index.php\/wp-json\/wp\/v2\/product_cat?post=5847"},{"taxonomy":"product_tag","embeddable":true,"href":"http:\/\/klubmamgdynia.pl\/index.php\/wp-json\/wp\/v2\/product_tag?post=5847"}],"curies":[{"name":"wp","href":"https:\/\/api.w.org\/{rel}","templated":true}]}}