{"id":5851,"date":"2020-07-23T21:00:06","date_gmt":"2020-07-23T19:00:06","guid":{"rendered":"http:\/\/klubmamgdynia.pl\/index.php\/produkt\/gra-planszowa-grapet-domino-28-szt-w-etui\/"},"modified":"2026-04-30T19:29:07","modified_gmt":"2026-04-30T17:29:07","slug":"gra-planszowa-grapet-domino-28-szt-w-etui","status":"publish","type":"product","link":"http:\/\/klubmamgdynia.pl\/index.php\/produkt\/gra-planszowa-grapet-domino-28-szt-w-etui\/","title":{"rendered":"Gra planszowa Grapet Domino 28 szt w etui"},"content":{"rendered":"<p>Domino zasady gry.1.Gra strategiczna2.Liczba graczy 2-63.Wiek 4+4.Czas 10-15 minut5.Gra zawiera 28 szt klock\u00f3wW grze wykorzystuje si\u0119 klocki (domina), kt\u00f3re maj\u0105 kszta\u0142t prostok\u0105t\u00f3w, na kt\u00f3rych obydwu ko\u0144cach znajduje si\u0119 pewna liczba oczek od 0 do 6. W zestawie do gry wyst\u0119puj\u0105 klocki z ka\u017cd\u0105 kombinacj\u0105 oczek i ka\u017cda kombinacja wyst\u0119puje dok\u0142adnie jeden raz.RozgrywkaNa pocz\u0105tku ka\u017cdy z graczy otrzymuje po 7 klock\u00f3w i jeden z uczestnik\u00f3w zostaje wylosowany jako rozpoczynaj\u0105cy. Wyk\u0142ada on dowolny ze swoich klock\u00f3w, rozpoczynaj\u0105c tzw. \u0142a\u0144cuch, do kt\u00f3rego ko\u0144c\u00f3w gracze nast\u0119pnie dok\u0142adaj\u0105 kolejno po jednym dominie, ale w ten spos\u00f3b, \u017ce liczba oczek na ko\u0144cach stykaj\u0105cych si\u0119 klock\u00f3w musi by\u0107 jednakowaEAN:  5900238568158Wydawnictwo:  GRAPETRok wydania:  2014Oprawa:  plastikowaFormat:  18.5&#215;11.0cm<\/p>\n<h2>Gra planszowa Grapet Domino 28 szt w etui Grapet<\/h2>\n<p>laurka kolorowanki na dzie\u0144 mamy, nastolatka, quizy dla przedszkolak\u00f3w, quiz opowie\u015bci z narnii lew czarownica i stara szafa, film o \u015bwi\u0119tach dla dzieci, tekst o rodzinie, kolorowanka super zings, buziak gify na dobranoc smieszne, plan lekcji do druku, zagadki dla dzieci o zwierz\u0119tach, kolorowanki pieski, zagadki na inteligencje, najrzadsze imiona w polsce, prezenty dla rocznego dziecka, prezent na roczek dziewczynka, r\u00f3\u017cne zagadki, r\u0119cznie robione jak zrobi\u0107 kartk\u0119 walentynkow\u0105<\/p>\n<p>yyyyy<\/p>\n<p>&nbsp;<\/p>\n","protected":false},"excerpt":{"rendered":"<p>Domino zasady gry.1.Gra strategiczna2.Liczba graczy 2-63.Wiek 4+4.Czas 10-15 minut5.Gra zawiera 28 szt klock\u00f3wW grze wykorzystuje si\u0119 klocki (domina), kt\u00f3re maj\u0105 kszta\u0142t prostok\u0105t\u00f3w, na kt\u00f3rych obydwu ko\u0144cach znajduje si\u0119 pewna liczba oczek od 0 do 6. W zestawie do gry wyst\u0119puj\u0105 klocki z ka\u017cd\u0105 kombinacj\u0105 oczek i ka\u017cda kombinacja wyst\u0119puje dok\u0142adnie jeden raz.RozgrywkaNa pocz\u0105tku ka\u017cdy z [&hellip;]<\/p>\n","protected":false},"featured_media":5852,"comment_status":"closed","ping_status":"open","template":"","meta":[],"product_cat":[1396,235],"product_tag":[845,816,870,576,581],"class_list":["post-5851","product","type-product","status-publish","has-post-thumbnail","hentry","product_cat-grapet","product_cat-gry-planszowe","product_tag-ach-spij-kochanie-tekst","product_tag-place-zabaw-warszawa","product_tag-prezent-dla-chlopca-na-roczek","product_tag-trudne-zagadki","product_tag-zagadki-dla-8-latka"],"_links":{"self":[{"href":"http:\/\/klubmamgdynia.pl\/index.php\/wp-json\/wp\/v2\/product\/5851","targetHints":{"allow":["GET"]}}],"collection":[{"href":"http:\/\/klubmamgdynia.pl\/index.php\/wp-json\/wp\/v2\/product"}],"about":[{"href":"http:\/\/klubmamgdynia.pl\/index.php\/wp-json\/wp\/v2\/types\/product"}],"replies":[{"embeddable":true,"href":"http:\/\/klubmamgdynia.pl\/index.php\/wp-json\/wp\/v2\/comments?post=5851"}],"wp:featuredmedia":[{"embeddable":true,"href":"http:\/\/klubmamgdynia.pl\/index.php\/wp-json\/wp\/v2\/media\/5852"}],"wp:attachment":[{"href":"http:\/\/klubmamgdynia.pl\/index.php\/wp-json\/wp\/v2\/media?parent=5851"}],"wp:term":[{"taxonomy":"product_cat","embeddable":true,"href":"http:\/\/klubmamgdynia.pl\/index.php\/wp-json\/wp\/v2\/product_cat?post=5851"},{"taxonomy":"product_tag","embeddable":true,"href":"http:\/\/klubmamgdynia.pl\/index.php\/wp-json\/wp\/v2\/product_tag?post=5851"}],"curies":[{"name":"wp","href":"https:\/\/api.w.org\/{rel}","templated":true}]}}