{"id":5855,"date":"2025-09-10T06:08:29","date_gmt":"2025-09-10T04:08:29","guid":{"rendered":"http:\/\/klubmamgdynia.pl\/?post_type=product&#038;p=5855"},"modified":"2026-05-01T07:19:39","modified_gmt":"2026-05-01T05:19:39","slug":"super-toys-ford-ranger-jezdzik-pchacz-karmidelko-pojazd-na-akumulator-kola-eva-miekkie-siedzenie-dkp01","status":"publish","type":"product","link":"http:\/\/klubmamgdynia.pl\/index.php\/produkt\/super-toys-ford-ranger-jezdzik-pchacz-karmidelko-pojazd-na-akumulator-kola-eva-miekkie-siedzenie-dkp01\/","title":{"rendered":"Super-Toys Ford Ranger Je\u017cdzik Pchacz Karmide\u0142ko Pojazd Na Akumulator Ko\u0142a Eva Mi\u0119kkie Siedzenie Dkp01"},"content":{"rendered":"<p>FORD RANGERAbsolutna nowo\u015b\u0107 !!!!!!Rewelacyjna zabawka wielofunkcyjna.Pojazd jest:1. Pchaczem z r\u0105czk\u0105 i daszkiem2. Pchaczem z r\u0105czk\u0105 bez daszka3. Karmide\u0142kiem4. Odpychaczem5. Pojazdem na akumulatorNajnowsza wersja z mi\u0119kkim siedzeniem i mi\u0119kkimi ko\u0142ami EVANajnowsza wersja z mi\u0119kkim siedzeniem i mi\u0119kkimi ko\u0142ami EVA Pojazd na licencji FORDAPosiada w zestawie dwa rodzaje oparcia.Jest r\u00f3wnie\u017c pojazdem poruszanym za pomoc\u0105 silnika &#8211; czyli na akumulator.Jest to jedyny pojazd z systemem rozpoznawania rodzaju nap\u0119du.Gdy chcemy, aby dziecko jecha\u0142o pojazdem z u\u017cyciem silnik\u00f3w, auto samo pod\u0142\u0105czy silnik.RO\u015aNIE WRAZ Z DZIECKIEMOpis przedmiotu:Model w kolorze bia\u0142ym:Kolor bia\u0142y:Opis produktu na podstawie wybranego koloru:Poni\u017cej przedstawiamy etapy demonta\u017cuposzczeg\u00f3lnych funkcji:Animacja funkcji &#8211; mo\u017cliwo\u015b\u0107 szybkiego demonta\u017cu wszystkich element\u00f3w:O\u015bwietlenie:Opis przedmiotu:AUTO JE\u0179DZIK  FORD RANGER Wielofunkcyjny pojazd dla dzieci rosn\u0105cy wraz z dzieckiem.Funkcje:PCHACZ Z R\u0104CZK\u0104 &#8211; z pojazdem mo\u017cemy i\u015b\u0107 na spacer i sterowa\u0107 jazd\u0105 dziecka. Specjalne barierki zapobiegaj\u0105ce wypadni\u0119ciu dziecka, s\u0105 jednocze\u015bnie blokad\u0105 skr\u0119tu kierownic\u0105. \u0141atwy demonta\u017c wszystkich element\u00f3w sprawia \u017ce w ka\u017cdej chwili mo\u017cemy zmieni\u0107 funkcj\u0119 naszego pojazdu.KARMIDE\u0141KO &#8211; do pojazdu mo\u017ce wsadzi\u0107 dziecko, zapi\u0105\u0107 barierki i roz\u0142o\u017cy\u0107 p\u0142ozy ta funkcja umo\u017cliwi nakarmienie dziecka.ODPYCHACZ &#8211; dziecko siada na poje\u017adzie o odpycha si\u0119 n\u00f3\u017ckami.POJAZD NA AKUMULATOR &#8211; pojazd posiada r\u00f3wnie\u017c silnik nap\u0119dowy tak aby samodzielnie wozi\u0107 dziecko. Autko samo rozpozna czy ma pod\u0142\u0105czy\u0107 nap\u0119d.Dodatkow\u0105 atrakcj\u0105 s\u0105 wgrane w pami\u0119\u0107 piosenki, opowie\u015bci i panel do kt\u00f3rego mo\u017cna pod\u0142\u0105czy\u0107 MP3 czy kart\u0119 pami\u0119ci.Nap\u0119d:Nogi dziecka, r\u0105czka lub silnikZasilanie: Akumulator 6V 4,5 aH -\u0141adowarka: 230-240 V 50 Hz 6V DC 500 MAKo\u0142a Mi\u0119kkie ko\u0142a EVA nie rysuj\u0105 pod\u0142ogiWymiary pojazdu: d\u0142ugo\u015b\u0107 z zamontowan\u0105 r\u0105czk\u0105 ok.: 81 cm, d\u0142ugo\u015b\u0107 bez za\u0142o\u017conej r\u0105czki ok.: 68 cm: szeroko\u015b\u0107 ok.:44 cm, wysoko\u015b\u0107 do siedzenia od ziemi ok.: 26 cm, wysoko\u015b\u0107 do barierek: ok.: 40 cm, wymiar siedziska ok::21&#215;25 cm, wysoko\u015b\u0107 kierownicy: ok.: 40 cm, wysoko\u015b\u0107 du\u017cego oparcia ok.: 50 cm, \u015brednica ko\u0142a ok.: 17 cm, szeroko\u015b\u0107 ko\u0142a ok. 6 cm.Max obci\u0105\u017cenie pojazdu 23 kgWaga pojazdu6,6 kgPr\u0119dko\u015b\u0107 i jazda oko\u0142o 3 km\/hKomfort jazdy: sk\u0142adany daszek r\u0105czka do pchania, dwa rodzaje oparcia,pojazd 5 W1, mi\u0119kkie siedzenie, mi\u0119kkie ko\u0142aEfekty \u015bwietlneTak, \u015bwiat\u0142a przednieHamowanieHamowanie za pomoc\u0105 n\u00f3g lub po puszczeniu peda\u0142u gazu &#8211; za pomoc\u0105 silnikaEfekty d\u017awi\u0119kowe:Tak, g\u0142os pracy silnika, klakson, piosenki dyskotekowe bardzo melodyjne, regulacja g\u0142o\u015bno\u015bci, wej\u015bcie MP3 slot na kart\u0119 pami\u0119ciRodzaj nap\u0119du Silnik 6V, nap\u0119dzaj\u0105cy pojazd. Auto wyposa\u017cone w system rozpoznawania rodzaju nap\u0119du pchanie czy nap\u0119d za pomoc\u0105 silnika.Daszek TakCzas \u0142adowania:8 do 12 godzin, przed pierwszym u\u017cyciem nale\u017cy \u0142adowa\u0107 akumulator oko\u0142o 18 godzinDodatkowe funkcje: D\u017awi\u0119ki klaksonu, melodie , d\u017awi\u0119k uruchamiana silnika orazr\u0105czka do pchania, barierki zabezpieczaj\u0105ce, wymienne oparcie, sk\u0142adany i zdejmowany daszek, jest r\u00f3wnie\u017c pojazdem nap\u0119dzanym silnikiemGwarancja: pisemna 12 miesi\u0119cyWymiar opakowania71 cm x 43 cm x 28 cmWaga z opakowaniem. 7,6 kgWysy\u0142ka i monta\u017c:Pojazd do monta\u017cu wysy\u0142any w oryginalnym kartonie &#8211; czas monta\u017cu ok.: 15 minutTablice prz\u00f3d: 10 x 2,5 cmTy\u0142:10 x 2,5 cmW komplecie:Do ka\u017cdego pojazdu pisemna gwarancja na 12 miesi\u0119cy.Paragon fiskalny ( lub FV),Instrukcja obs\u0142ugi w j\u0119zyku polskim.Zapewniamy serwis gwarancyjny i pogwarancyjny pojazd\u00f3w.Wszystkie nasze zabawki posiadaj\u0105 certyfikat CE &#8211; czyli s\u0105 w pe\u0142ni bezpieczne.Dbamy o bezpiecze\u0144stwo dzieci.Wszystkie nasze pojazdy posiadaj\u0105 wszystkie wymagane atesty i certyfikaty.Ostrze\u017cenia:1. Monta\u017c musi by\u0107 wykonany przez osob\u0119 doros\u0142\u0105.2. Jazda zawsze musi odbywa\u0107 si\u0119 pod nadzorem osoby doros\u0142ej nie nale\u017cy je\u017adzi\u0107 po drogach publicznych ( w ruchu publicznym) w pobli\u017cu miejsc niebezpiecznych, mo\u017ce to skutkowa\u0107 wypadkiem.3. Nale\u017cy stosowa\u0107 wyposa\u017cenie ochronne typu kask, ochraniacze na kolana, ochraniacze na \u0142okcie.4. Przeznaczenie od: 1 do 3 lat.Wst\u0119p do pojazd\u00f3w na akumulatorCo kupi\u0107 na prezent ?Ka\u017cdy z nas boryka si\u0119 z my\u015blami, co kupi\u0107 dla dziecka jako:- prezent na roczek,- prezent dla 2 latka,- prezent dla 2 latki,- prezent dla 3 latka,- prezent dla 3 latki,- prezent dla 4 latki,- prezent dla 4 latka,- prezent na urodziny dalsze \u2026- prezent na chrzest,- prezent na dzie\u0144 dziecka,Jak wida\u0107 ,do kupowania prezentu jest wiele okazji i tyle samo z pomys\u0142em na prezent.Pomys\u0142 Na PrezentSamoch\u00f3d dla dzieci to \u015bwietny rodzaj prezentu, kt\u00f3ry sprawdzi si\u0119 u najm\u0142odszych z nas.Auta na akumulator przeznaczone s\u0105 przede wszystkim dla dzieci w wieku 3+, jednak Nasi Klienci kupuj\u0105 samochody dla dzieci ju\u017c jako prezent na chrzest czy prezent na roczek, dlaczego ?Bezpiecze\u0144stwoAuta na akumulator zosta\u0142y wyposa\u017cone w pasy bezpiecze\u0144stwa oraz pilota do zdalnej obs\u0142ugi (Nie wszystkie modele posiadaj\u0105 \u2013 prosz\u0119 doczyta\u0107 w opisie produktu), dzi\u0119ki temu Dziecko jest przypi\u0119te i nie wypadnie, a rodzi\u0107 za pomoc\u0105 pilota (Pilot ma pierwsze\u0144stwo) steruje pojazdem na akumulator.Rodzinny SpacerZabawki dla dziewczynki, czy zabawki dla ch\u0142opca nie musz\u0105 wi\u0105za\u0107 si\u0119 wy\u0142\u0105cznie z siedzeniem w domu. Samochody dla dzieci to idealna zabawka do ogrodu, czy wsp\u00f3lny spacer. Auta na akumulator posiadaj\u0105 wiele dodatkowych atrakcji, kt\u00f3re wywo\u0142aj\u0105 u\u015bmiech u dziecka:* Efekty \u015bwietlne* Efekty d\u017awi\u0119kowe* Mo\u017cliwo\u015b\u0107 pod\u0142\u0105czenia karty SD, pami\u0119ci USB, czy Jack \u2013 Jack lub bluetooth,* Efekt bujania* Nawiew powietrzaTo sprawia, \u017ce wsp\u00f3lna zabawa\/spacer na \u015bwie\u017cym powietrzu mo\u017ce by\u0107 jeszcze lepsza ni\u017c dotychczas.Zabawa r\u00f3wnie\u017c dla Rodzic\u00f3w\/Opiekun\u00f3wSamochody dla dzieci to nie tylko \u015bwietna zabawa dla samego dziecka, r\u00f3wnie\u017c dla jego opiekun\u00f3w. Jak wspomnieli\u015bmy wcze\u015bniej, pojazdy posiadaj\u0105 piloty do zdalnego sterowania, to teraz wyobra\u017amy sobie, \u017ce sterujemy autkiem na pilota w DU\u017bEJ WERSJI, jest to zabawa dla ka\u017cdego Rodzica, zar\u00f3wno Mamy i Taty, jak i dla Dziadk\u00f3w, Wujk\u00f3w czy Cio\u0107.Nasza ofertaW Naszej ofercie znajd\u0105 Pa\u0144stwo setki pojazd\u00f3w na akumulator dla dzieci:- samoch\u00f3d dla Dziewczynki,- samoch\u00f3d dla Ch\u0142opca,- samoch\u00f3d 2-osobowe,- motor na akumulator,- traktor na akumulator,Pojazdy dla dzieci to idealne zabawki dla dziewczynki i zabawki dla ch\u0142opca, na ka\u017cd\u0105 okazj\u0119.Jaki samoch\u00f3d dla dziecka kupi\u0107 &#8211; SPRAWD\u0179Pami\u0119taj, ka\u017cdy produkt ma inn\u0105 specyfikacj\u0119 i r\u00f3\u017cni si\u0119 od siebie funkcjami i zestawem akcesori\u00f3w.<\/p>\n<h2>Super-Toys Ford Ranger Je\u017cdzik Pchacz Karmide\u0142ko Pojazd Na Akumulator Ko\u0142a Eva Mi\u0119kkie Siedzenie Dkp01 Lean<\/h2>\n<p>jaki prezent na roczek dla dziewczynki, najtrudniejsze zagadki, zagadki logiczne \u015bmieszne, \u015bmigus dyngus wiersz dla dzieci, test miko\u0142ajek 25 pyta\u0144, quizy o minecraft, lol do druku, znaki drogowe quizy, cytaty dla dzieci, ciekawe zagadki i odpowiedzi, prezent dla 7 latka ch\u0142opca, akademia pana kleksa &#8211; test z odpowiedziami do druku<\/p>\n<p>yyyyy<\/p>\n<p>&nbsp;<\/p>\n","protected":false},"excerpt":{"rendered":"<p>FORD RANGERAbsolutna nowo\u015b\u0107 !!!!!!Rewelacyjna zabawka wielofunkcyjna.Pojazd jest:1. Pchaczem z r\u0105czk\u0105 i daszkiem2. Pchaczem z r\u0105czk\u0105 bez daszka3. Karmide\u0142kiem4. Odpychaczem5. Pojazdem na akumulatorNajnowsza wersja z mi\u0119kkim siedzeniem i mi\u0119kkimi ko\u0142ami EVANajnowsza wersja z mi\u0119kkim siedzeniem i mi\u0119kkimi ko\u0142ami EVA Pojazd na licencji FORDAPosiada w zestawie dwa rodzaje oparcia.Jest r\u00f3wnie\u017c pojazdem poruszanym za pomoc\u0105 silnika &#8211; czyli [&hellip;]<\/p>\n","protected":false},"featured_media":5856,"comment_status":"closed","ping_status":"open","template":"","meta":[],"product_cat":[74,1067],"product_tag":[780,798,629],"class_list":["post-5855","product","type-product","status-publish","has-post-thumbnail","hentry","product_cat-jezdziki","product_cat-lean","product_tag-krecik-bajka","product_tag-prezenty-dla-nastolatki","product_tag-smieszne-zagadki-z-odpowiedziami"],"_links":{"self":[{"href":"http:\/\/klubmamgdynia.pl\/index.php\/wp-json\/wp\/v2\/product\/5855","targetHints":{"allow":["GET"]}}],"collection":[{"href":"http:\/\/klubmamgdynia.pl\/index.php\/wp-json\/wp\/v2\/product"}],"about":[{"href":"http:\/\/klubmamgdynia.pl\/index.php\/wp-json\/wp\/v2\/types\/product"}],"replies":[{"embeddable":true,"href":"http:\/\/klubmamgdynia.pl\/index.php\/wp-json\/wp\/v2\/comments?post=5855"}],"wp:featuredmedia":[{"embeddable":true,"href":"http:\/\/klubmamgdynia.pl\/index.php\/wp-json\/wp\/v2\/media\/5856"}],"wp:attachment":[{"href":"http:\/\/klubmamgdynia.pl\/index.php\/wp-json\/wp\/v2\/media?parent=5855"}],"wp:term":[{"taxonomy":"product_cat","embeddable":true,"href":"http:\/\/klubmamgdynia.pl\/index.php\/wp-json\/wp\/v2\/product_cat?post=5855"},{"taxonomy":"product_tag","embeddable":true,"href":"http:\/\/klubmamgdynia.pl\/index.php\/wp-json\/wp\/v2\/product_tag?post=5855"}],"curies":[{"name":"wp","href":"https:\/\/api.w.org\/{rel}","templated":true}]}}