{"id":5857,"date":"2012-06-20T12:34:23","date_gmt":"2012-06-20T10:34:23","guid":{"rendered":"http:\/\/klubmamgdynia.pl\/index.php\/produkt\/lisciani-puzzle-24el-dwustronne-eko-nemo-puzzle\/"},"modified":"2026-05-01T08:48:53","modified_gmt":"2026-05-01T06:48:53","slug":"lisciani-puzzle-24el-dwustronne-eko-nemo-puzzle","status":"publish","type":"product","link":"http:\/\/klubmamgdynia.pl\/index.php\/produkt\/lisciani-puzzle-24el-dwustronne-eko-nemo-puzzle\/","title":{"rendered":"Lisciani Puzzle 24El. Dwustronne Eko Nemo [Puzzle]"},"content":{"rendered":"<p>Wyj\u0105tkowe puzzle dwustronne w wersji eko sk\u0142adaj\u0105ce si\u0119 z 24 element\u00f3w. Tym co je wyr\u00f3\u017cnia jest fakt, \u017ce wszystkie elementy s\u0105 zdatne do recyklingu. \u017baden z element\u00f3w nie zosta\u0142 poddany silnej obr\u00f3bce chemicznej, wobec czego widoczne \u017cywe kolory mog\u0105 z czasem nieco zbledn\u0105\u0107 &#8211; dzi\u0119ki temu elementy pozostaj\u0105 w zgodzie ze \u015brodowiskiem naturalnym i nie maj\u0105 na nie negatywnego wp\u0142ywu. Po u\u0142o\u017ceniu tworz\u0105 obrazek o wymiarach 70 x 50 cm. Dwustronne puzzle zapewniaj\u0105 dwa razy wi\u0119cej zabawy! Po u\u0142o\u017ceniu o&#8230;<\/p>\n<h2>Lisciani Puzzle 24El. Dwustronne Eko Nemo [Puzzle] Lisciani<\/h2>\n<p>psi patrol kolorowanka do druku, felix net i nika oraz gang niewidzialnych ludzi test z odpowiedziami, plecak torba i walizka, pomys\u0142y na prima aprilis w szkole, szybkie zagadki matematyczne, bajki na dobranoc dla dzieci, natan imi\u0119, gad\u017cety dla m\u0142odzie\u017cy 2020, zagadki logiczne \u015bmieszne, peppa kolorowanka, kostek imi\u0119, felix net i nika oraz gang niewidzialnych ludzi quiz, zagadki \u015bmieszne, quiz o zwierz\u0119tach domowych, pch\u0142y na noc, plac zabaw pozna\u0144, cytaty o przyja\u017ani<\/p>\n<p>yyyyy<\/p>\n<p>&nbsp;<\/p>\n","protected":false},"excerpt":{"rendered":"<p>Wyj\u0105tkowe puzzle dwustronne w wersji eko sk\u0142adaj\u0105ce si\u0119 z 24 element\u00f3w. Tym co je wyr\u00f3\u017cnia jest fakt, \u017ce wszystkie elementy s\u0105 zdatne do recyklingu. \u017baden z element\u00f3w nie zosta\u0142 poddany silnej obr\u00f3bce chemicznej, wobec czego widoczne \u017cywe kolory mog\u0105 z czasem nieco zbledn\u0105\u0107 &#8211; dzi\u0119ki temu elementy pozostaj\u0105 w zgodzie ze \u015brodowiskiem naturalnym i nie [&hellip;]<\/p>\n","protected":false},"featured_media":5858,"comment_status":"closed","ping_status":"open","template":"","meta":[],"product_cat":[362,90],"product_tag":[802,774,587,708,595,788,767],"class_list":["post-5857","product","type-product","status-publish","has-post-thumbnail","hentry","product_cat-lisciani","product_cat-puzzle","product_tag-co-kupic-dziewczynce-na-roczek","product_tag-prezent-na-roczek-nie-zabawka","product_tag-skalne-miasto","product_tag-zabawy-ruchowe-dla-dzieci","product_tag-zagadki-dla-6-latka","product_tag-zagadki-krotkie","product_tag-zaproszenia-urodzinowe-do-druku"],"_links":{"self":[{"href":"http:\/\/klubmamgdynia.pl\/index.php\/wp-json\/wp\/v2\/product\/5857","targetHints":{"allow":["GET"]}}],"collection":[{"href":"http:\/\/klubmamgdynia.pl\/index.php\/wp-json\/wp\/v2\/product"}],"about":[{"href":"http:\/\/klubmamgdynia.pl\/index.php\/wp-json\/wp\/v2\/types\/product"}],"replies":[{"embeddable":true,"href":"http:\/\/klubmamgdynia.pl\/index.php\/wp-json\/wp\/v2\/comments?post=5857"}],"wp:featuredmedia":[{"embeddable":true,"href":"http:\/\/klubmamgdynia.pl\/index.php\/wp-json\/wp\/v2\/media\/5858"}],"wp:attachment":[{"href":"http:\/\/klubmamgdynia.pl\/index.php\/wp-json\/wp\/v2\/media?parent=5857"}],"wp:term":[{"taxonomy":"product_cat","embeddable":true,"href":"http:\/\/klubmamgdynia.pl\/index.php\/wp-json\/wp\/v2\/product_cat?post=5857"},{"taxonomy":"product_tag","embeddable":true,"href":"http:\/\/klubmamgdynia.pl\/index.php\/wp-json\/wp\/v2\/product_tag?post=5857"}],"curies":[{"name":"wp","href":"https:\/\/api.w.org\/{rel}","templated":true}]}}