{"id":5859,"date":"2012-07-15T17:46:35","date_gmt":"2012-07-15T15:46:35","guid":{"rendered":"http:\/\/klubmamgdynia.pl\/index.php\/produkt\/bluebird-puzzle-puzzle-1500el-las-deszczowy\/"},"modified":"2026-04-14T15:23:25","modified_gmt":"2026-04-14T13:23:25","slug":"bluebird-puzzle-puzzle-1500el-las-deszczowy","status":"publish","type":"product","link":"http:\/\/klubmamgdynia.pl\/index.php\/produkt\/bluebird-puzzle-puzzle-1500el-las-deszczowy\/","title":{"rendered":"Bluebird Puzzle Puzzle 1500El. Las Deszczowy"},"content":{"rendered":"<p>Bluebird przedstawia puzzle sk\u0142adaj\u0105ce sie z 1500 element\u00f3w, po u\u0142ozeniu puzzli otrzymamy obraz o wymiarach 68 x 48 cm.EAN: 3663384704093<\/p>\n<h2>Bluebird Puzzle Puzzle 1500El. Las Deszczowy Bluebird<\/h2>\n<p>pranki na prima aprilis dla rodzic\u00f3w, spiderman kolorowanka, kolorowanka antystresowa, kolorowanki super zings, krzy\u017c\u00f3wki dla dzieci do druku, kolorowanka spiderman, nauka zegara zegar do druku, quiz kajko i kokosz szko\u0142a latania, ciekawe zagadki i odpowiedzi, fabian, dziewczynka z parku pytania i odpowiedzi, koty kolorowanki do druku, flagi europy quiz, pierwsze urodziny prezent na roczek dla dziewczynki<\/p>\n<p>yyyyy<\/p>\n<p>&nbsp;<\/p>\n","protected":false},"excerpt":{"rendered":"<p>Bluebird przedstawia puzzle sk\u0142adaj\u0105ce sie z 1500 element\u00f3w, po u\u0142ozeniu puzzli otrzymamy obraz o wymiarach 68 x 48 cm.EAN: 3663384704093 Bluebird Puzzle Puzzle 1500El. Las Deszczowy Bluebird pranki na prima aprilis dla rodzic\u00f3w, spiderman kolorowanka, kolorowanka antystresowa, kolorowanki super zings, krzy\u017c\u00f3wki dla dzieci do druku, kolorowanka spiderman, nauka zegara zegar do druku, quiz kajko i [&hellip;]<\/p>\n","protected":false},"featured_media":5860,"comment_status":"closed","ping_status":"open","template":"","meta":[],"product_cat":[1220,90],"product_tag":[582,640,786,764,738,746],"class_list":["post-5859","product","type-product","status-publish","has-post-thumbnail","hentry","product_cat-bluebird","product_cat-puzzle","product_tag-nauka-pisania-literek-do-wydruku-pdf","product_tag-prezent-dla-rocznej-dziewczynki","product_tag-prezent-na-1-urodziny","product_tag-prezenty-na-roczek-dla-dziewczynki","product_tag-wroclaw-dla-dzieci","product_tag-zagadki-typu-co-to-jest"],"_links":{"self":[{"href":"http:\/\/klubmamgdynia.pl\/index.php\/wp-json\/wp\/v2\/product\/5859","targetHints":{"allow":["GET"]}}],"collection":[{"href":"http:\/\/klubmamgdynia.pl\/index.php\/wp-json\/wp\/v2\/product"}],"about":[{"href":"http:\/\/klubmamgdynia.pl\/index.php\/wp-json\/wp\/v2\/types\/product"}],"replies":[{"embeddable":true,"href":"http:\/\/klubmamgdynia.pl\/index.php\/wp-json\/wp\/v2\/comments?post=5859"}],"wp:featuredmedia":[{"embeddable":true,"href":"http:\/\/klubmamgdynia.pl\/index.php\/wp-json\/wp\/v2\/media\/5860"}],"wp:attachment":[{"href":"http:\/\/klubmamgdynia.pl\/index.php\/wp-json\/wp\/v2\/media?parent=5859"}],"wp:term":[{"taxonomy":"product_cat","embeddable":true,"href":"http:\/\/klubmamgdynia.pl\/index.php\/wp-json\/wp\/v2\/product_cat?post=5859"},{"taxonomy":"product_tag","embeddable":true,"href":"http:\/\/klubmamgdynia.pl\/index.php\/wp-json\/wp\/v2\/product_tag?post=5859"}],"curies":[{"name":"wp","href":"https:\/\/api.w.org\/{rel}","templated":true}]}}