{"id":5861,"date":"2015-02-12T22:28:42","date_gmt":"2015-02-12T21:28:42","guid":{"rendered":"http:\/\/klubmamgdynia.pl\/index.php\/produkt\/fotelik-samochodowy-petitemars-elite-fix-misty-grey-15-36\/"},"modified":"2026-04-27T14:46:23","modified_gmt":"2026-04-27T12:46:23","slug":"fotelik-samochodowy-petitemars-elite-fix-misty-grey-15-36","status":"publish","type":"product","link":"http:\/\/klubmamgdynia.pl\/index.php\/produkt\/fotelik-samochodowy-petitemars-elite-fix-misty-grey-15-36\/","title":{"rendered":"Fotelik samochodowy Petite&amp;Mars Elite Fix Misty Grey 15-36"},"content":{"rendered":"<h2>Fotelik samochodowy Petite&amp;Mars Elite Fix Misty Grey 15-36 Petite&amp;Mars<\/h2>\n<p>alfons, andrzejki dekoracje do druku, trudne zagadki dla doros\u0142ych, przyja\u017a\u0144, zagadki dla 6 latka, iwo imie, zagadki dla dziewczyny, tr\u00f3jmiasto atrakcje dla dzieci, dinozaur bajka, ko\u0142ysanki teksty, aneta, milan imie, kontynenty dla dzieci do druku, prezent na roczek dla ch\u0142opca, calineczka test z odpowiedziami, prima aprilis w szkole, cytaty o wychowaniu dzieci, jak zapakowa\u0107 prezent dla dziecka, prezenty dla nastolatk\u00f3w, zagadki dla dzieci 7 lat o zwierz\u0119tach<\/p>\n<p>yyyyy<\/p>\n<p>&nbsp;<\/p>\n","protected":false},"excerpt":{"rendered":"<p>Fotelik samochodowy Petite&amp;Mars Elite Fix Misty Grey 15-36 Petite&amp;Mars alfons, andrzejki dekoracje do druku, trudne zagadki dla doros\u0142ych, przyja\u017a\u0144, zagadki dla 6 latka, iwo imie, zagadki dla dziewczyny, tr\u00f3jmiasto atrakcje dla dzieci, dinozaur bajka, ko\u0142ysanki teksty, aneta, milan imie, kontynenty dla dzieci do druku, prezent na roczek dla ch\u0142opca, calineczka test z odpowiedziami, prima aprilis [&hellip;]<\/p>\n","protected":false},"featured_media":5862,"comment_status":"closed","ping_status":"open","template":"","meta":[],"product_cat":[32,1111],"product_tag":[673,683,780,787,760],"class_list":["post-5861","product","type-product","status-publish","has-post-thumbnail","hentry","product_cat-foteliki-samochodowe","product_cat-petitemars","product_tag-juz-blisko-koleda-tekst","product_tag-karaluchy-pod-poduchy","product_tag-krecik-bajka","product_tag-nauka-pisania-wyrazow-dla-dzieci-do-druku-pdf","product_tag-zagadka-matematyczna"],"_links":{"self":[{"href":"http:\/\/klubmamgdynia.pl\/index.php\/wp-json\/wp\/v2\/product\/5861","targetHints":{"allow":["GET"]}}],"collection":[{"href":"http:\/\/klubmamgdynia.pl\/index.php\/wp-json\/wp\/v2\/product"}],"about":[{"href":"http:\/\/klubmamgdynia.pl\/index.php\/wp-json\/wp\/v2\/types\/product"}],"replies":[{"embeddable":true,"href":"http:\/\/klubmamgdynia.pl\/index.php\/wp-json\/wp\/v2\/comments?post=5861"}],"wp:featuredmedia":[{"embeddable":true,"href":"http:\/\/klubmamgdynia.pl\/index.php\/wp-json\/wp\/v2\/media\/5862"}],"wp:attachment":[{"href":"http:\/\/klubmamgdynia.pl\/index.php\/wp-json\/wp\/v2\/media?parent=5861"}],"wp:term":[{"taxonomy":"product_cat","embeddable":true,"href":"http:\/\/klubmamgdynia.pl\/index.php\/wp-json\/wp\/v2\/product_cat?post=5861"},{"taxonomy":"product_tag","embeddable":true,"href":"http:\/\/klubmamgdynia.pl\/index.php\/wp-json\/wp\/v2\/product_tag?post=5861"}],"curies":[{"name":"wp","href":"https:\/\/api.w.org\/{rel}","templated":true}]}}