{"id":5863,"date":"2022-09-26T01:38:16","date_gmt":"2022-09-25T23:38:16","guid":{"rendered":"http:\/\/klubmamgdynia.pl\/index.php\/produkt\/koh-i-noor-farby-olejne-manes-zestaw-10-kol\/"},"modified":"2026-04-06T11:22:30","modified_gmt":"2026-04-06T09:22:30","slug":"koh-i-noor-farby-olejne-manes-zestaw-10-kol","status":"publish","type":"product","link":"http:\/\/klubmamgdynia.pl\/index.php\/produkt\/koh-i-noor-farby-olejne-manes-zestaw-10-kol\/","title":{"rendered":"KOH-I-NOOR FARBY OLEJNE MANES zESTAW 10 KOL"},"content":{"rendered":"<p>artystyczne farby olejne Manes    charakteryzuj\u0105 sie wysok\u0105 intensywno\u015bci\u0105 barwy, dobr\u0105 odporno\u015bci\u0105 na    \u015bwiat\u0142o i trwa\u0142o\u015bci\u0105 kolor\u00f3w    wytwarzane na bazie tradycyjnego oleju, rozpuszczalne w oleju    terpentynowym    w zestawie 10 kolor\u00f3w: 161519 &#8211; \u017c\u00f3\u0142cie\u0144 cytrynowa, 161521 &#8211; ochra jasna,    161524 &#8211; cynober jasny, 161526 &#8211; alizaryna ciemna, 161511 &#8211; ultramayna    fioletowa, 161512 &#8211;\u00a0b\u0142\u0119kit kobaltowy jasny, 161516 &#8211; ziele\u0144 permanentna    ognista, 161508 &#8211; siena palona, 161507 &#8211; czer\u0144 kostna\u00a0po 16 ml, 161506 &#8211;    biel tytanowa, 40 ml oraz 165 522 &#8211; rozcie\u0144czalnik 50 g, 165 524 &#8211; olej    terpentynowy 50 g, p\u0119dzelki, o\u0142\u00f3wek.    opakowanie: estetyczne pude\u0142ko tekturowe    produkowane farby olejne Manes w estetycznej skrzynce drewnianej oraz 22    pojedy\u0144czych barw W ofercie dost\u0119pne: profesjonalne farby olejne Prague na bazie naturalnych sk\u0142adnik\u00f3w w 40    kolorach    rozcie\u0144czalnik do farb olejnych    preparat do szybkiego i powolnego zasychania farby    szpachelki do mieszania, nak\u0142adania, usuwania\u00a0farby    sztalugi i\u00a0p\u0142\u00f3tna malarskie<\/p>\n<h2>KOH-I-NOOR FARBY OLEJNE MANES zESTAW 10 KOL Koh-I-Noor<\/h2>\n<p>jeremi, zabawy dla 5 latka, dyplom dla przedszkolaka do wydruku, prezent na roczek dla chlopca, kwiatek kwiaty do druku szablony, szablon serce kolorowanka, zings kolorowanka, zagadki dla dzieci do druku, prezent dla nastolatk\u00f3w 2020<\/p>\n<p>yyyyy<\/p>\n<p>&nbsp;<\/p>\n","protected":false},"excerpt":{"rendered":"<p>artystyczne farby olejne Manes charakteryzuj\u0105 sie wysok\u0105 intensywno\u015bci\u0105 barwy, dobr\u0105 odporno\u015bci\u0105 na \u015bwiat\u0142o i trwa\u0142o\u015bci\u0105 kolor\u00f3w wytwarzane na bazie tradycyjnego oleju, rozpuszczalne w oleju terpentynowym w zestawie 10 kolor\u00f3w: 161519 &#8211; \u017c\u00f3\u0142cie\u0144 cytrynowa, 161521 &#8211; ochra jasna, 161524 &#8211; cynober jasny, 161526 &#8211; alizaryna ciemna, 161511 &#8211; ultramayna fioletowa, 161512 &#8211;\u00a0b\u0142\u0119kit kobaltowy jasny, 161516 &#8211; [&hellip;]<\/p>\n","protected":false},"featured_media":5864,"comment_status":"closed","ping_status":"open","template":"","meta":[],"product_cat":[1397,1393],"product_tag":[667,807,749,682,659],"class_list":["post-5863","product","type-product","status-publish","has-post-thumbnail","hentry","product_cat-farby-i-media-malarskie","product_cat-koh-i-noor","product_tag-kolorowanka-lol","product_tag-logiczne-zagadki","product_tag-najlepsze-zarty-na-prima-aprilis","product_tag-przyjazn-cytaty","product_tag-tupu-tup-po-sniegu-tekst"],"_links":{"self":[{"href":"http:\/\/klubmamgdynia.pl\/index.php\/wp-json\/wp\/v2\/product\/5863","targetHints":{"allow":["GET"]}}],"collection":[{"href":"http:\/\/klubmamgdynia.pl\/index.php\/wp-json\/wp\/v2\/product"}],"about":[{"href":"http:\/\/klubmamgdynia.pl\/index.php\/wp-json\/wp\/v2\/types\/product"}],"replies":[{"embeddable":true,"href":"http:\/\/klubmamgdynia.pl\/index.php\/wp-json\/wp\/v2\/comments?post=5863"}],"wp:featuredmedia":[{"embeddable":true,"href":"http:\/\/klubmamgdynia.pl\/index.php\/wp-json\/wp\/v2\/media\/5864"}],"wp:attachment":[{"href":"http:\/\/klubmamgdynia.pl\/index.php\/wp-json\/wp\/v2\/media?parent=5863"}],"wp:term":[{"taxonomy":"product_cat","embeddable":true,"href":"http:\/\/klubmamgdynia.pl\/index.php\/wp-json\/wp\/v2\/product_cat?post=5863"},{"taxonomy":"product_tag","embeddable":true,"href":"http:\/\/klubmamgdynia.pl\/index.php\/wp-json\/wp\/v2\/product_tag?post=5863"}],"curies":[{"name":"wp","href":"https:\/\/api.w.org\/{rel}","templated":true}]}}