{"id":5865,"date":"2013-07-27T05:12:06","date_gmt":"2013-07-27T03:12:06","guid":{"rendered":"http:\/\/klubmamgdynia.pl\/index.php\/produkt\/gra-planszowa-winning-moves-monopoly-ciechanow\/"},"modified":"2026-04-03T10:41:10","modified_gmt":"2026-04-03T08:41:10","slug":"gra-planszowa-winning-moves-monopoly-ciechanow","status":"publish","type":"product","link":"http:\/\/klubmamgdynia.pl\/index.php\/produkt\/gra-planszowa-winning-moves-monopoly-ciechanow\/","title":{"rendered":"Gra planszowa Winning Moves Monopoly Ciechan\u00f3w"},"content":{"rendered":"<p>Prezent dla fana plansz\u00f3wek z Ciechanowa, a mo\u017ce pami\u0105tka z podr\u00f3\u017cy?MONOPOLY Ciechan\u00f3w to gra planszowa szyta na miar\u0119! Inwestuj, podziwiaj\u0105c okoliczne zabytki na planszy. Pobieraj czynsze za swoje nieruchomo\u015bci i zbieraj fortun\u0119, by podbi\u0107 miasto Ksi\u0105\u017c\u0105t Mazowieckich. Pami\u0119taj, zwyci\u0119zca MONOPOLY Ciechan\u00f3w mo\u017ce by\u0107 tylko jeden!\u00a0                            <\/p>\n<p>Monopoly Ciechan\u00f3w<br \/>\n\u00a0Zdob\u0105d\u017a Ciechan\u00f3w tylko dla siebie! Wykup najdro\u017csze nieruchomo\u015bci w mie\u015bcie. Rozgo\u015b\u0107 si\u0119 w gabinetach neogotyckiego ratusza, a nast\u0119pnie pospaceruj po dziedzi\u0144cu \u015bredniowiecznego Zamku Ksi\u0105\u017c\u0105t Mazowieckich. Szcz\u0119\u015bliwy rzut kostk\u0105 mo\u017ce zapewni\u0107 Ci orze\u017awiaj\u0105c\u0105 wizyt\u0119 w k\u0105pielisku Krubin, gdzie pocz\u0119stujesz si\u0119 r\u00f3wnie\u017c serwowan\u0105 z saturatora Ciechanowsk\u0105 Kran\u00f3wk\u0105. Tam te\u017c wsi\u0105dziesz na rower miejski i udasz si\u0119 pod wie\u017c\u0119 ci\u015bnie\u0144, \u017ceby w Parku Nauki Torus sp\u0119dzi\u0107 popo\u0142udnie na dobrej zabawie z rodzin\u0105 i przyjaci\u00f3\u0142mi. Zapomnieli\u015bmy doda\u0107, \u017ce to wszystko bez wychodzenia z domu!\u00a0                            <\/p>\n<p>\u00a0Gracze wybieraj\u0105 pionki i pobieraj\u0105 banknoty o nomina\u0142ach 500, 100, 50, 20, 10, 5 i 1. Rozgrywk\u0119 rozpoczyna osoba, kt\u00f3ra wyrzuci najwi\u0119cej oczek na kostce. Zadaniem graczy jest zdobycie jak najwi\u0119kszej fortuny, wykupuj\u0105c pola na planszy. Uwa\u017cajcie! Za wej\u015bcie na czyje\u015b pole nale\u017cy s\u0142ono zap\u0142aci\u0107. Wygrywa gracz, kt\u00f3ry zdob\u0119dzie przewag\u0119 na planszy i doprowadzi pozosta\u0142ych uczestnik\u00f3w do bankructwa.\u00a0                            <\/p>\n<p>\u00a0Zawarto\u015b\u0107 pude\u0142ka:plansza do gry,8 pionk\u00f3w,28 kart Tytu\u0142 W\u0142asno\u015bci,16 kart Szansa,16 kart Kasa Spo\u0142eczna,dolary Monopoly,32 domy,12 hoteli,2 kostki,instrukcja.\u00a0Specyfikacja:liczba graczy: 2-8,<br \/>\nwiek: 8+,<br \/>\nczas gry: 1-3 h,<br \/>\nj\u0119zyk wydania: polski.\u00a0<\/p>\n<h2>Gra planszowa Winning Moves Monopoly Ciechan\u00f3w WINNING MOVES<\/h2>\n<p>kolysanki tekst, filmy wigilijne dla dzieci, w\u0142ochy, zagadki walentynkowe, rzadkie imiona japo\u0144skie, prezent dla 7 latka, opis do zdj\u0119cia z dzieckiem, opowie\u015b\u0107 wigilijna test z odpowiedziami, jagna, ilona, prezenty na urodziny dla nastolatk\u00f3w, kr\u00f3tkie cytaty o mamie, ciekawostki o je\u017cach<\/p>\n<p>yyyyy<\/p>\n<p>&nbsp;<\/p>\n","protected":false},"excerpt":{"rendered":"<p>Prezent dla fana plansz\u00f3wek z Ciechanowa, a mo\u017ce pami\u0105tka z podr\u00f3\u017cy?MONOPOLY Ciechan\u00f3w to gra planszowa szyta na miar\u0119! Inwestuj, podziwiaj\u0105c okoliczne zabytki na planszy. Pobieraj czynsze za swoje nieruchomo\u015bci i zbieraj fortun\u0119, by podbi\u0107 miasto Ksi\u0105\u017c\u0105t Mazowieckich. Pami\u0119taj, zwyci\u0119zca MONOPOLY Ciechan\u00f3w mo\u017ce by\u0107 tylko jeden!\u00a0 Monopoly Ciechan\u00f3w \u00a0Zdob\u0105d\u017a Ciechan\u00f3w tylko dla siebie! Wykup najdro\u017csze nieruchomo\u015bci [&hellip;]<\/p>\n","protected":false},"featured_media":5866,"comment_status":"closed","ping_status":"open","template":"","meta":[],"product_cat":[235,226],"product_tag":[730,795,690,718],"class_list":["post-5865","product","type-product","status-publish","has-post-thumbnail","hentry","product_cat-gry-planszowe","product_cat-winning-moves","product_tag-karyna","product_tag-mini-zoo-warszawa","product_tag-pieski-male-dwa-tekst","product_tag-prezent-na-roczek-dla-chrzesniaka"],"_links":{"self":[{"href":"http:\/\/klubmamgdynia.pl\/index.php\/wp-json\/wp\/v2\/product\/5865","targetHints":{"allow":["GET"]}}],"collection":[{"href":"http:\/\/klubmamgdynia.pl\/index.php\/wp-json\/wp\/v2\/product"}],"about":[{"href":"http:\/\/klubmamgdynia.pl\/index.php\/wp-json\/wp\/v2\/types\/product"}],"replies":[{"embeddable":true,"href":"http:\/\/klubmamgdynia.pl\/index.php\/wp-json\/wp\/v2\/comments?post=5865"}],"wp:featuredmedia":[{"embeddable":true,"href":"http:\/\/klubmamgdynia.pl\/index.php\/wp-json\/wp\/v2\/media\/5866"}],"wp:attachment":[{"href":"http:\/\/klubmamgdynia.pl\/index.php\/wp-json\/wp\/v2\/media?parent=5865"}],"wp:term":[{"taxonomy":"product_cat","embeddable":true,"href":"http:\/\/klubmamgdynia.pl\/index.php\/wp-json\/wp\/v2\/product_cat?post=5865"},{"taxonomy":"product_tag","embeddable":true,"href":"http:\/\/klubmamgdynia.pl\/index.php\/wp-json\/wp\/v2\/product_tag?post=5865"}],"curies":[{"name":"wp","href":"https:\/\/api.w.org\/{rel}","templated":true}]}}