{"id":5867,"date":"2016-06-11T04:07:24","date_gmt":"2016-06-11T02:07:24","guid":{"rendered":"http:\/\/klubmamgdynia.pl\/index.php\/produkt\/madej-toaletka-bizuteria-zaplatacz-do-wlosow-2w1-plecak-zabawka\/"},"modified":"2026-05-17T23:16:59","modified_gmt":"2026-05-17T21:16:59","slug":"madej-toaletka-bizuteria-zaplatacz-do-wlosow-2w1-plecak-zabawka","status":"publish","type":"product","link":"http:\/\/klubmamgdynia.pl\/index.php\/produkt\/madej-toaletka-bizuteria-zaplatacz-do-wlosow-2w1-plecak-zabawka\/","title":{"rendered":"Madej Toaletka Bi\u017cuteria Zaplatacz Do W\u0142os\u00f3w 2W1 Plecak &#8211; Zabawka"},"content":{"rendered":"<p>TOALETKA DLA DZIEWCZYNKI BI\u017bUTERIA ZAPLATACZ DO W\u0141OS\u00d3W 2W1 PLECAK R\u00d3\u017bOWYProducent:  Madej Symbol:  MAD-05588 Kod EAN:  5903631415838 Wiek : od 3 latP\u0142e\u0107: DziewczynkiCE: CE BE STAR BEAUTY ANGEL &#8211; PLECAK Z TOALETK\u0104 Z LUSTERKIEM I AKCESORIAMI  Maszynka do zaplatania 2w1  &#8211; Plecak z wygodnym uchwytem  &#8211; Oplotka do zaplatania koralik\u00f3w i dekoracji do w\u0142os\u00f3w  &#8211; R\u00f3\u017cnorodne, kolorowe koraliki i niteczki  &#8211; Wewn\u0105trz plecaka znajduje si\u0119 lusterko i rozk\u0142adany blat toaletki  &#8211; Wysoko\u015b\u0107 plecaka a\u017c 39.5cm  Magiczny plecak-toaletka dla ma\u0142ej ksi\u0119\u017cniczki!  Rewelacyjna propozycja dla wszystkich ma\u0142ych ksi\u0119\u017cniczek. Z t\u0105  pi\u0119kn\u0105 kolorystycznie toaletk\u0105  przeniesiesz si\u0119 wprost do ba\u015bniowego kr\u00f3lestwa i  poczujesz si\u0119 jak prawdziwa ksi\u0119\u017cniczka.  M\u0142oda dama znajdzie tu  wszystko,  aby przygotowa\u0107 si\u0119 na wielki bal lub wyj\u015bcie z przyjaci\u00f3\u0142mi.  Plecaczek ksi\u0119\u017cniczki posiada wszystkie niezb\u0119dne akcesoria. Gdy otworzysz toaletk\u0119 mo\u017cesz  roz\u0142o\u017cy\u0107 blat z licznymi wn\u0119kami na kosmetyki i bi\u017cuteri\u0119, kt\u00f3re u\u0142atwi\u0105 organizacj\u0119.  Dodatkowo do zestawu do\u0142\u0105czono:  maszynk\u0119 do zaplatania bi\u017cuterii lub dekoracji do w\u0142os\u00f3w, pier\u015bcienie, spinki do w\u0142os\u00f3w, kolorowe nici i koraliki.  Rewelacyjnym dodatkiem s\u0105 praktyczne pude\u0142eczka na koraliki dzi\u0119ki kt\u00f3rym bi\u017cuteria b\u0119dzie w jednym miejscu.  Zawarto\u015b\u0107 zestawu: Maszynka do zaplatania 2w14 pier\u015bcionki2 bransoletki2 spinki do w\u0142os\u00f3w6 pojemnik\u00f3w do przechowywaniaR\u00f3\u017cnorodne koraliki2 kolorowe nitkiInstrukcja Wymiary opakowania: szer. 38cm x wys. 39.5cm x g\u0142. 36cm  Produkt nowy, oryginalnie zapakowany. Idealny na prezent!<\/p>\n<h2>Madej Toaletka Bi\u017cuteria Zaplatacz Do W\u0142os\u00f3w 2W1 Plecak &#8211; Zabawka Madej<\/h2>\n<p>lato, koty kolorowanki, laurka dla mamy rysunek, bajka o dinozaurach do czytania, flagi pa\u0144stw quiz, zabawki na roczek dla ch\u0142opca, mariola, zagadki rymowane, marianna imi\u0119, stare bajki, imie iwo, m\u00f3j przyjaciel mi\u015b scenariusz zaj\u0119\u0107 w przedszkolu, kolorowanki antystresowe do druku, kolorowanka anio\u0142ek, \u015bmieszne \u0142ama\u0144ce j\u0119zykowe<\/p>\n<p>yyyyy<\/p>\n<p>&nbsp;<\/p>\n","protected":false},"excerpt":{"rendered":"<p>TOALETKA DLA DZIEWCZYNKI BI\u017bUTERIA ZAPLATACZ DO W\u0141OS\u00d3W 2W1 PLECAK R\u00d3\u017bOWYProducent: Madej Symbol: MAD-05588 Kod EAN: 5903631415838 Wiek : od 3 latP\u0142e\u0107: DziewczynkiCE: CE BE STAR BEAUTY ANGEL &#8211; PLECAK Z TOALETK\u0104 Z LUSTERKIEM I AKCESORIAMI Maszynka do zaplatania 2w1 &#8211; Plecak z wygodnym uchwytem &#8211; Oplotka do zaplatania koralik\u00f3w i dekoracji do w\u0142os\u00f3w &#8211; R\u00f3\u017cnorodne, [&hellip;]<\/p>\n","protected":false},"featured_media":5868,"comment_status":"closed","ping_status":"open","template":"","meta":[],"product_cat":[53,70],"product_tag":[836,730,856,643,592],"class_list":["post-5867","product","type-product","status-publish","has-post-thumbnail","hentry","product_cat-kaciki-zabaw","product_cat-madej","product_tag-co-kupic-dziecku-na-roczek","product_tag-karyna","product_tag-prezent-dla-16-latki","product_tag-prezent-dla-17-latki","product_tag-zagadki-dla-dzieci"],"_links":{"self":[{"href":"http:\/\/klubmamgdynia.pl\/index.php\/wp-json\/wp\/v2\/product\/5867","targetHints":{"allow":["GET"]}}],"collection":[{"href":"http:\/\/klubmamgdynia.pl\/index.php\/wp-json\/wp\/v2\/product"}],"about":[{"href":"http:\/\/klubmamgdynia.pl\/index.php\/wp-json\/wp\/v2\/types\/product"}],"replies":[{"embeddable":true,"href":"http:\/\/klubmamgdynia.pl\/index.php\/wp-json\/wp\/v2\/comments?post=5867"}],"wp:featuredmedia":[{"embeddable":true,"href":"http:\/\/klubmamgdynia.pl\/index.php\/wp-json\/wp\/v2\/media\/5868"}],"wp:attachment":[{"href":"http:\/\/klubmamgdynia.pl\/index.php\/wp-json\/wp\/v2\/media?parent=5867"}],"wp:term":[{"taxonomy":"product_cat","embeddable":true,"href":"http:\/\/klubmamgdynia.pl\/index.php\/wp-json\/wp\/v2\/product_cat?post=5867"},{"taxonomy":"product_tag","embeddable":true,"href":"http:\/\/klubmamgdynia.pl\/index.php\/wp-json\/wp\/v2\/product_tag?post=5867"}],"curies":[{"name":"wp","href":"https:\/\/api.w.org\/{rel}","templated":true}]}}