{"id":5869,"date":"2015-07-29T01:21:13","date_gmt":"2015-07-28T23:21:13","guid":{"rendered":"http:\/\/klubmamgdynia.pl\/index.php\/produkt\/fireto-zabawkowe-jedzenie-typu-fast-food-hamburger-frytki-zabawka\/"},"modified":"2026-04-30T17:20:54","modified_gmt":"2026-04-30T15:20:54","slug":"fireto-zabawkowe-jedzenie-typu-fast-food-hamburger-frytki-zabawka","status":"publish","type":"product","link":"http:\/\/klubmamgdynia.pl\/index.php\/produkt\/fireto-zabawkowe-jedzenie-typu-fast-food-hamburger-frytki-zabawka\/","title":{"rendered":"Fireto Zabawkowe Jedzenie Typu Fast Food Hamburger Frytki &#8211; Zabawka"},"content":{"rendered":"<p>Zabawkowe jedzenie typu FAST FOODSuper dodatek do dzieci\u0119cej kuchni.Zestaw na plastikowej tacy idealny do zabawy w restauracj\u0119 typu FAST FOODZestaw zawiera:tacka do podawania jedzeniahamburgerfrytkigofr w kszta\u0142cie serca 2 szt.nap\u00f3j ze s\u0142omk\u0105 2 szt.sos czekoladowyl\u00f3d ro\u017cek 2 szt.sztu\u0107ce 4 szt.Produkt doskonale nadaje si\u0119 na prezent dla dziecka.Bardzo porz\u0105dne wykonanie i \u0142adne opakowanie.Jako\u015b\u0107 i bezpiecze\u0144stwo:Wszystkie oferowane przez nas zabawki s\u0105 w pe\u0142ni bezpieczne dla Twojego dziecka. Posiadaj\u0105 certyfikat CE<\/p>\n<h2>Fireto Zabawkowe Jedzenie Typu Fast Food Hamburger Frytki &#8211; Zabawka <\/h2>\n<p>kryspinow, quiz o usa, tupcio chrupcio bajka do czytania, zadania dla dzieci z ukrainy, zagadki logiczne dla dzieci, adrian imie<\/p>\n<p>yyyyy<\/p>\n<p>&nbsp;<\/p>\n","protected":false},"excerpt":{"rendered":"<p>Zabawkowe jedzenie typu FAST FOODSuper dodatek do dzieci\u0119cej kuchni.Zestaw na plastikowej tacy idealny do zabawy w restauracj\u0119 typu FAST FOODZestaw zawiera:tacka do podawania jedzeniahamburgerfrytkigofr w kszta\u0142cie serca 2 szt.nap\u00f3j ze s\u0142omk\u0105 2 szt.sos czekoladowyl\u00f3d ro\u017cek 2 szt.sztu\u0107ce 4 szt.Produkt doskonale nadaje si\u0119 na prezent dla dziecka.Bardzo porz\u0105dne wykonanie i \u0142adne opakowanie.Jako\u015b\u0107 i bezpiecze\u0144stwo:Wszystkie oferowane przez [&hellip;]<\/p>\n","protected":false},"featured_media":5870,"comment_status":"closed","ping_status":"open","template":"","meta":[],"product_cat":[53],"product_tag":[853,711,756],"class_list":["post-5869","product","type-product","status-publish","has-post-thumbnail","hentry","product_cat-kaciki-zabaw","product_tag-kolorowanki-do-druku-dla-doroslych","product_tag-prezenty-dla-nastolatkow","product_tag-zaproszenie-na-urodziny-do-druku"],"_links":{"self":[{"href":"http:\/\/klubmamgdynia.pl\/index.php\/wp-json\/wp\/v2\/product\/5869","targetHints":{"allow":["GET"]}}],"collection":[{"href":"http:\/\/klubmamgdynia.pl\/index.php\/wp-json\/wp\/v2\/product"}],"about":[{"href":"http:\/\/klubmamgdynia.pl\/index.php\/wp-json\/wp\/v2\/types\/product"}],"replies":[{"embeddable":true,"href":"http:\/\/klubmamgdynia.pl\/index.php\/wp-json\/wp\/v2\/comments?post=5869"}],"wp:featuredmedia":[{"embeddable":true,"href":"http:\/\/klubmamgdynia.pl\/index.php\/wp-json\/wp\/v2\/media\/5870"}],"wp:attachment":[{"href":"http:\/\/klubmamgdynia.pl\/index.php\/wp-json\/wp\/v2\/media?parent=5869"}],"wp:term":[{"taxonomy":"product_cat","embeddable":true,"href":"http:\/\/klubmamgdynia.pl\/index.php\/wp-json\/wp\/v2\/product_cat?post=5869"},{"taxonomy":"product_tag","embeddable":true,"href":"http:\/\/klubmamgdynia.pl\/index.php\/wp-json\/wp\/v2\/product_tag?post=5869"}],"curies":[{"name":"wp","href":"https:\/\/api.w.org\/{rel}","templated":true}]}}