{"id":5871,"date":"2023-02-15T23:54:33","date_gmt":"2023-02-15T22:54:33","guid":{"rendered":"http:\/\/klubmamgdynia.pl\/?post_type=product&#038;p=5871"},"modified":"2026-04-25T15:05:50","modified_gmt":"2026-04-25T13:05:50","slug":"norimpex-magiczna-plastelina-jajko-skacze-sprytna-masa-129248","status":"publish","type":"product","link":"http:\/\/klubmamgdynia.pl\/index.php\/produkt\/norimpex-magiczna-plastelina-jajko-skacze-sprytna-masa-129248\/","title":{"rendered":"Norimpex Magiczna Plastelina Jajko Skacze Sprytna Masa (129248)"},"content":{"rendered":"<p>Masa Plastyczna w Jajku REWELACYJNA MASA PLASTYCZNADO ROZCI\u0104GANIA, FORMOWANIA, ODBIJANIA, UGNIATANIA, \u0141\u0104CZENIA MO\u017bNA \u0141\u0104CZY\u0106 KOLORY I POWSTAJ\u0104 NOWE!! ROZWIJA KREATYWNO\u015a\u0106 I JEDNOCZE\u015aNIE BAWI !Niesamowite jak co\u015b z pozoru tak prostego, potrafi tak \u015bwietnie rozwija\u0107 i bawi\u0107.Dzi\u0119ki magicznej masie plastycznej, kt\u00f3ra po rozgrzaniu formuje si\u0119 jak tylko chcesz!Zrobisz co tylko chcesz, a dzi\u0119ki mo\u017cliwo\u015bci \u0142\u0105czeniu mas, stworzysz NOWE KOLORY!!:)Rozrywamy!! Szybko poci\u0105gnij i rozerwij magiczn\u0105 plastelin\u0119!!Kreatywna zabawa Dzi\u0119ki w\u0142a\u015bciwo\u015bciom plastycznym uformujesz dowolny kszta\u0142t oraz postacie! Dopasowanka Zostaw j\u0105 na czym\u015b a przyjmie taki sam kszta\u0142t. Pi\u0142ka kauczuk &#8211; odbijanka Uformuj kulk\u0119 i baw si\u0119 jak pi\u0142eczk\u0105 kauczukow\u0105.Rozci\u0105gaj Najwi\u0119ksza frajda to chyba rozci\u0105ganie jak guma do \u017cucia. Ta z pozoru skromna zabawka pobudza wyobra\u017ani\u0119 dziecka, pomaga rozr\u00f3\u017cnia\u0107 kolory oraz rozwija zdolno\u015bcimanualne.<\/p>\n<h2>Norimpex Magiczna Plastelina Jajko Skacze Sprytna Masa (129248) Norimpex<\/h2>\n<p>kolorowanka uk\u0142ad s\u0142oneczny dla dzieci do druku, krzy\u017c\u00f3wki dla dzieci, laurka dla babci, prezent dla 14 letniej dziewczyny, bajki terapeutyczne o emocjach pdf, carmen imi\u0119, g\u0142upie zagadki, uk\u0142ad s\u0142oneczny dla dzieci do druku, quiz flagi \u015bwiata, samolot z papieru, adrian imie<\/p>\n<p>yyyyy<\/p>\n<p>&nbsp;<\/p>\n","protected":false},"excerpt":{"rendered":"<p>Masa Plastyczna w Jajku REWELACYJNA MASA PLASTYCZNADO ROZCI\u0104GANIA, FORMOWANIA, ODBIJANIA, UGNIATANIA, \u0141\u0104CZENIA MO\u017bNA \u0141\u0104CZY\u0106 KOLORY I POWSTAJ\u0104 NOWE!! ROZWIJA KREATYWNO\u015a\u0106 I JEDNOCZE\u015aNIE BAWI !Niesamowite jak co\u015b z pozoru tak prostego, potrafi tak \u015bwietnie rozwija\u0107 i bawi\u0107.Dzi\u0119ki magicznej masie plastycznej, kt\u00f3ra po rozgrzaniu formuje si\u0119 jak tylko chcesz!Zrobisz co tylko chcesz, a dzi\u0119ki mo\u017cliwo\u015bci \u0142\u0105czeniu mas, [&hellip;]<\/p>\n","protected":false},"featured_media":5872,"comment_status":"closed","ping_status":"open","template":"","meta":[],"product_cat":[554,21],"product_tag":[685,729,579,641,634],"class_list":["post-5871","product","type-product","status-publish","has-post-thumbnail","hentry","product_cat-norimpex","product_cat-zabawki-plastyczne","product_tag-cytaty-o-rodzinie","product_tag-madre-bajki-dla-dzieci-do-czytania","product_tag-quiz-opowiesci-z-narnii-lew-czarownica-i-stara-szafa","product_tag-trudne-zagadki-logiczne","product_tag-zagadki-wielkanocne-dla-dzieci"],"_links":{"self":[{"href":"http:\/\/klubmamgdynia.pl\/index.php\/wp-json\/wp\/v2\/product\/5871","targetHints":{"allow":["GET"]}}],"collection":[{"href":"http:\/\/klubmamgdynia.pl\/index.php\/wp-json\/wp\/v2\/product"}],"about":[{"href":"http:\/\/klubmamgdynia.pl\/index.php\/wp-json\/wp\/v2\/types\/product"}],"replies":[{"embeddable":true,"href":"http:\/\/klubmamgdynia.pl\/index.php\/wp-json\/wp\/v2\/comments?post=5871"}],"wp:featuredmedia":[{"embeddable":true,"href":"http:\/\/klubmamgdynia.pl\/index.php\/wp-json\/wp\/v2\/media\/5872"}],"wp:attachment":[{"href":"http:\/\/klubmamgdynia.pl\/index.php\/wp-json\/wp\/v2\/media?parent=5871"}],"wp:term":[{"taxonomy":"product_cat","embeddable":true,"href":"http:\/\/klubmamgdynia.pl\/index.php\/wp-json\/wp\/v2\/product_cat?post=5871"},{"taxonomy":"product_tag","embeddable":true,"href":"http:\/\/klubmamgdynia.pl\/index.php\/wp-json\/wp\/v2\/product_tag?post=5871"}],"curies":[{"name":"wp","href":"https:\/\/api.w.org\/{rel}","templated":true}]}}