{"id":5875,"date":"2018-12-01T20:26:47","date_gmt":"2018-12-01T19:26:47","guid":{"rendered":"http:\/\/klubmamgdynia.pl\/index.php\/produkt\/fotelik-samochodowy-avionaut-aerofix-2-0-0-18kg-baza-isofix-01-grey-melange\/"},"modified":"2026-04-06T01:28:08","modified_gmt":"2026-04-05T23:28:08","slug":"fotelik-samochodowy-avionaut-aerofix-2-0-0-18kg-baza-isofix-01-grey-melange","status":"publish","type":"product","link":"http:\/\/klubmamgdynia.pl\/index.php\/produkt\/fotelik-samochodowy-avionaut-aerofix-2-0-0-18kg-baza-isofix-01-grey-melange\/","title":{"rendered":"Fotelik samochodowy Avionaut Aerofix 2.0 0-18Kg + Baza Isofix 01 Grey Melange"},"content":{"rendered":"<p>Avionaut Aerofix RWF + baza ISOFIXFotelik Avionaut AeroFIX RWF to bezpieczne i nowoczesne rozwi\u0105zanie dla dzieci o wzro\u015bcie od 67 do 105 cm wzrostu i 17.5 kilograma, zgodnie z homologacj\u0105 i-size ECE R-129. Zastosowana w fotelikach dodatkowa pianka pozwoli na nowy wymiar wygody dziecka podczas podr\u00f3\u017cy, niezale\u017cnie od jej d\u0142ugo\u015bci.Do Avionaut AeroFIX RWF zosta\u0142 dodany specjalny odbojnik, kt\u00f3ry r\u00f3wnomiernie roz\u0142o\u017cy si\u0142\u0119 uderzenia podczas ewentualnej kolizji dla zmniejszenia obra\u017ce\u0144 dziecka. Dzi\u0119ki temu fotelik spe\u0142nia normy testu instytutu znajduj\u0105cego si\u0119 w Szwecji \u2013 VTI \u2013 Plus Test. Ergonomia fotelika w pe\u0142nej krasie wykorzystuje RWF (Rearward facing) \u2013 jest to optymalnie najbezpieczniejsza pozycja do przewo\u017cenia dziecka. Z AeroFIX RWF mo\u017cna wykorzysta\u0107 t\u0119 metod\u0119, dop\u00f3ki dziecko nie osi\u0105gnie 105 centymetr\u00f3w wzrostu.Firma Avionaut stawia przede wszystkim na bezpiecze\u0144stwo Ma\u0142ych Podr\u00f3\u017cnik\u00f3w, dlatego wysz\u0142a naprzeciw z rozwi\u0105zaniem innowacyjnej ochrony bocznej \u2013 wyj\u0105tkowa wysoka konstrukcja przys\u0142ania dziecko podczas zderzenia dziecko i poch\u0142ania energi\u0119 uderzenia. W\u00f3wczas si\u0142y rozchodz\u0105 si\u0119 po foteliku i r\u00f3wnomiernie minimalizuje dziecka podczas nieszcz\u0119\u015bliwego zderzenia bocznego.Avionaut AeroFIX RWF posiada tapicerk\u0119 wykonan\u0105 z najwy\u017cszej jako\u015bci materia\u0142\u00f3w. Tapicerka jest mi\u0119kka i zapewnia odpowiedni\u0105 cyrkulacj\u0119 powietrza podczas gor\u0105cych dni. Rodzice maj\u0105 stuprocentow\u0105 gwarancj\u0119 zredukowanej potliwo\u015bci Malucha \u2013 materia\u0142 nie b\u0119dzie go \u201egryz\u0142\u201d ani si\u0119 odciska\u0142, w przeciwie\u0144stwie do ta\u0144szych obi\u0107 tapicerki. Tkanina jest luksusowa i przyjazna sk\u00f3rze dziecka. Posiada certyfikat Oeko-Tex standard 100. Certyfikat ten \u015bwiadczy o tym, \u017ce do produkcji tkaniny nie zosta\u0142y wykorzystane \u017cadne substancje szkodliwe, zagra\u017caj\u0105ce zdrowiu i bezpiecze\u0144stwu dziecka \u2013 zmniejsza to ryzyko niespodziewanych reakcji alergicznych do zera. Fotelik te\u017c ro\u015bnie razem z dzieckiem. Posiada regulowany zag\u0142\u00f3wek i pochylenie fotelika. Dziecko przez ca\u0142y okres u\u017cytkowania mo\u017ce wygodnie uci\u0105\u0107 sobie drzemk\u0119 podczas d\u0142u\u017cszych wyjazd\u00f3w.Fotelik Avionaut AeroFIX RWF jest wyposa\u017cony w innowacyjne kana\u0142y wentylacyjne na zewn\u0119trznej skorupie, kt\u00f3re doskonale przepuszczaj\u0105 powietrze, zapewniaj\u0105 optymaln\u0105 cyrkulacj\u0119 powietrza podczas upa\u0142\u00f3w. System znacz\u0105co reguluje perspiracj\u0119 Ma\u0142ego Podr\u00f3\u017cnikaFotelik wykorzystuje baz\u0119 IQ ISOFIX. Dzi\u0119ki niej rodzice maj\u0105 pewno\u015b\u0107, \u017ce fotelik jest montowany w samochodzie zawsze w poprawny spos\u00f3b. System IQ ISOFIX wyr\u00f3\u017cnia te\u017c innowacyjny system przebiegu pasa i integracj\u0119 z systemem ISOFIX samochodu, przez co fotelik Avionaut AeroFIX RWF jest jeszcze bezpieczniejszy.Zewn\u0119trzna skorupa fotelika do z\u0142udzenia przypomina styropian, jednak jest to EPP \u2013 czyli pianka wykonana z polipropylenu; w\u0119glowodorowego polimeru termoplastycznego. EPP to pianka stosowana przede wszystkim w modelarstwie i w przeciwie\u0144stwie do styropianu, pianka nie jest a\u017c tak krucha i sztywna. Spieniony polipropylen gwarantuje bezpiecze\u0144stwo u\u017cytkowania, poniewa\u017c jest odporny na wiele czynnik\u00f3w fizycznych i mechanicznych, jest tez odporny na bakterie i grzyby. Wytrzymuje r\u00f3wnie\u017c temperatur\u0119 nawet do 150\u00b0C i nie jest \u0142amliwy. Ponadto, pianka EPP jest ekologiczna i w pe\u0142ni podlega recyklingowi.Fotelik Avionaut AeroFIX RWF przeszed\u0142 pozytywnie test instytutu IDIADA. Uzyska\u0142 homologacj\u0119, zaliczaj\u0105c j\u0105 na bardzo wysokim poziomie, przekraczaj\u0105c minimalne normy.<\/p>\n<h2>Fotelik samochodowy Avionaut Aerofix 2.0 0-18Kg + Baza Isofix 01 Grey Melange Avionaut<\/h2>\n<p>by\u0142a sobie \u017cabka ma\u0142a tekst, testy z lektury tajemniczy ogr\u00f3d, kamila, kolorowanki lego friends, zabawy ruchowe dla dzieci w wieku szkolnym, maski dla dzieci do druku, gaja imi\u0119, paloma, zagadki przyrodnicze, prosta zagadka, rysowanie po \u015bladzie, mapa polski do druku, cytaty dziecko, z\u0142ote my\u015bli kubu\u015b puchatek cytaty, ko\u0142ysanki tekst, prezent dla 15 latka, kubu\u015b puchatek cytaty, test z lektury miko\u0142ajek do druku, test z tajemniczego ogrodu<\/p>\n<p>yyyyy<\/p>\n<p>&nbsp;<\/p>\n","protected":false},"excerpt":{"rendered":"<p>Avionaut Aerofix RWF + baza ISOFIXFotelik Avionaut AeroFIX RWF to bezpieczne i nowoczesne rozwi\u0105zanie dla dzieci o wzro\u015bcie od 67 do 105 cm wzrostu i 17.5 kilograma, zgodnie z homologacj\u0105 i-size ECE R-129. Zastosowana w fotelikach dodatkowa pianka pozwoli na nowy wymiar wygody dziecka podczas podr\u00f3\u017cy, niezale\u017cnie od jej d\u0142ugo\u015bci.Do Avionaut AeroFIX RWF zosta\u0142 dodany [&hellip;]<\/p>\n","protected":false},"featured_media":5876,"comment_status":"closed","ping_status":"open","template":"","meta":[],"product_cat":[993,32],"product_tag":[821,862,602,835,606,736],"class_list":["post-5875","product","type-product","status-publish","has-post-thumbnail","hentry","product_cat-avionaut","product_cat-foteliki-samochodowe","product_tag-marianna","product_tag-nasza-zima-zla-tekst","product_tag-quiz-o-zwierzetach-domowych","product_tag-radosc-dziecka-cytaty","product_tag-stala-pod-sniegiem","product_tag-zabawki-na-roczek"],"_links":{"self":[{"href":"http:\/\/klubmamgdynia.pl\/index.php\/wp-json\/wp\/v2\/product\/5875","targetHints":{"allow":["GET"]}}],"collection":[{"href":"http:\/\/klubmamgdynia.pl\/index.php\/wp-json\/wp\/v2\/product"}],"about":[{"href":"http:\/\/klubmamgdynia.pl\/index.php\/wp-json\/wp\/v2\/types\/product"}],"replies":[{"embeddable":true,"href":"http:\/\/klubmamgdynia.pl\/index.php\/wp-json\/wp\/v2\/comments?post=5875"}],"wp:featuredmedia":[{"embeddable":true,"href":"http:\/\/klubmamgdynia.pl\/index.php\/wp-json\/wp\/v2\/media\/5876"}],"wp:attachment":[{"href":"http:\/\/klubmamgdynia.pl\/index.php\/wp-json\/wp\/v2\/media?parent=5875"}],"wp:term":[{"taxonomy":"product_cat","embeddable":true,"href":"http:\/\/klubmamgdynia.pl\/index.php\/wp-json\/wp\/v2\/product_cat?post=5875"},{"taxonomy":"product_tag","embeddable":true,"href":"http:\/\/klubmamgdynia.pl\/index.php\/wp-json\/wp\/v2\/product_tag?post=5875"}],"curies":[{"name":"wp","href":"https:\/\/api.w.org\/{rel}","templated":true}]}}