{"id":5877,"date":"2016-10-04T18:18:45","date_gmt":"2016-10-04T16:18:45","guid":{"rendered":"http:\/\/klubmamgdynia.pl\/index.php\/produkt\/pedzel-lineo-seria-152-nr-2\/"},"modified":"2026-05-17T22:04:44","modified_gmt":"2026-05-17T20:04:44","slug":"pedzel-lineo-seria-152-nr-2","status":"publish","type":"product","link":"http:\/\/klubmamgdynia.pl\/index.php\/produkt\/pedzel-lineo-seria-152-nr-2\/","title":{"rendered":"P\u0119dzel Lineo Seria 152 Nr 2"},"content":{"rendered":"<h2>P\u0119dzel Lineo Seria 152 Nr 2 <\/h2>\n<p>zagadki dla 6 latka, zagadki zimowe dla dzieci, karaluchy pod poduchy, znajd\u017a r\u00f3\u017cnice do druku, zagadki dla dzieci z odpowiedziami, quiz o \u015bwi\u0119tach bo\u017cego narodzenia, zagadki dla 7 latk\u00f3w, test z lektury opowie\u015bci z narnii lew czarownica i stara szafa z odpowiedziami, \u0142amig\u0142\u00f3wki logiczne dla dzieci, karty pracy dla dzieci z ukrainy klasa 3, kolorowanki pieski, tupu tup po \u015bniegu tekst, \u017carty prima aprilis, zima z\u0142a tekst, podchwytliwe zagadki matematyczne, najpi\u0119kniejsze cytaty o przyja\u017ani, halloween warszawa 2021 dzieci, karty pracy polsko ukrai\u0144skie, peppa do czytania<\/p>\n<p>yyyyy<\/p>\n<p>&nbsp;<\/p>\n","protected":false},"excerpt":{"rendered":"<p>P\u0119dzel Lineo Seria 152 Nr 2 zagadki dla 6 latka, zagadki zimowe dla dzieci, karaluchy pod poduchy, znajd\u017a r\u00f3\u017cnice do druku, zagadki dla dzieci z odpowiedziami, quiz o \u015bwi\u0119tach bo\u017cego narodzenia, zagadki dla 7 latk\u00f3w, test z lektury opowie\u015bci z narnii lew czarownica i stara szafa z odpowiedziami, \u0142amig\u0142\u00f3wki logiczne dla dzieci, karty pracy dla [&hellip;]<\/p>\n","protected":false},"featured_media":5878,"comment_status":"closed","ping_status":"open","template":"","meta":[],"product_cat":[297],"product_tag":[590,646,718,783,661],"class_list":["post-5877","product","type-product","status-publish","has-post-thumbnail","hentry","product_cat-szkolne-artykuly-plastyczne","product_tag-plac-zabaw-warszawa","product_tag-prezent-na-pierwsze-urodziny","product_tag-prezent-na-roczek-dla-chrzesniaka","product_tag-prezenty-na-roczek-dla-chlopca","product_tag-swinka-peppa-kolorowanka"],"_links":{"self":[{"href":"http:\/\/klubmamgdynia.pl\/index.php\/wp-json\/wp\/v2\/product\/5877","targetHints":{"allow":["GET"]}}],"collection":[{"href":"http:\/\/klubmamgdynia.pl\/index.php\/wp-json\/wp\/v2\/product"}],"about":[{"href":"http:\/\/klubmamgdynia.pl\/index.php\/wp-json\/wp\/v2\/types\/product"}],"replies":[{"embeddable":true,"href":"http:\/\/klubmamgdynia.pl\/index.php\/wp-json\/wp\/v2\/comments?post=5877"}],"wp:featuredmedia":[{"embeddable":true,"href":"http:\/\/klubmamgdynia.pl\/index.php\/wp-json\/wp\/v2\/media\/5878"}],"wp:attachment":[{"href":"http:\/\/klubmamgdynia.pl\/index.php\/wp-json\/wp\/v2\/media?parent=5877"}],"wp:term":[{"taxonomy":"product_cat","embeddable":true,"href":"http:\/\/klubmamgdynia.pl\/index.php\/wp-json\/wp\/v2\/product_cat?post=5877"},{"taxonomy":"product_tag","embeddable":true,"href":"http:\/\/klubmamgdynia.pl\/index.php\/wp-json\/wp\/v2\/product_tag?post=5877"}],"curies":[{"name":"wp","href":"https:\/\/api.w.org\/{rel}","templated":true}]}}