{"id":5887,"date":"2023-06-14T09:01:46","date_gmt":"2023-06-14T07:01:46","guid":{"rendered":"http:\/\/klubmamgdynia.pl\/?post_type=product&#038;p=5887"},"modified":"2026-05-02T12:46:57","modified_gmt":"2026-05-02T10:46:57","slug":"gra-planszowa-winning-moves-top-trumps-quiz-disney-classic-wersja-niemiecka","status":"publish","type":"product","link":"http:\/\/klubmamgdynia.pl\/index.php\/produkt\/gra-planszowa-winning-moves-top-trumps-quiz-disney-classic-wersja-niemiecka\/","title":{"rendered":"Gra planszowa Winning Moves Top Trumps Quiz Disney Classic (wersja niemiecka)"},"content":{"rendered":"<p>Probier\u2019s mal mit Gem\u00fctlichkeit \u2013 oder lieber nicht? TOP TRUMPS QUIZ DISNEY testet euer Wissen mit 500 Fragen rund um die sch\u00f6nsten Disneyfilme wie Die Sch\u00f6ne und das Biest, Alice im Wunderland, Die Eisk\u00f6nigin &amp; Co. und stellt euch auf die Probe mit einer unerwarteten Wendung. Wird euch euer Ged\u00e4chtnis zum Sieg f\u00fchren oder doch in die Irre? Ein toller Ratespa\u00df mit liebevoll gestalteten Fragekarten zu absoluten Disney-Klassikern wie Schneewittchen und die sieben Zwerge und neueren Filmerfolgen wie Findet Nemo f\u00fcr Gro\u00df und Klein \u2013 auch f\u00fcr unterwegs. Insiderwissen kommt nicht zu kurz. F\u00fcr 2 Spieler oder Teams ab 8 Jahren.<\/p>\n<h2>Gra planszowa Winning Moves Top Trumps Quiz Disney Classic (wersja niemiecka) WINNING MOVES<\/h2>\n<p>prezent dla 1 latka, tabliczka mno\u017cenia kolorowanki do wydruku, konie quiz, quiz o wio\u015bnie, asiunia test, \u017cyczenia na lany poniedzia\u0142ek wielkanocny, cukierku ty \u0142obuzie test, o\u015brodki wczasowe nad morzem dla rodzin z dzie\u0107mi, rzadkie imiona \u017ce\u0144skie polskie, kolorowanka potwory, dzieci pl, dinozaury kolorowanki, zagadki logiczne na inteligencj\u0119<\/p>\n<p>yyyyy<\/p>\n<p>&nbsp;<\/p>\n","protected":false},"excerpt":{"rendered":"<p>Probier\u2019s mal mit Gem\u00fctlichkeit \u2013 oder lieber nicht? TOP TRUMPS QUIZ DISNEY testet euer Wissen mit 500 Fragen rund um die sch\u00f6nsten Disneyfilme wie Die Sch\u00f6ne und das Biest, Alice im Wunderland, Die Eisk\u00f6nigin &amp; Co. und stellt euch auf die Probe mit einer unerwarteten Wendung. Wird euch euer Ged\u00e4chtnis zum Sieg f\u00fchren oder doch [&hellip;]<\/p>\n","protected":false},"featured_media":5888,"comment_status":"closed","ping_status":"open","template":"","meta":[],"product_cat":[235,226],"product_tag":[833,789,745,868,604],"class_list":["post-5887","product","type-product","status-publish","has-post-thumbnail","hentry","product_cat-gry-planszowe","product_cat-winning-moves","product_tag-bajki-dla-dzieci-do-czytania","product_tag-kaczuszka","product_tag-prezent-dla-15-latki","product_tag-quizy-dla-dzieci","product_tag-zagadki-trudne"],"_links":{"self":[{"href":"http:\/\/klubmamgdynia.pl\/index.php\/wp-json\/wp\/v2\/product\/5887","targetHints":{"allow":["GET"]}}],"collection":[{"href":"http:\/\/klubmamgdynia.pl\/index.php\/wp-json\/wp\/v2\/product"}],"about":[{"href":"http:\/\/klubmamgdynia.pl\/index.php\/wp-json\/wp\/v2\/types\/product"}],"replies":[{"embeddable":true,"href":"http:\/\/klubmamgdynia.pl\/index.php\/wp-json\/wp\/v2\/comments?post=5887"}],"wp:featuredmedia":[{"embeddable":true,"href":"http:\/\/klubmamgdynia.pl\/index.php\/wp-json\/wp\/v2\/media\/5888"}],"wp:attachment":[{"href":"http:\/\/klubmamgdynia.pl\/index.php\/wp-json\/wp\/v2\/media?parent=5887"}],"wp:term":[{"taxonomy":"product_cat","embeddable":true,"href":"http:\/\/klubmamgdynia.pl\/index.php\/wp-json\/wp\/v2\/product_cat?post=5887"},{"taxonomy":"product_tag","embeddable":true,"href":"http:\/\/klubmamgdynia.pl\/index.php\/wp-json\/wp\/v2\/product_tag?post=5887"}],"curies":[{"name":"wp","href":"https:\/\/api.w.org\/{rel}","templated":true}]}}