{"id":5889,"date":"2016-01-17T17:08:34","date_gmt":"2016-01-17T16:08:34","guid":{"rendered":"http:\/\/klubmamgdynia.pl\/index.php\/produkt\/cybex-melio-navy-blue-spacerowy\/"},"modified":"2026-04-30T23:21:19","modified_gmt":"2026-04-30T21:21:19","slug":"cybex-melio-navy-blue-spacerowy","status":"publish","type":"product","link":"http:\/\/klubmamgdynia.pl\/index.php\/produkt\/cybex-melio-navy-blue-spacerowy\/","title":{"rendered":"Cybex Melio Navy Blue Spacerowy"},"content":{"rendered":"<p>Z Cybex Melio mo\u017cesz<br \/>\nprzemierza\u0107 \u015bwiat bez ogranicze\u0144 &#8211; ten ultralekki i por\u0119czny w\u00f3zek pozwoli Ci<br \/>\ndotrze\u0107 do ka\u017cdego celu podr\u00f3\u017cy. Wielkie miasta i t\u0119tni\u0105ce \u017cyciem ulice to<br \/>\n\u015brodowisko naturalne w\u00f3zka, kt\u00f3ry dzi\u0119ki swej zwrotno\u015bci sprawnie manewruje<br \/>\nw\u015br\u00f3d t\u0142umu przechodni\u00f3w, stawiaj\u0105c Ci\u0119 w roli przewodnika a Twoje dziecko &#8211;<br \/>\nturysty, kt\u00f3rego komfort nale\u017cy traktowa\u0107 z najwi\u0119kszym szacunkiem.<\/p>\n<p>\u00a0<\/p>\n<p>Melio zosta\u0142 stworzony po to,<br \/>\naby umili\u0107 Wam ka\u017cd\u0105 wsp\u00f3ln\u0105 chwil\u0119 &#8211; jest nie tylko kompaktowy, ale tak\u017ce<br \/>\nfunkcjonalny &#8211; na jego ramie mo\u017cemy zamocowa\u0107 dedykowan\u0105 gondol\u0119 Cybex Melio,<br \/>\nfotelik samochodowy lub Cocoon S &#8211; mo\u017cliwo\u015b\u0107 stworzenia systemu podr\u00f3\u017cnego<br \/>\nczyni go w\u00f3zkiem uniwersalnym, kt\u00f3ry z \u0142atwo\u015bci\u0105 podporz\u0105dkuje si\u0119 potrzebom<br \/>\nTwojej rodziny.                            <\/p>\n<p>Oferowany model sk\u0142ada si\u0119 za<br \/>\npomoc\u0105 jednej r\u0119ki, a po z\u0142o\u017ceniu nie zajmuje wiele miejsca &#8211; niska waga i<br \/>\nergonomiczna konstrukcja w\u00f3zka Cybex Melio sprawiaj\u0105, \u017ce ten doskonale poradzi<br \/>\nsobie podczas transportowania oraz nie b\u0119dzie stawia\u0107 oporu w trakcie<br \/>\nprzenoszenia, co z pewno\u015bci\u0105 doceni\u0105 mobilni rodzice.<\/p>\n<p>\u00a0<\/p>\n<p>Cechy charakterystyczne<\/p>\n<p>\u00a0<\/p>\n<p>Odkrywca miast<\/p>\n<p>Melio nale\u017cy do w\u00f3zk\u00f3w, kt\u00f3re<br \/>\nze szczeg\u00f3lnym powodzeniem odnajduj\u0105 si\u0119 w miejskich warunkach &#8211; jego zwrotna<br \/>\nkonstrukcja oraz system k\u00f3\u0142 pozwala na p\u0142ynn\u0105 jazd\u0119 i manewrowanie w terenach o<br \/>\nograniczonej przestrzeni, na przyk\u0142ad w ciasnych, zat\u0142oczonych uliczkach. Z<br \/>\nCybex Melio zdob\u0119dziesz ka\u017cde miasto, a Tw\u00f3j maluch mo\u017ce delektowa\u0107 si\u0119<br \/>\nkomfortem podr\u00f3\u017cy w maksymalnie dostosowanym do jego potrzeb w\u00f3zku.<\/p>\n<p>Budka Supreme XXL<\/p>\n<p>Budka przeciws\u0142oneczna w\u00f3zka<br \/>\njest wykonana z u\u017cyciem tapicerek o w\u0142a\u015bciwo\u015bciach ochronnych UPF50+. Co<br \/>\nwi\u0119cej, po jej ca\u0142kowitym roz\u0142o\u017ceniu dziecko jest os\u0142oni\u0119te przed s\u0142o\u0144cem, a<br \/>\nwysoki poziom zacienienia przyniesie ulg\u0119 i komfort podczas podr\u00f3\u017cy w gor\u0105ce i<br \/>\ns\u0142oneczne dni.                            <\/p>\n<p>Pe\u0142na wentylacja<\/p>\n<p>Cybex Melio nale\u017cy do<br \/>\nnielicznego grona w\u00f3zk\u00f3w, oferuj\u0105cych pe\u0142n\u0105 wentylacj\u0119 &#8211; s\u0142o\u0144ce i upa\u0142 potrafi\u0105<br \/>\nda\u0107 si\u0119 we znaki nawet najtwardszym zawodnikom, dlatego warto za wczasu zadba\u0107<br \/>\no ich dobre samopoczucie. Budka przeciws\u0142oneczna w\u00f3zka posiada obszerny panel<br \/>\nwentylacyjny, stworzony z siateczkowego materia\u0142u. Struktura materia\u0142u<br \/>\nprzyczynia si\u0119 do prawid\u0142owej cyrkulacji powietrza, jednak cz\u0119sto panel<br \/>\nwentylacyjny w budce okazuje si\u0119 by\u0107 niewystarczaj\u0105cym, dlatego tym samym<br \/>\nmateria\u0142em pokryto ca\u0142\u0105 powierzchni\u0119 oparcia &#8211; dzi\u0119ki temu maluch mo\u017ce cieszy\u0107<br \/>\nsi\u0119 zbawiennym przewiewem.<\/p>\n<p>Dostosuj do swojego wzrostu<\/p>\n<p>Ka\u017cdy z nas ma swoje nawyki &#8211;<br \/>\ns\u0105 tak silnie zakorzenione w naszym m\u00f3zgu, \u017ce wykonujemy je bez zastanowienia,<br \/>\nzupe\u0142nie automatycznie. Dlatego ka\u017cdy z rodzic\u00f3w obs\u0142uguj\u0105cych w\u00f3zek mo\u017ce<br \/>\nkorzyta\u0107 z tej samej funkcji na r\u00f3\u017cne sposoby &#8211; dobrze jest wi\u0119c m\u00f3c<br \/>\npodporz\u0105dkowa\u0107 w\u00f3zek pod swoje nawyki, aby jego funkcje by\u0142y indywidualnie<br \/>\ndopasowane do naszych potrzeb. Cybex Melio posiada regulowan\u0105 r\u0105czk\u0119 &#8211; dzi\u0119ki<br \/>\ntemu ka\u017cdy mo\u017ce j\u0105 ustawi\u0107 w wygodnym dla siebie po\u0142o\u017ceniu.                            <\/p>\n<p>Komfortowe siedzisko<\/p>\n<p>Siedzisko spacerowe w\u00f3zka<br \/>\nCybex Melio zosta\u0142o wyposa\u017cone w komfortow\u0105, specjalnie wyprofilowan\u0105 wk\u0142adk\u0119 &#8211;<br \/>\ndzi\u0119ki niej mamy mo\u017cliwo\u015b\u0107 zakrycia wentylowanego oparcia, a ka\u017cdy spacer<br \/>\nb\u0119dzie istn\u0105 sielank\u0105 dla Twojego bobasa.<\/p>\n<p>Bezpiecze\u0144stwo brzd\u0105ca<\/p>\n<p>5-punktowa uprz\u0105\u017c i pa\u0142\u0105k<br \/>\nsprawi\u0105, \u017ce ka\u017cdy spacer odb\u0119dzie si\u0119 nie tylko z zachowaniem komfortu, ale<br \/>\ntak\u017ce bezpiecze\u0144stwa. Dodatkowo, pasy posiadaj\u0105 mi\u0119kkie nak\u0142adki, dzi\u0119ki kt\u00f3rym<br \/>\nka\u017cdy maluch pokocha podr\u00f3\u017cowanie &#8211; nawet b\u0119d\u0105c zapi\u0119tym.<\/p>\n<p>Pozycja le\u017c\u0105ca<\/p>\n<p>Cybex Melio rozk\u0142ada si\u0119 do<br \/>\np\u0142askiej pozycji le\u017c\u0105cej, a regulowany podn\u00f3\u017cek zwi\u0119ksza powierzchni\u0119, kt\u00f3r\u0105<br \/>\nmaluch mo\u017ce dysponowa\u0107 w trakcie snu, tym samym zwi\u0119kszaj\u0105c jego komfort i<br \/>\nswobod\u0119.<\/p>\n<p>Obracane siedzisko<\/p>\n<p>Obracane siedzisko spacer\u00f3wki<br \/>\numo\u017cliwia dziecku podr\u00f3\u017cowanie b\u0119d\u0105c skierowanym przodem do rodzica lub \u015bwiata<br \/>\n&#8211; ta funkcja jest szczeg\u00f3lnie przydatna w pocz\u0105tkowej fazie u\u017cytkowania z w\u00f3zka<br \/>\nspacerowego, gdy po przej\u015bciu z gondoli dziecko jest przyzwyczajone do kontaktu<br \/>\nwzrokowego z rodzicem i nie wyobra\u017ca sobie jego braku.                            <\/p>\n<p>Bezobs\u0142ugowe ko\u0142a<\/p>\n<p>Cybex Melio posiada<br \/>\namortyzowane ko\u0142a, dzi\u0119ki kt\u00f3rym nie musisz si\u0119 ogranicza\u0107 w zaspokajaniu<br \/>\nciekawo\u015bci \u015bwiata Twojego malucha &#8211; z Cybex Melio dotrzesz wsz\u0119dzie tam, gdzie<br \/>\nchcesz!<\/p>\n<p>System podr\u00f3\u017cny<\/p>\n<p>Oferowany w\u00f3zek jest<br \/>\nkompatybilny z gondol\u0105 Cybex Melio, fotelikami samochodowymi lub komfortow\u0105<br \/>\ngondolk\u0105 Cocoon S, czyni\u0105c go uniwersalnym rozwi\u0105zaniem, b\u0119d\u0105cym w stanie<br \/>\ndopasowa\u0107 si\u0119 do stylu \u017cycia Twojej rodziny.<\/p>\n<p>Sk\u0142adanie<\/p>\n<p>W\u00f3zek sk\u0142ada si\u0119 z u\u017cyciem<br \/>\njednej r\u0119ki &#8211; po z\u0142o\u017ceniu jest wolnostoj\u0105cym w\u00f3zkiem o niewielkich rozmiarach,<br \/>\nco znacznie u\u0142atwia transport i przechowywanie. \u0141atwo\u015b\u0107, z jak\u0105 mo\u017cemy sk\u0142ada\u0107<br \/>\ni rozk\u0142ada\u0107 w\u00f3zek czyni go idealn\u0105 propozycj\u0105 do podr\u00f3\u017cy. W\u00f3zek sk\u0142ada si\u0119 z<br \/>\nsiedziskiem spacerowym.                            <\/p>\n<p>Specyfikacja<\/p>\n<p>\u00a0<\/p>\n<p>Waga<\/p>\n<p>\u00a0<\/p>\n<p>6,2 kg<\/p>\n<p>\u00a0<\/p>\n<p>Wymiary<\/p>\n<p>\u00a0<\/p>\n<p>91 x 49 x 107 cm<\/p>\n<p>\u00a0<\/p>\n<p>Wymiary po z\u0142o\u017ceniu<\/p>\n<p>\u00a0<\/p>\n<p>69 x 49 x 29 cm<\/p>\n<h2>Cybex Melio Navy Blue Spacerowy Cybex<\/h2>\n<p>gry i zabawy ruchowe, zagadki rymowane, test z dzieci z bullerbyn, pikachu kolorowanka, wr\u00f3\u017cby andrzejkowe dla dzieci zawody, w\u0119gierska g\u00f3rka, kr\u00f3tkie zagadki logiczne, m.i.a., zagadki o dinozaurach, \u015bmieszne zagadki dla dzieci, sara, bajka krecik, darmowy szablon list do miko\u0142aja, prezenty na roczek, zagadki na inteligencj\u0119, pomys\u0142 na prezent dla nastolatki<\/p>\n<p>yyyyy<\/p>\n<p>&nbsp;<\/p>\n","protected":false},"excerpt":{"rendered":"<p>Z Cybex Melio mo\u017cesz przemierza\u0107 \u015bwiat bez ogranicze\u0144 &#8211; ten ultralekki i por\u0119czny w\u00f3zek pozwoli Ci dotrze\u0107 do ka\u017cdego celu podr\u00f3\u017cy. Wielkie miasta i t\u0119tni\u0105ce \u017cyciem ulice to \u015brodowisko naturalne w\u00f3zka, kt\u00f3ry dzi\u0119ki swej zwrotno\u015bci sprawnie manewruje w\u015br\u00f3d t\u0142umu przechodni\u00f3w, stawiaj\u0105c Ci\u0119 w roli przewodnika a Twoje dziecko &#8211; turysty, kt\u00f3rego komfort nale\u017cy traktowa\u0107 z [&hellip;]<\/p>\n","protected":false},"featured_media":5890,"comment_status":"closed","ping_status":"open","template":"","meta":[],"product_cat":[34,71],"product_tag":[825,766,735,679,634],"class_list":["post-5889","product","type-product","status-publish","has-post-thumbnail","hentry","product_cat-cybex","product_cat-wozki-spacerowe","product_tag-bajka-na-dobranoc-do-czytania","product_tag-kira","product_tag-prezent-na-roczek-dziewczynka","product_tag-zabawki-na-roczek-dla-dziewczynki","product_tag-zagadki-wielkanocne-dla-dzieci"],"_links":{"self":[{"href":"http:\/\/klubmamgdynia.pl\/index.php\/wp-json\/wp\/v2\/product\/5889","targetHints":{"allow":["GET"]}}],"collection":[{"href":"http:\/\/klubmamgdynia.pl\/index.php\/wp-json\/wp\/v2\/product"}],"about":[{"href":"http:\/\/klubmamgdynia.pl\/index.php\/wp-json\/wp\/v2\/types\/product"}],"replies":[{"embeddable":true,"href":"http:\/\/klubmamgdynia.pl\/index.php\/wp-json\/wp\/v2\/comments?post=5889"}],"wp:featuredmedia":[{"embeddable":true,"href":"http:\/\/klubmamgdynia.pl\/index.php\/wp-json\/wp\/v2\/media\/5890"}],"wp:attachment":[{"href":"http:\/\/klubmamgdynia.pl\/index.php\/wp-json\/wp\/v2\/media?parent=5889"}],"wp:term":[{"taxonomy":"product_cat","embeddable":true,"href":"http:\/\/klubmamgdynia.pl\/index.php\/wp-json\/wp\/v2\/product_cat?post=5889"},{"taxonomy":"product_tag","embeddable":true,"href":"http:\/\/klubmamgdynia.pl\/index.php\/wp-json\/wp\/v2\/product_tag?post=5889"}],"curies":[{"name":"wp","href":"https:\/\/api.w.org\/{rel}","templated":true}]}}