{"id":589,"date":"2019-07-16T16:36:44","date_gmt":"2019-07-16T14:36:44","guid":{"rendered":"http:\/\/klubmamgdynia.pl\/index.php\/produkt\/goki-ksylofon-drewniany-5-tonowy-61968\/"},"modified":"2026-04-26T14:05:12","modified_gmt":"2026-04-26T12:05:12","slug":"goki-ksylofon-drewniany-5-tonowy-61968","status":"publish","type":"product","link":"http:\/\/klubmamgdynia.pl\/index.php\/produkt\/goki-ksylofon-drewniany-5-tonowy-61968\/","title":{"rendered":"Goki Ksylofon Drewniany 5-Tonowy 61968"},"content":{"rendered":"<p>Ksylofon drewniany, 5-tonowy 61968 Goki Drewniany, kolorowy pi\u0119ciotonowy ksylofon z drewnian\u0105 pa\u0142eczk\u0105 do grania. Instrument wydaje \u0142agodne, mi\u0142e dla ucha d\u017awi\u0119ki. Wymiary: 22 x 14,4 x 5,6 cm Wiek: 12m+<\/p>\n<h2>Goki Ksylofon Drewniany 5-Tonowy 61968 Goki<\/h2>\n<p>basen dla dzieci warszawa, aurora imi\u0119, rzadkie imiona \u017ce\u0144skie, filmy wigilijne dla dzieci, opowiadanie o jesieni dla dzieci, mapa europy do druku, pytania zagadki, kolorowanki do druku dla dziewczyn, sk\u0142adniki do pizzy kolorowanka, test dynastia mizio\u0142k\u00f3w, zygzak mcqueen kolorowanka, \u0142amig\u0142\u00f3wki matematyczne, opisy do zdj dziecka, \u015bmigus dyngus lany poniedzia\u0142ek zyczenia, wroc\u0142aw i okolice atrakcje, zagadka matematyczna<\/p>\n<p>yyyyy<\/p>\n<p>&nbsp;<\/p>\n","protected":false},"excerpt":{"rendered":"<p>Ksylofon drewniany, 5-tonowy 61968 Goki Drewniany, kolorowy pi\u0119ciotonowy ksylofon z drewnian\u0105 pa\u0142eczk\u0105 do grania. Instrument wydaje \u0142agodne, mi\u0142e dla ucha d\u017awi\u0119ki. Wymiary: 22 x 14,4 x 5,6 cm Wiek: 12m+ Goki Ksylofon Drewniany 5-Tonowy 61968 Goki basen dla dzieci warszawa, aurora imi\u0119, rzadkie imiona \u017ce\u0144skie, filmy wigilijne dla dzieci, opowiadanie o jesieni dla dzieci, mapa [&hellip;]<\/p>\n","protected":false},"featured_media":590,"comment_status":"closed","ping_status":"open","template":"","meta":[],"product_cat":[227,155],"product_tag":[696,847,638,803],"class_list":["post-589","product","type-product","status-publish","has-post-thumbnail","hentry","product_cat-goki","product_cat-zabawki-muzyczne","product_tag-film-rodzinny-o-swietach","product_tag-kolorowanki-pokemon","product_tag-miastodzieci","product_tag-szlaczki-do-druku"],"_links":{"self":[{"href":"http:\/\/klubmamgdynia.pl\/index.php\/wp-json\/wp\/v2\/product\/589","targetHints":{"allow":["GET"]}}],"collection":[{"href":"http:\/\/klubmamgdynia.pl\/index.php\/wp-json\/wp\/v2\/product"}],"about":[{"href":"http:\/\/klubmamgdynia.pl\/index.php\/wp-json\/wp\/v2\/types\/product"}],"replies":[{"embeddable":true,"href":"http:\/\/klubmamgdynia.pl\/index.php\/wp-json\/wp\/v2\/comments?post=589"}],"wp:featuredmedia":[{"embeddable":true,"href":"http:\/\/klubmamgdynia.pl\/index.php\/wp-json\/wp\/v2\/media\/590"}],"wp:attachment":[{"href":"http:\/\/klubmamgdynia.pl\/index.php\/wp-json\/wp\/v2\/media?parent=589"}],"wp:term":[{"taxonomy":"product_cat","embeddable":true,"href":"http:\/\/klubmamgdynia.pl\/index.php\/wp-json\/wp\/v2\/product_cat?post=589"},{"taxonomy":"product_tag","embeddable":true,"href":"http:\/\/klubmamgdynia.pl\/index.php\/wp-json\/wp\/v2\/product_tag?post=589"}],"curies":[{"name":"wp","href":"https:\/\/api.w.org\/{rel}","templated":true}]}}