{"id":5891,"date":"2016-12-10T21:34:14","date_gmt":"2016-12-10T20:34:14","guid":{"rendered":"http:\/\/klubmamgdynia.pl\/index.php\/produkt\/htc-focus-3-business-edition-99hasy00200\/"},"modified":"2026-04-06T02:49:55","modified_gmt":"2026-04-06T00:49:55","slug":"htc-focus-3-business-edition-99hasy00200","status":"publish","type":"product","link":"http:\/\/klubmamgdynia.pl\/index.php\/produkt\/htc-focus-3-business-edition-99hasy00200\/","title":{"rendered":"HTC Focus 3 Business Edition 99HASY00200"},"content":{"rendered":"<p>Wielofunkcyjne gogle VR HTC VIVE Focus 3 to gogle, kt\u00f3re zaskocz\u0105 Ci\u0119 szerok\u0105 gam\u0105 mo\u017cliwo\u015bci nie tylko gamingowych ale i biznesowych. Unikatowy i modernistyczny sprz\u0119t wraz z kontrolerami zapewnia Ci niezapomniane prze\u017cycie w VR. A wszystko to ju\u017c po w\u0142\u0105czeniu sprz\u0119tu, bez potrzeby \u0142\u0105czenia si\u0119 z komputerem czy urz\u0105dzeniem zewn\u0119trznym. Rozdzielczo\u015b\u0107 5k oraz pole widzenia do 120\u00b0 Producenci zadbali o najwy\u017csz\u0105 jako\u015b\u0107 sprz\u0119tu, co prze\u0142o\u017cy\u0142o si\u0119 na mo\u017cliwo\u015b\u0107 obs\u0142ugi rozdzielczo\u015bci 5k oraz od\u015bwie\u017caniu na poziomie 90 Hz. Sprawia to \u017ce obraz jest niezwykle p\u0142yny i wyra\u017any, przez co gry b\u0119d\u0105 wywo\u0142ywa\u0107 jeszcze wi\u0119ksze wra\u017cenie ni\u017c dotychczas! Poza oczywi\u015bcie rozdzielczo\u015bci\u0105, gogle te zapewniaj\u0105 do 120\u00b0 pola widzenia. U\u017cyteczno\u015b\u0107 ponad wszystko! Sprz\u0119t zaprojektowany jest tak by wygoda podczas jego u\u017cytkowania jak i po nim by\u0142a jak najwi\u0119ksza. Producenci doskonale zdaja sobie spraw\u0119 i\u017c ich sprz\u0119ty kupuj\u0105 r\u00f3\u017cne osoby w r\u00f3\u017cnym wieku, dzi\u0119ki temu w goglach mo\u017cemy w \u0142atwy spos\u00f3b dostosowa\u0107 odleg\u0142o\u015bci soczewek od siebie, wi\u0119c ka\u017cdy jest w stanie dostosowa\u0107 odleg\u0142o\u015b\u0107 do swoich potrzeb. Gogle wyposa\u017cone s\u0105 w paski reguluj\u0105ce oraz pokr\u0119t\u0142o, kt\u00f3re umo\u017cliwia dostosowanie gogli do ka\u017cdego kszta\u0142tu i wielko\u015bci g\u0142owy. Ponadto g\u0105bki kt\u00f3re przyczepione s\u0105 bezpo\u015brednio do wewn\u0119trznej strony gogli, mo\u017cna je odpi\u0105\u0107 i wyczy\u015bci\u0107 lub wymieni\u0107 w ka\u017cdej chwili gdy pojawi si\u0119 taka potrzeba. Specyfikacja techniczna: Rozdzielczo\u015b\u0107 ekranu: 4896 x 2448 (2448 x 2448 na ka\u017cde oko) Cz\u0119stotliwo\u015b\u0107 od\u015bwie\u017cania: 90 Hz Typ wy\u015bwietlacza: Wy\u015bwietlacz LCD Do\u0142\u0105czone akcesoria Kontroler &#8211; 2 szt Przek\u0105tna ekranu: 2 x 2,88&#8243;<\/p>\n<h2>HTC Focus 3 Business Edition 99HASY00200 HTC<\/h2>\n<p>cytat o dziecku, kr\u00f3tkie \u017cyczenia wielkanocne dla dzieci, cookie dough przepis, zagadki logiczne dla dzieci, prezent dla siedemnastolatka, wiersz o wakacjach, cytaty dla mamy od c\u00f3rki, test z narnii lew czarownica i stara szafa, mira imie, farma dyni poznan<\/p>\n<p>yyyyy<\/p>\n<p>&nbsp;<\/p>\n","protected":false},"excerpt":{"rendered":"<p>Wielofunkcyjne gogle VR HTC VIVE Focus 3 to gogle, kt\u00f3re zaskocz\u0105 Ci\u0119 szerok\u0105 gam\u0105 mo\u017cliwo\u015bci nie tylko gamingowych ale i biznesowych. Unikatowy i modernistyczny sprz\u0119t wraz z kontrolerami zapewnia Ci niezapomniane prze\u017cycie w VR. A wszystko to ju\u017c po w\u0142\u0105czeniu sprz\u0119tu, bez potrzeby \u0142\u0105czenia si\u0119 z komputerem czy urz\u0105dzeniem zewn\u0119trznym. Rozdzielczo\u015b\u0107 5k oraz pole widzenia [&hellip;]<\/p>\n","protected":false},"featured_media":5892,"comment_status":"closed","ping_status":"open","template":"","meta":[],"product_cat":[1385,1386],"product_tag":[834,827,719,612,847,738,714],"class_list":["post-5891","product","type-product","status-publish","has-post-thumbnail","hentry","product_cat-htc","product_cat-okulary-vr","product_tag-bajka-do-czytania-na-dobranoc","product_tag-bajki-dla-niemowlat","product_tag-dziecko-cytaty-zlote-mysli","product_tag-kolorowanki-do-druku","product_tag-kolorowanki-pokemon","product_tag-wroclaw-dla-dzieci","product_tag-zagadki-logiczne"],"_links":{"self":[{"href":"http:\/\/klubmamgdynia.pl\/index.php\/wp-json\/wp\/v2\/product\/5891","targetHints":{"allow":["GET"]}}],"collection":[{"href":"http:\/\/klubmamgdynia.pl\/index.php\/wp-json\/wp\/v2\/product"}],"about":[{"href":"http:\/\/klubmamgdynia.pl\/index.php\/wp-json\/wp\/v2\/types\/product"}],"replies":[{"embeddable":true,"href":"http:\/\/klubmamgdynia.pl\/index.php\/wp-json\/wp\/v2\/comments?post=5891"}],"wp:featuredmedia":[{"embeddable":true,"href":"http:\/\/klubmamgdynia.pl\/index.php\/wp-json\/wp\/v2\/media\/5892"}],"wp:attachment":[{"href":"http:\/\/klubmamgdynia.pl\/index.php\/wp-json\/wp\/v2\/media?parent=5891"}],"wp:term":[{"taxonomy":"product_cat","embeddable":true,"href":"http:\/\/klubmamgdynia.pl\/index.php\/wp-json\/wp\/v2\/product_cat?post=5891"},{"taxonomy":"product_tag","embeddable":true,"href":"http:\/\/klubmamgdynia.pl\/index.php\/wp-json\/wp\/v2\/product_tag?post=5891"}],"curies":[{"name":"wp","href":"https:\/\/api.w.org\/{rel}","templated":true}]}}