{"id":5893,"date":"2024-08-24T22:21:06","date_gmt":"2024-08-24T20:21:06","guid":{"rendered":"http:\/\/klubmamgdynia.pl\/?post_type=product&#038;p=5893"},"modified":"2026-04-04T17:57:24","modified_gmt":"2026-04-04T15:57:24","slug":"oculus-rift-s","status":"publish","type":"product","link":"http:\/\/klubmamgdynia.pl\/index.php\/produkt\/oculus-rift-s\/","title":{"rendered":"Oculus Rift S"},"content":{"rendered":"<p>Gogle Oculus Rift S to przysz\u0142o\u015b\u0107 gier VR. Dzi\u0119ki ulepszonej optyce gogli zmieciesz konkurencj\u0119. Oculus Rift S otrzyma\u0142 soczewki nowej generacji oraz ostrzejszy obraz z ja\u015bniejszymi, \u017cywszymi kolorami i zredukowanym efektem siatki. Zaawansowany sprz\u0119t wsp\u00f3\u0142gra z innowacjami Oculus w zakresie oprogramowania, zapewniaj\u0105c idealn\u0105 gr\u0119 na wielu r\u00f3\u017cnych typach komputer\u00f3w.<br \/>\nGogle Rift S daj\u0105 mo\u017cliwo\u015b\u0107 grania w najlepsze gry VR na wi\u0119kszej liczbie komputer\u00f3w. Wyr\u00f3\u017cniaj\u0105 si\u0119 nadzwyczajn\u0105 grafik\u0105 i emocjonuj\u0105c\u0105 tre\u015bci\u0105 z jednoczesn\u0105 \u0142atwo\u015bci\u0105 konfiguracji.                            <\/p>\n<p>Dwa kontrolery Touch<br \/>\nDzi\u0119ki kontrolerom dotykowym Oculus mo\u017cesz przenie\u015b\u0107 r\u0119ce i gesty bezpo\u015brednio do gry. Twoje wymachy, rzuty i przechwyty pojawiaj\u0105 si\u0119 w rzeczywisto\u015bci wirtualnej z intuicyjn\u0105, realistyczn\u0105 precyzj\u0105.<\/p>\n<p>Oculus Insight przenosi Twoje ruchy do \u015bwiata VR niezale\u017cnie od tego, w kt\u00f3r\u0105 stron\u0119 patrzysz, i zapewnia \u015bledzenie o pe\u0142nym zasi\u0119gu, bez zewn\u0119trznych czujnik\u00f3w. Rozgl\u0105daj si\u0119 dooko\u0142a, r\u00f3b uniki i zmieniaj bieg walki w dowolnym miejscu obszaru gry.                            <\/p>\n<p>Przejmij kontrol\u0119<br \/>\nDom to przestrze\u0144, kt\u00f3r\u0105 tworzysz, urz\u0105dzasz po swojemu i do kt\u00f3rej zapraszasz znajomych. Dzi\u0119ki Dash masz w zasi\u0119gu swoje aplikacje i komputer, niezale\u017cnie od tego, w kt\u00f3rym miejscu wirtualnej rzeczywisto\u015bci si\u0119 znajdziesz.                            <\/p>\n<p>S\u0142uchaj zawsze i wsz\u0119dzie<br \/>\nW goglach VR Oculus Rift S funkcja d\u017awi\u0119ku pozycyjnego wbudowana jest bezpo\u015brednio w gogle, dzi\u0119ki czemu doskonale s\u0142ycha\u0107 pozosta\u0142ych uczestnik\u00f3w gry oraz to, co skrada si\u0119 za plecami.                            <\/p>\n<p>S\u0142uchaj zawsze i wsz\u0119dzie<br \/>\nW goglach VR Oculus Rift S funkcja d\u017awi\u0119ku pozycyjnego wbudowana jest bezpo\u015brednio w gogle, dzi\u0119ki czemu doskonale s\u0142ycha\u0107 pozosta\u0142ych uczestnik\u00f3w gry oraz to, co skrada si\u0119 za plecami.<\/p>\n<h2>Oculus Rift S Oculus VR<\/h2>\n<p>film rodzinny o \u015bwi\u0119tach, nasza zima z\u0142a tekst, rysowanki, imie lilianna, trudne zagadki z odpowiedziami, zosia samosia wiersz, zagadki zagadki, \u015bmigus dyngus wiersz dla dzieci, pieski pies kolorowanka, podchwytliwe zagadki z odpowiedziami, imie nadia<\/p>\n<p>yyyyy<\/p>\n<p>&nbsp;<\/p>\n","protected":false},"excerpt":{"rendered":"<p>Gogle Oculus Rift S to przysz\u0142o\u015b\u0107 gier VR. Dzi\u0119ki ulepszonej optyce gogli zmieciesz konkurencj\u0119. Oculus Rift S otrzyma\u0142 soczewki nowej generacji oraz ostrzejszy obraz z ja\u015bniejszymi, \u017cywszymi kolorami i zredukowanym efektem siatki. Zaawansowany sprz\u0119t wsp\u00f3\u0142gra z innowacjami Oculus w zakresie oprogramowania, zapewniaj\u0105c idealn\u0105 gr\u0119 na wielu r\u00f3\u017cnych typach komputer\u00f3w. Gogle Rift S daj\u0105 mo\u017cliwo\u015b\u0107 grania [&hellip;]<\/p>\n","protected":false},"featured_media":5894,"comment_status":"closed","ping_status":"open","template":"","meta":[],"product_cat":[1394,1386],"product_tag":[611,579,577],"class_list":["post-5893","product","type-product","status-publish","has-post-thumbnail","hentry","product_cat-oculus-vr","product_cat-okulary-vr","product_tag-bajki-do-czytania-psi-patrol","product_tag-quiz-opowiesci-z-narnii-lew-czarownica-i-stara-szafa","product_tag-znaki-drogowe-test"],"_links":{"self":[{"href":"http:\/\/klubmamgdynia.pl\/index.php\/wp-json\/wp\/v2\/product\/5893","targetHints":{"allow":["GET"]}}],"collection":[{"href":"http:\/\/klubmamgdynia.pl\/index.php\/wp-json\/wp\/v2\/product"}],"about":[{"href":"http:\/\/klubmamgdynia.pl\/index.php\/wp-json\/wp\/v2\/types\/product"}],"replies":[{"embeddable":true,"href":"http:\/\/klubmamgdynia.pl\/index.php\/wp-json\/wp\/v2\/comments?post=5893"}],"wp:featuredmedia":[{"embeddable":true,"href":"http:\/\/klubmamgdynia.pl\/index.php\/wp-json\/wp\/v2\/media\/5894"}],"wp:attachment":[{"href":"http:\/\/klubmamgdynia.pl\/index.php\/wp-json\/wp\/v2\/media?parent=5893"}],"wp:term":[{"taxonomy":"product_cat","embeddable":true,"href":"http:\/\/klubmamgdynia.pl\/index.php\/wp-json\/wp\/v2\/product_cat?post=5893"},{"taxonomy":"product_tag","embeddable":true,"href":"http:\/\/klubmamgdynia.pl\/index.php\/wp-json\/wp\/v2\/product_tag?post=5893"}],"curies":[{"name":"wp","href":"https:\/\/api.w.org\/{rel}","templated":true}]}}