{"id":5897,"date":"2021-05-02T13:45:24","date_gmt":"2021-05-02T11:45:24","guid":{"rendered":"http:\/\/klubmamgdynia.pl\/index.php\/produkt\/mudpuppy-puzzle-magnetyczne-2w1-srodki-transportu-41el\/"},"modified":"2026-04-29T18:47:25","modified_gmt":"2026-04-29T16:47:25","slug":"mudpuppy-puzzle-magnetyczne-2w1-srodki-transportu-41el","status":"publish","type":"product","link":"http:\/\/klubmamgdynia.pl\/index.php\/produkt\/mudpuppy-puzzle-magnetyczne-2w1-srodki-transportu-41el\/","title":{"rendered":"Mudpuppy Puzzle Magnetyczne 2W1 \u015arodki Transportu 41El."},"content":{"rendered":"<p>Puzzle magnetyczne \u015arodki transportu ameryka\u0144skiej marki Mudpuppy nadaj\u0105 uk\u0142adaniu puzzli nowy wymiar \u2013 na samym z\u0142o\u017ceniu obrazka zabawa si\u0119 bowiem nie ko\u0144czy. W sk\u0142ad zestawu wchodz\u0105 2 uk\u0142adanki (o wymiarach 16,5 x 16,5 cm) po 20 element\u00f3w ka\u017cda, przedstawiaj\u0105ce r\u00f3\u017cne lataj\u0105ce i p\u0142ywaj\u0105ce \u015brodki transportu (jeden obrazek) oraz pojazdy (drugi obrazek). Puzzle s\u0105 jednocze\u015bnie magnesami, kt\u00f3re uk\u0142ada si\u0119 na sk\u0142adanej podk\u0142adce-p\u0142ytce, pe\u0142ni\u0105cej tak\u017ce funkcj\u0119 opakowania. P\u0142ytka posiada dodatkowe miejsce, by mo\u017cna by\u0142o umieszcza\u0107 na niej r\u00f3wnie\u017c elementy jeszcze nie dopasowane. Idealnie nadaj\u0105 si\u0119 na podr\u00f3\u017c, bo ryzyko zgubienia ich w drodze jest niewielkie. Ilustracje zaprojektowa\u0142 londy\u0144ski kolektyw artystyczny Nous Vous. \u0141adny design i przyjazne barwy dodatkowo zach\u0119caj\u0105 malca do zabawy. Zestaw idealnie nadaje si\u0119 na prezent.Uk\u0142adanie puzzli stymuluje pami\u0119\u0107, koncentracj\u0119 i sprawno\u015b\u0107 manualn\u0105 ju\u017c od najm\u0142odszych lat. Mudpuppy dba te\u017c o to, by uk\u0142adanki dostarcza\u0142y dzieciom dodatkowych wra\u017ce\u0144 empirycznych. Zabawki magnetyczne to interesuj\u0105cy pomys\u0142 na pobudzanie dzieci\u0119cej wyobra\u017ani i rozw\u00f3j jego sprawno\u015bci manualnej. Wielko\u015b\u0107 magnes\u00f3w jest odpowiednia dla wieku dziecka, a zestawy \u2013 kompaktowe i o ciekawej tematyce.Wiek: 4+***Ameryka\u0144ska marka zabawek edukacyjnych Mudpuppy powsta\u0142a w 1992 roku. Dzi\u015b jest znana na ca\u0142ym \u015bwiecie i cieszy si\u0119 powszechnym zaufaniem rodzic\u00f3w. Skupia si\u0119 na tworzeniu produkt\u00f3w, zach\u0119caj\u0105cych dzieci do tw\u00f3rczej aktywno\u015bci, a przy tym wspieraj\u0105cych ich rozw\u00f3j i stymuluj\u0105cych wyobra\u017ani\u0119. Oferta marki to g\u0142\u00f3wnie puzzle, gry, uk\u0142adanki oraz zestawy kreatywne, w tym tematyczne komplety magnes\u00f3w czy naklejek.Projekty Mudpuppy inspirowane s\u0105 sztuk\u0105, m. in. ilustracj\u0105 dla dzieci. Marka stale wsp\u00f3\u0142pracuje ze wsp\u00f3\u0142czesnymi artystami, a jej produkty s\u0105 wci\u0105\u017c nagradzane za kreatywno\u015b\u0107, u\u017cyteczno\u015b\u0107 i innowacyjno\u015b\u0107.<\/p>\n<h2>Mudpuppy Puzzle Magnetyczne 2W1 \u015arodki Transportu 41El. Mudpuppy<\/h2>\n<p>prezent dla 7 latki, weso\u0142e pisanki tekst piosenki, dzie\u0144 matki w\u0142asnor\u0119czny prezent dla mamy od dziecka, zagadka dla dzieci, szlaczki, kolorowanki dla ch\u0142opc\u00f3w do druku, cytaty z ma\u0142ego ksi\u0119cia, kucyki pony kolorowanka, malowanki dla dzieci, karty pracy polsko ukrai\u0144skie, imiona dla ch\u0142opc\u00f3w, prezent dla ch\u0142opca na roczek, ksi\u0105\u017cka dla dzieci online, wroc\u0142aw dla dzieci, \u015bwi\u0105teczny film dla dzieci, kolorowanka my little pony<\/p>\n<p>yyyyy<\/p>\n<p>&nbsp;<\/p>\n","protected":false},"excerpt":{"rendered":"<p>Puzzle magnetyczne \u015arodki transportu ameryka\u0144skiej marki Mudpuppy nadaj\u0105 uk\u0142adaniu puzzli nowy wymiar \u2013 na samym z\u0142o\u017ceniu obrazka zabawa si\u0119 bowiem nie ko\u0144czy. W sk\u0142ad zestawu wchodz\u0105 2 uk\u0142adanki (o wymiarach 16,5 x 16,5 cm) po 20 element\u00f3w ka\u017cda, przedstawiaj\u0105ce r\u00f3\u017cne lataj\u0105ce i p\u0142ywaj\u0105ce \u015brodki transportu (jeden obrazek) oraz pojazdy (drugi obrazek). Puzzle s\u0105 jednocze\u015bnie magnesami, [&hellip;]<\/p>\n","protected":false},"featured_media":5898,"comment_status":"closed","ping_status":"open","template":"","meta":[],"product_cat":[1344,90],"product_tag":[844,775,773,849],"class_list":["post-5897","product","type-product","status-publish","has-post-thumbnail","hentry","product_cat-mudpuppy","product_cat-puzzle","product_tag-co-kupic-na-roczek","product_tag-kolorowanki-do-druku-pokemon","product_tag-test-z-lektury-opowiesci-z-narnii-lew-czarownica-i-stara-szafa","product_tag-zagadki-matematyczne-dla-dzieci"],"_links":{"self":[{"href":"http:\/\/klubmamgdynia.pl\/index.php\/wp-json\/wp\/v2\/product\/5897","targetHints":{"allow":["GET"]}}],"collection":[{"href":"http:\/\/klubmamgdynia.pl\/index.php\/wp-json\/wp\/v2\/product"}],"about":[{"href":"http:\/\/klubmamgdynia.pl\/index.php\/wp-json\/wp\/v2\/types\/product"}],"replies":[{"embeddable":true,"href":"http:\/\/klubmamgdynia.pl\/index.php\/wp-json\/wp\/v2\/comments?post=5897"}],"wp:featuredmedia":[{"embeddable":true,"href":"http:\/\/klubmamgdynia.pl\/index.php\/wp-json\/wp\/v2\/media\/5898"}],"wp:attachment":[{"href":"http:\/\/klubmamgdynia.pl\/index.php\/wp-json\/wp\/v2\/media?parent=5897"}],"wp:term":[{"taxonomy":"product_cat","embeddable":true,"href":"http:\/\/klubmamgdynia.pl\/index.php\/wp-json\/wp\/v2\/product_cat?post=5897"},{"taxonomy":"product_tag","embeddable":true,"href":"http:\/\/klubmamgdynia.pl\/index.php\/wp-json\/wp\/v2\/product_tag?post=5897"}],"curies":[{"name":"wp","href":"https:\/\/api.w.org\/{rel}","templated":true}]}}