{"id":5899,"date":"2015-10-06T14:08:04","date_gmt":"2015-10-06T12:08:04","guid":{"rendered":"http:\/\/klubmamgdynia.pl\/index.php\/produkt\/koh-i-noor-kreki-mondeluz-24-kolory\/"},"modified":"2026-04-05T22:05:15","modified_gmt":"2026-04-05T20:05:15","slug":"koh-i-noor-kreki-mondeluz-24-kolory","status":"publish","type":"product","link":"http:\/\/klubmamgdynia.pl\/index.php\/produkt\/koh-i-noor-kreki-mondeluz-24-kolory\/","title":{"rendered":"KOH-I-NOOR Kreki Mondeluz 24 kolory"},"content":{"rendered":"<p>Profesjonalne kredki akwarelowe oprawione w wysokiej jako\u015bci drewno cedrowe zapakowane w metalowe pude\u0142ko.Mo\u017cna je u\u017cywa\u0107 podobnie jak ze zwyk\u0142e kredki lub te\u017c wykorzysta\u0107 ich walory akwareli, czyli za pomoc\u0105 wilgotnego p\u0119dzelka rozmywa\u0107 w dowolnym miejscu rysunek. Naniesion\u0105 kredk\u0119 mo\u017cna ca\u0142kowicie rozprowadzi\u0107 p\u0119dzlem po rysunku, lub tylko cz\u0119\u015bciowo pozostawiaj\u0105c linie, kontury, kreski. Dzi\u0119ki wieloletniemu do\u015bwiadczeniu i starannemu wykonaniu KOH-I-NOOR kredki Mondeluz s\u0105 odporne na zawilgocenie i zachowuj\u0105 swoje walory.<\/p>\n<h2>KOH-I-NOOR Kreki Mondeluz 24 kolory Koh-I-Noor<\/h2>\n<p>bajki do czytania, spiderman do druku, sentencje ma\u0142y ksi\u0105\u017ce cytaty, pieski, prezent dla dwunastolatka, aneta, walentynka dla syna, nauka zegara zegar do druku, zdrowe dania dla dzieci, rzadkie imiona japo\u0144skie, kolorowanki pokemon, kolorowanki do druku dla ch\u0142opc\u00f3w, test narnia lew czarownica i stara szafa, quiz o stolicach europy, test wiedzy zemsta, tabliczka mno\u017cenia kolorowanki do wydruku, ju\u017c blisko kol\u0119da tekst, niezapomniany prezent na roczek, pan twardowski na ksi\u0119\u017cycu wiersz, zagadki dla 7 latk\u00f3w<\/p>\n<p>yyyyy<\/p>\n<p>&nbsp;<\/p>\n","protected":false},"excerpt":{"rendered":"<p>Profesjonalne kredki akwarelowe oprawione w wysokiej jako\u015bci drewno cedrowe zapakowane w metalowe pude\u0142ko.Mo\u017cna je u\u017cywa\u0107 podobnie jak ze zwyk\u0142e kredki lub te\u017c wykorzysta\u0107 ich walory akwareli, czyli za pomoc\u0105 wilgotnego p\u0119dzelka rozmywa\u0107 w dowolnym miejscu rysunek. Naniesion\u0105 kredk\u0119 mo\u017cna ca\u0142kowicie rozprowadzi\u0107 p\u0119dzlem po rysunku, lub tylko cz\u0119\u015bciowo pozostawiaj\u0105c linie, kontury, kreski. Dzi\u0119ki wieloletniemu do\u015bwiadczeniu i [&hellip;]<\/p>\n","protected":false},"featured_media":5900,"comment_status":"closed","ping_status":"open","template":"","meta":[],"product_cat":[1393,297],"product_tag":[854,596,779],"class_list":["post-5899","product","type-product","status-publish","has-post-thumbnail","hentry","product_cat-koh-i-noor","product_cat-szkolne-artykuly-plastyczne","product_tag-cytaty-rodzina","product_tag-pomysly-na-prima-aprilis","product_tag-zarty-na-prima-aprilis-w-domu"],"_links":{"self":[{"href":"http:\/\/klubmamgdynia.pl\/index.php\/wp-json\/wp\/v2\/product\/5899","targetHints":{"allow":["GET"]}}],"collection":[{"href":"http:\/\/klubmamgdynia.pl\/index.php\/wp-json\/wp\/v2\/product"}],"about":[{"href":"http:\/\/klubmamgdynia.pl\/index.php\/wp-json\/wp\/v2\/types\/product"}],"replies":[{"embeddable":true,"href":"http:\/\/klubmamgdynia.pl\/index.php\/wp-json\/wp\/v2\/comments?post=5899"}],"wp:featuredmedia":[{"embeddable":true,"href":"http:\/\/klubmamgdynia.pl\/index.php\/wp-json\/wp\/v2\/media\/5900"}],"wp:attachment":[{"href":"http:\/\/klubmamgdynia.pl\/index.php\/wp-json\/wp\/v2\/media?parent=5899"}],"wp:term":[{"taxonomy":"product_cat","embeddable":true,"href":"http:\/\/klubmamgdynia.pl\/index.php\/wp-json\/wp\/v2\/product_cat?post=5899"},{"taxonomy":"product_tag","embeddable":true,"href":"http:\/\/klubmamgdynia.pl\/index.php\/wp-json\/wp\/v2\/product_tag?post=5899"}],"curies":[{"name":"wp","href":"https:\/\/api.w.org\/{rel}","templated":true}]}}