{"id":5901,"date":"2013-04-09T11:00:47","date_gmt":"2013-04-09T09:00:47","guid":{"rendered":"http:\/\/klubmamgdynia.pl\/index.php\/produkt\/st-majewski-kredki-bambino-drewniane-z-temperowka-12szt\/"},"modified":"2026-04-06T22:28:35","modified_gmt":"2026-04-06T20:28:35","slug":"st-majewski-kredki-bambino-drewniane-z-temperowka-12szt","status":"publish","type":"product","link":"http:\/\/klubmamgdynia.pl\/index.php\/produkt\/st-majewski-kredki-bambino-drewniane-z-temperowka-12szt\/","title":{"rendered":"St.Majewski Kredki Bambino Drewniane Z Temper\u00f3wk\u0105 12Szt"},"content":{"rendered":"<p>Kredki Bambino w oprawie drewnianej Kredki z glinki koalinowej wysokiej jako\u015bci w drewnianej oprawie. Charakteryzuj\u0105 si\u0119 wyj\u0105tkowo intensywnymi i nasyconymi kolorami. Doskonale kryj\u0105, idealnie nadaj\u0105 si\u0119 do rysowania, wype\u0142niania du\u017cych powierzchni i wykonywania mi\u0119kkich przej\u015b\u0107 pomi\u0119dzy kolorami. Kredki s\u0105 grube, odpowiednio wywa\u017cone, przez co idealnie dopasowuj\u0105 si\u0119 do ma\u0142ej d\u0142oni dziecka. Marka Bambino gwarantuje bezpiecze\u0144stwo kredek. Parametry: Rodzaj: kredki o\u0142\u00f3wkowe Liczba w zestawie: 12 sztuk Kolor: wielokolorowy<\/p>\n<h2>St.Majewski Kredki Bambino Drewniane Z Temper\u00f3wk\u0105 12Szt St.Majewski<\/h2>\n<p>felix net i nika oraz gang niewidzialnych ludzi test z odpowiedziami, zabawki dla rocznej dziewczynki, jaki prezent na roczek dla dziewczynki, kolorowanka ze zdj\u0119cia, trudne zagadki matematyczne, cicha noc po angielsku tekst, \u015bwi\u0119ty przemys\u0142aw, lucjan imi\u0119, krak\u00f3w atrakcje dla dzieci, przyja\u017a\u0144, kartka walentynkowa zrobiona przez dzieci, na wyspach bergamuta, cytaty na dzie\u0144 nauczyciela, zagadki o zwierz\u0119tach dla dzieci, miasto dzieci krak\u00f3w<\/p>\n<p>yyyyy<\/p>\n<p>&nbsp;<\/p>\n","protected":false},"excerpt":{"rendered":"<p>Kredki Bambino w oprawie drewnianej Kredki z glinki koalinowej wysokiej jako\u015bci w drewnianej oprawie. Charakteryzuj\u0105 si\u0119 wyj\u0105tkowo intensywnymi i nasyconymi kolorami. Doskonale kryj\u0105, idealnie nadaj\u0105 si\u0119 do rysowania, wype\u0142niania du\u017cych powierzchni i wykonywania mi\u0119kkich przej\u015b\u0107 pomi\u0119dzy kolorami. Kredki s\u0105 grube, odpowiednio wywa\u017cone, przez co idealnie dopasowuj\u0105 si\u0119 do ma\u0142ej d\u0142oni dziecka. Marka Bambino gwarantuje bezpiecze\u0144stwo [&hellip;]<\/p>\n","protected":false},"featured_media":5902,"comment_status":"closed","ping_status":"open","template":"","meta":[],"product_cat":[1392,297],"product_tag":[585,855,736,869],"class_list":["post-5901","product","type-product","status-publish","has-post-thumbnail","hentry","product_cat-st-majewski","product_cat-szkolne-artykuly-plastyczne","product_tag-kolorowanki-dla-chlopcow","product_tag-nietypowe-imiona-zenskie","product_tag-zabawki-na-roczek","product_tag-zagadki-na-logike"],"_links":{"self":[{"href":"http:\/\/klubmamgdynia.pl\/index.php\/wp-json\/wp\/v2\/product\/5901","targetHints":{"allow":["GET"]}}],"collection":[{"href":"http:\/\/klubmamgdynia.pl\/index.php\/wp-json\/wp\/v2\/product"}],"about":[{"href":"http:\/\/klubmamgdynia.pl\/index.php\/wp-json\/wp\/v2\/types\/product"}],"replies":[{"embeddable":true,"href":"http:\/\/klubmamgdynia.pl\/index.php\/wp-json\/wp\/v2\/comments?post=5901"}],"wp:featuredmedia":[{"embeddable":true,"href":"http:\/\/klubmamgdynia.pl\/index.php\/wp-json\/wp\/v2\/media\/5902"}],"wp:attachment":[{"href":"http:\/\/klubmamgdynia.pl\/index.php\/wp-json\/wp\/v2\/media?parent=5901"}],"wp:term":[{"taxonomy":"product_cat","embeddable":true,"href":"http:\/\/klubmamgdynia.pl\/index.php\/wp-json\/wp\/v2\/product_cat?post=5901"},{"taxonomy":"product_tag","embeddable":true,"href":"http:\/\/klubmamgdynia.pl\/index.php\/wp-json\/wp\/v2\/product_tag?post=5901"}],"curies":[{"name":"wp","href":"https:\/\/api.w.org\/{rel}","templated":true}]}}