{"id":5903,"date":"2018-08-10T17:07:25","date_gmt":"2018-08-10T15:07:25","guid":{"rendered":"http:\/\/klubmamgdynia.pl\/index.php\/produkt\/patio-ellen-basic-g010-02pb\/"},"modified":"2026-04-04T02:11:06","modified_gmt":"2026-04-04T00:11:06","slug":"patio-ellen-basic-g010-02pb","status":"publish","type":"product","link":"http:\/\/klubmamgdynia.pl\/index.php\/produkt\/patio-ellen-basic-g010-02pb\/","title":{"rendered":"Patio Ellen Basic G010-02PB"},"content":{"rendered":"<p>Proponujemy Pa\u0144stwu na sprzeda\u017c jeden z naszych produkt\u00f3w.PRODUKT: Poduszka Patio Ellen Basic G010-02PBSTAN: NowyOpis produktu: Pikowana poduszka na siedzisko sprawdzi si\u0119 w po\u0142\u0105czeniu z Twoim krzes\u0142em ogrodowym. Jej wype\u0142nienie stanowi pianka poliuretanowa, co w znaczny spos\u00f3b poprawia komfort korzystania z mebla. Produkt mo\u017cesz z \u0142atwo\u015bci\u0105 przenosi\u0107 z miejsca na miejsce, co pozwoli Ci zabezpieczy\u0107 go np. przed deszczem. Posiada zielony kolor i ozdobiony jest wzorem li\u015bci.<\/p>\n<h2>Patio Ellen Basic G010-02PB Patio<\/h2>\n<p>p\u0142atki \u015bniegu szablon, pomysly na prima aprilis, quiz o \u015bwi\u0119tym miko\u0142aju, dziwne zagadki, prezent dla 16 latki, quiz zemsta, rzadkie imiona dla dziewczynek, podchwytliwe zagadki i odpowiedzi, dorian, zagadki dla 4 latka, dorian<\/p>\n<p>yyyyy<\/p>\n<p>&nbsp;<\/p>\n","protected":false},"excerpt":{"rendered":"<p>Proponujemy Pa\u0144stwu na sprzeda\u017c jeden z naszych produkt\u00f3w.PRODUKT: Poduszka Patio Ellen Basic G010-02PBSTAN: NowyOpis produktu: Pikowana poduszka na siedzisko sprawdzi si\u0119 w po\u0142\u0105czeniu z Twoim krzes\u0142em ogrodowym. Jej wype\u0142nienie stanowi pianka poliuretanowa, co w znaczny spos\u00f3b poprawia komfort korzystania z mebla. Produkt mo\u017cesz z \u0142atwo\u015bci\u0105 przenosi\u0107 z miejsca na miejsce, co pozwoli Ci zabezpieczy\u0107 go [&hellip;]<\/p>\n","protected":false},"featured_media":5904,"comment_status":"closed","ping_status":"open","template":"","meta":[],"product_cat":[1399,1326],"product_tag":[642,677,745,711,628],"class_list":["post-5903","product","type-product","status-publish","has-post-thumbnail","hentry","product_cat-patio","product_cat-poduszki-ogrodowe","product_tag-mia-imie","product_tag-milosz-imie","product_tag-prezent-dla-15-latki","product_tag-prezenty-dla-nastolatkow","product_tag-zagadka"],"_links":{"self":[{"href":"http:\/\/klubmamgdynia.pl\/index.php\/wp-json\/wp\/v2\/product\/5903","targetHints":{"allow":["GET"]}}],"collection":[{"href":"http:\/\/klubmamgdynia.pl\/index.php\/wp-json\/wp\/v2\/product"}],"about":[{"href":"http:\/\/klubmamgdynia.pl\/index.php\/wp-json\/wp\/v2\/types\/product"}],"replies":[{"embeddable":true,"href":"http:\/\/klubmamgdynia.pl\/index.php\/wp-json\/wp\/v2\/comments?post=5903"}],"wp:featuredmedia":[{"embeddable":true,"href":"http:\/\/klubmamgdynia.pl\/index.php\/wp-json\/wp\/v2\/media\/5904"}],"wp:attachment":[{"href":"http:\/\/klubmamgdynia.pl\/index.php\/wp-json\/wp\/v2\/media?parent=5903"}],"wp:term":[{"taxonomy":"product_cat","embeddable":true,"href":"http:\/\/klubmamgdynia.pl\/index.php\/wp-json\/wp\/v2\/product_cat?post=5903"},{"taxonomy":"product_tag","embeddable":true,"href":"http:\/\/klubmamgdynia.pl\/index.php\/wp-json\/wp\/v2\/product_tag?post=5903"}],"curies":[{"name":"wp","href":"https:\/\/api.w.org\/{rel}","templated":true}]}}