{"id":5905,"date":"2016-11-08T15:18:00","date_gmt":"2016-11-08T14:18:00","guid":{"rendered":"http:\/\/klubmamgdynia.pl\/index.php\/produkt\/baby-ono-zabawka-piszczaca-z-gryzakiem-piesek-1354\/"},"modified":"2026-04-28T17:05:55","modified_gmt":"2026-04-28T15:05:55","slug":"baby-ono-zabawka-piszczaca-z-gryzakiem-piesek-1354","status":"publish","type":"product","link":"http:\/\/klubmamgdynia.pl\/index.php\/produkt\/baby-ono-zabawka-piszczaca-z-gryzakiem-piesek-1354\/","title":{"rendered":"Baby Ono Zabawka Piszcz\u0105ca Z Gryzakiem Piesek 1354"},"content":{"rendered":"<p>BabyOno od 1990 roku wspiera rodzic\u00f3w w procesie wychowania dzieci dostarczaj\u0105c im produkt\u00f3w niezb\u0119dnych do prawid\u0142owego rozwoju dziecka.Naszym priorytetem jest tworzenie produkt\u00f3w bezpiecznych, zaprojektowanych zgodnie z obowi\u0105zuj\u0105cymi dyrektywami i normami Unii Europejskiej. Zanim zabawki trafi\u0105 do r\u0105k dziecka przechodz\u0105 szczeg\u00f3\u0142owe badania.Uwie\u0144czeniem naszej troski o dzieci s\u0105 przyznawane liczne nagrody i wyr\u00f3\u017cnienia. Nasze produkty zdoby\u0142y uznanie rodzic\u00f3w w plebiscytach organizowanych przez specjalistyczne miesi\u0119czniki, m.in.: &#8222;Mam Dziecko&#8221;, &#8222;Dziecko&#8221;, &#8222;Rodzice&#8221;.Dbamy o to, aby\u015bcie codziennie odczuwali satysfakcj\u0119 z bycia rodzicem. BabyOno Zabawka Piszcz\u0105ca Z Gryzakiem Piesek 1354 EDUKACYJNA I WIELOZADANIOWA:rozwija koordynacj\u0119 wzrokowo-s\u0142uchowo-ruchow\u0105d\u017awi\u0119k piszczka wzbudza zainteresowanie dziecka i uczy zwi\u0105zk\u00f3w przyczynowo-skutkowychpomaga \u0107wiczy\u0107 motoryk\u0119 i umiej\u0119tno\u015bci manualne dziecka (chwytanie, przek\u0142adanie, itp.)r\u00f3\u017cnorodno\u015b\u0107 kolor\u00f3w i struktur uczy ich rozr\u00f3\u017cniania i wp\u0142ywa na pozytywny rozw\u00f3j dzieckaelastyczny gryzak koi podra\u017cnione dzi\u0105s\u0142a podczas wyrastania pierwszych z\u0105bk\u00f3wDANE TECHNICZNE:d\u0142ugo\u015b\u0107 26 cm<\/p>\n<h2>Baby Ono Zabawka Piszcz\u0105ca Z Gryzakiem Piesek 1354 BabyOno<\/h2>\n<p>kolorowanki kotki, gabriela imie, wiersze o wakacjach, pies kolorowanka, zagadki zimowe, wilga, co dla dziecka na roczek, na wyspach bergamutach tekst, rodzina sentencja, bardzo trudne zagadki, gabriela imie, adriana znaczenie imienia, bajka o biedronce, wiktor, prezent dla dziecka 1 rok, bajki do czytania, zrobi\u0107 laurk\u0119 laurka dla babci, co dla dziecka na roczek, m.i.a., kiekrz<\/p>\n<p>yyyyy<\/p>\n<p>&nbsp;<\/p>\n","protected":false},"excerpt":{"rendered":"<p>BabyOno od 1990 roku wspiera rodzic\u00f3w w procesie wychowania dzieci dostarczaj\u0105c im produkt\u00f3w niezb\u0119dnych do prawid\u0142owego rozwoju dziecka.Naszym priorytetem jest tworzenie produkt\u00f3w bezpiecznych, zaprojektowanych zgodnie z obowi\u0105zuj\u0105cymi dyrektywami i normami Unii Europejskiej. Zanim zabawki trafi\u0105 do r\u0105k dziecka przechodz\u0105 szczeg\u00f3\u0142owe badania.Uwie\u0144czeniem naszej troski o dzieci s\u0105 przyznawane liczne nagrody i wyr\u00f3\u017cnienia. Nasze produkty zdoby\u0142y uznanie [&hellip;]<\/p>\n","protected":false},"featured_media":5906,"comment_status":"closed","ping_status":"open","template":"","meta":[],"product_cat":[27,63],"product_tag":[827,685,681,729,841],"class_list":["post-5905","product","type-product","status-publish","has-post-thumbnail","hentry","product_cat-babyono","product_cat-grzechotki-i-gryzaki","product_tag-bajki-dla-niemowlat","product_tag-cytaty-o-rodzinie","product_tag-flagi-europy-quiz","product_tag-madre-bajki-dla-dzieci-do-czytania","product_tag-quiz-o-flagach"],"_links":{"self":[{"href":"http:\/\/klubmamgdynia.pl\/index.php\/wp-json\/wp\/v2\/product\/5905","targetHints":{"allow":["GET"]}}],"collection":[{"href":"http:\/\/klubmamgdynia.pl\/index.php\/wp-json\/wp\/v2\/product"}],"about":[{"href":"http:\/\/klubmamgdynia.pl\/index.php\/wp-json\/wp\/v2\/types\/product"}],"replies":[{"embeddable":true,"href":"http:\/\/klubmamgdynia.pl\/index.php\/wp-json\/wp\/v2\/comments?post=5905"}],"wp:featuredmedia":[{"embeddable":true,"href":"http:\/\/klubmamgdynia.pl\/index.php\/wp-json\/wp\/v2\/media\/5906"}],"wp:attachment":[{"href":"http:\/\/klubmamgdynia.pl\/index.php\/wp-json\/wp\/v2\/media?parent=5905"}],"wp:term":[{"taxonomy":"product_cat","embeddable":true,"href":"http:\/\/klubmamgdynia.pl\/index.php\/wp-json\/wp\/v2\/product_cat?post=5905"},{"taxonomy":"product_tag","embeddable":true,"href":"http:\/\/klubmamgdynia.pl\/index.php\/wp-json\/wp\/v2\/product_tag?post=5905"}],"curies":[{"name":"wp","href":"https:\/\/api.w.org\/{rel}","templated":true}]}}