{"id":5907,"date":"2019-01-19T02:01:41","date_gmt":"2019-01-19T01:01:41","guid":{"rendered":"http:\/\/klubmamgdynia.pl\/index.php\/produkt\/gra-planszowa-winning-moves-monopoly-the-walkind-dead-survival-edition\/"},"modified":"2026-04-19T14:50:10","modified_gmt":"2026-04-19T12:50:10","slug":"gra-planszowa-winning-moves-monopoly-the-walkind-dead-survival-edition","status":"publish","type":"product","link":"http:\/\/klubmamgdynia.pl\/index.php\/produkt\/gra-planszowa-winning-moves-monopoly-the-walkind-dead-survival-edition\/","title":{"rendered":"Gra planszowa Winning Moves Monopoly The Walkind Dead Survival Edition"},"content":{"rendered":"<p>Monopoly: The Walking Dead &#8211; Survival Edition to klasyczna gra Monopoly w kt\u00f3rej \u017cetony, karty, nieruchomo\u015bci i inne elementy gry nawi\u0105zuj\u0105 do znanej serii telewizyjnej The Walkind Dead.Gratk\u0105 dla kolekcjoner\u00f3w i fan\u00f3w serialu s\u0105 unikatowe pionki &#8211; wiadro z cz\u0119\u015bciami cia\u0142a, kapelusz Ricka, katana, telefon, kamper i pa\u0142ka &#8222;Lucille&#8221;.Czy b\u0119dziesz w stanie kupowa\u0107, sprzedawa\u0107 i handlowa\u0107 z innymi by przetrwa\u0107 w \u015bwiecie \u017cywych trup\u00f3w?Monopoly to nieskomplikowana gra polegaj\u0105ca na handlu nieruchomo\u015bciami. Wymy\u015blona w Stanach Zjednoczonych w okresie Wielkiego Kryzysu przez Elizabeth Magie. Daje graczom szans\u0119 obracania wielkimi pieni\u0119dzmi i szybkiego wzbogacenia si\u0119 na podstawie The Landlords Game.Rozpoczynaj\u0105c od pola START, nale\u017cy okr\u0105\u017ca\u0107 plansz\u0119, kupuj\u0105c i sprzedaj\u0105c nieruchomo\u015bci, buduj\u0105c domy i hotele. Za wej\u015bcie na nieruchomo\u015bci innych graczy p\u0142aci si\u0119 czynsz. Sukces zale\u017cy od trafnych spekulacji, udanych inwestycji i m\u0105drze przeprowadzonych transakcji.W oparciu o znan\u0105 wszystkim mechanik\u0119 gry stworzono dziesi\u0105tki edycji tematycznych nawi\u0105zuj\u0105cych do \u015bwiat\u00f3w znanych z gier wideo, film\u00f3w, ksi\u0105\u017cek itp. NAZWA MONOPOLY THE WALKIND DEAD &#8211; SURVIVAL EDITION PRODUCENT WINNING MOVES WIEK 8+ WYMIARY 400 X 270 X 50 MM EAN 5036905021470 Znajd\u017a podobne wed\u0142ug klucza: WINNING_MOVES (217427)<\/p>\n<h2>Gra planszowa Winning Moves Monopoly The Walkind Dead Survival Edition WINNING MOVES<\/h2>\n<p>bajka na dobranoc do czytania, fajne zagadki, cyferki do druku, prezenty dla nastolatk\u00f3w, wzruszajace cytaty o rodzinie, bajka o kreciku, cytaty o nauczycielach, \u017cyczenia wielkanocne dla dzieci kr\u00f3tkie, opis do zdj\u0119cia dziecka, quiz o flagach europy<\/p>\n<p>yyyyy<\/p>\n<p>&nbsp;<\/p>\n","protected":false},"excerpt":{"rendered":"<p>Monopoly: The Walking Dead &#8211; Survival Edition to klasyczna gra Monopoly w kt\u00f3rej \u017cetony, karty, nieruchomo\u015bci i inne elementy gry nawi\u0105zuj\u0105 do znanej serii telewizyjnej The Walkind Dead.Gratk\u0105 dla kolekcjoner\u00f3w i fan\u00f3w serialu s\u0105 unikatowe pionki &#8211; wiadro z cz\u0119\u015bciami cia\u0142a, kapelusz Ricka, katana, telefon, kamper i pa\u0142ka &#8222;Lucille&#8221;.Czy b\u0119dziesz w stanie kupowa\u0107, sprzedawa\u0107 i [&hellip;]<\/p>\n","protected":false},"featured_media":5908,"comment_status":"closed","ping_status":"open","template":"","meta":[],"product_cat":[235,226],"product_tag":[754,787,830,762,824],"class_list":["post-5907","product","type-product","status-publish","has-post-thumbnail","hentry","product_cat-gry-planszowe","product_cat-winning-moves","product_tag-dyplomy-do-wydrukowania-a4","product_tag-nauka-pisania-wyrazow-dla-dzieci-do-druku-pdf","product_tag-rodzina-cytaty","product_tag-trudne-zagadki-dla-dzieci","product_tag-warszawa-atrakcje-dla-dzieci"],"_links":{"self":[{"href":"http:\/\/klubmamgdynia.pl\/index.php\/wp-json\/wp\/v2\/product\/5907","targetHints":{"allow":["GET"]}}],"collection":[{"href":"http:\/\/klubmamgdynia.pl\/index.php\/wp-json\/wp\/v2\/product"}],"about":[{"href":"http:\/\/klubmamgdynia.pl\/index.php\/wp-json\/wp\/v2\/types\/product"}],"replies":[{"embeddable":true,"href":"http:\/\/klubmamgdynia.pl\/index.php\/wp-json\/wp\/v2\/comments?post=5907"}],"wp:featuredmedia":[{"embeddable":true,"href":"http:\/\/klubmamgdynia.pl\/index.php\/wp-json\/wp\/v2\/media\/5908"}],"wp:attachment":[{"href":"http:\/\/klubmamgdynia.pl\/index.php\/wp-json\/wp\/v2\/media?parent=5907"}],"wp:term":[{"taxonomy":"product_cat","embeddable":true,"href":"http:\/\/klubmamgdynia.pl\/index.php\/wp-json\/wp\/v2\/product_cat?post=5907"},{"taxonomy":"product_tag","embeddable":true,"href":"http:\/\/klubmamgdynia.pl\/index.php\/wp-json\/wp\/v2\/product_tag?post=5907"}],"curies":[{"name":"wp","href":"https:\/\/api.w.org\/{rel}","templated":true}]}}