{"id":5909,"date":"2022-05-12T09:48:06","date_gmt":"2022-05-12T07:48:06","guid":{"rendered":"http:\/\/klubmamgdynia.pl\/index.php\/produkt\/technoktoys-jezdzik-motocykl-5774\/"},"modified":"2026-04-30T23:25:22","modified_gmt":"2026-04-30T21:25:22","slug":"technoktoys-jezdzik-motocykl-5774","status":"publish","type":"product","link":"http:\/\/klubmamgdynia.pl\/index.php\/produkt\/technoktoys-jezdzik-motocykl-5774\/","title":{"rendered":"TechnokToys Je\u017cdzik Motocykl 5774"},"content":{"rendered":"<p>Motocykl TECHNOK stanie si\u0119 ulubionym pojazdem Twojego Malca. Motocykl ma oryginalny desing, niczym prawdziwy jedno\u015blad. Szerokie ko\u0142a motocykla zapewniaj\u0105 komfortow\u0105 jazd\u0119.<\/p>\n<h2>TechnokToys Je\u017cdzik Motocykl 5774 Technok<\/h2>\n<p>karyna, wierszyki o wakacjach kr\u00f3tkie, minecraft szablony do druku, karty pracy do druku za darmo, kolorowanki winx, quizy dla dzieci, prezent na dzien dziecka 7 lat, zagadki dla 5 latka, prank na prima aprilis, opowie\u015bci z narni test, opisy do zdj dziecka, bajki dla chlopcow, historia andrzejek dla dzieci, esmeralda, w uk\u0142adzie s\u0142onecznym, bajka o smoku, kolorowanka kotek do druku<\/p>\n<p>yyyyy<\/p>\n<p>&nbsp;<\/p>\n","protected":false},"excerpt":{"rendered":"<p>Motocykl TECHNOK stanie si\u0119 ulubionym pojazdem Twojego Malca. Motocykl ma oryginalny desing, niczym prawdziwy jedno\u015blad. Szerokie ko\u0142a motocykla zapewniaj\u0105 komfortow\u0105 jazd\u0119. TechnokToys Je\u017cdzik Motocykl 5774 Technok karyna, wierszyki o wakacjach kr\u00f3tkie, minecraft szablony do druku, karty pracy do druku za darmo, kolorowanki winx, quizy dla dzieci, prezent na dzien dziecka 7 lat, zagadki dla 5 [&hellip;]<\/p>\n","protected":false},"featured_media":5910,"comment_status":"closed","ping_status":"open","template":"","meta":[],"product_cat":[74,284],"product_tag":[688,645,821,712],"class_list":["post-5909","product","type-product","status-publish","has-post-thumbnail","hentry","product_cat-jezdziki","product_cat-technok","product_tag-kolysanki-tekst","product_tag-latwe-zagadki","product_tag-marianna","product_tag-zagadki-o-zwierzetach"],"_links":{"self":[{"href":"http:\/\/klubmamgdynia.pl\/index.php\/wp-json\/wp\/v2\/product\/5909","targetHints":{"allow":["GET"]}}],"collection":[{"href":"http:\/\/klubmamgdynia.pl\/index.php\/wp-json\/wp\/v2\/product"}],"about":[{"href":"http:\/\/klubmamgdynia.pl\/index.php\/wp-json\/wp\/v2\/types\/product"}],"replies":[{"embeddable":true,"href":"http:\/\/klubmamgdynia.pl\/index.php\/wp-json\/wp\/v2\/comments?post=5909"}],"wp:featuredmedia":[{"embeddable":true,"href":"http:\/\/klubmamgdynia.pl\/index.php\/wp-json\/wp\/v2\/media\/5910"}],"wp:attachment":[{"href":"http:\/\/klubmamgdynia.pl\/index.php\/wp-json\/wp\/v2\/media?parent=5909"}],"wp:term":[{"taxonomy":"product_cat","embeddable":true,"href":"http:\/\/klubmamgdynia.pl\/index.php\/wp-json\/wp\/v2\/product_cat?post=5909"},{"taxonomy":"product_tag","embeddable":true,"href":"http:\/\/klubmamgdynia.pl\/index.php\/wp-json\/wp\/v2\/product_tag?post=5909"}],"curies":[{"name":"wp","href":"https:\/\/api.w.org\/{rel}","templated":true}]}}