{"id":591,"date":"2012-09-16T03:14:32","date_gmt":"2012-09-16T01:14:32","guid":{"rendered":"http:\/\/klubmamgdynia.pl\/index.php\/produkt\/amigo-verlag-honigbienchen-wersja-niemiecka\/"},"modified":"2026-04-29T18:06:13","modified_gmt":"2026-04-29T16:06:13","slug":"amigo-verlag-honigbienchen-wersja-niemiecka","status":"publish","type":"product","link":"http:\/\/klubmamgdynia.pl\/index.php\/produkt\/amigo-verlag-honigbienchen-wersja-niemiecka\/","title":{"rendered":"Amigo Verlag Honigbienchen (wersja niemiecka)"},"content":{"rendered":"<p>Warnhinweis:\u00a7ACHTUNG! Nicht f\u00fcr Kinder unter 36 Monaten geeignet,Achtung: Verschluckbare Kleinteile.\u00a7\u00a7<\/p>\n<h2>Amigo Verlag Honigbienchen (wersja niemiecka) <\/h2>\n<p>nasza zima z\u0142a tekst, maska kota, jak zrobi\u0107 samolot z papieru, zadania logiczne dla dzieci, ma\u0142y ksi\u0105\u017c\u0119 cytaty o mi\u0142o\u015bci, wakacje kolorowanka<\/p>\n<p>yyyyy<\/p>\n<p>&nbsp;<\/p>\n","protected":false},"excerpt":{"rendered":"<p>Warnhinweis:\u00a7ACHTUNG! Nicht f\u00fcr Kinder unter 36 Monaten geeignet,Achtung: Verschluckbare Kleinteile.\u00a7\u00a7 Amigo Verlag Honigbienchen (wersja niemiecka) nasza zima z\u0142a tekst, maska kota, jak zrobi\u0107 samolot z papieru, zadania logiczne dla dzieci, ma\u0142y ksi\u0105\u017c\u0119 cytaty o mi\u0142o\u015bci, wakacje kolorowanka yyyyy &nbsp;<\/p>\n","protected":false},"featured_media":592,"comment_status":"closed","ping_status":"open","template":"","meta":[],"product_cat":[130],"product_tag":[765,838,716,678,733],"class_list":["post-591","product","type-product","status-publish","has-post-thumbnail","hentry","product_cat-gry-dzieciece","product_tag-atrakcje-dla-dzieci-warszawa","product_tag-bajki-dla-dzieci-na-dobranoc","product_tag-filmy-animowane-o-swietach","product_tag-prezent-na-roczek-dla-dziewczynki","product_tag-zarty-na-prima-aprilis"],"_links":{"self":[{"href":"http:\/\/klubmamgdynia.pl\/index.php\/wp-json\/wp\/v2\/product\/591","targetHints":{"allow":["GET"]}}],"collection":[{"href":"http:\/\/klubmamgdynia.pl\/index.php\/wp-json\/wp\/v2\/product"}],"about":[{"href":"http:\/\/klubmamgdynia.pl\/index.php\/wp-json\/wp\/v2\/types\/product"}],"replies":[{"embeddable":true,"href":"http:\/\/klubmamgdynia.pl\/index.php\/wp-json\/wp\/v2\/comments?post=591"}],"wp:featuredmedia":[{"embeddable":true,"href":"http:\/\/klubmamgdynia.pl\/index.php\/wp-json\/wp\/v2\/media\/592"}],"wp:attachment":[{"href":"http:\/\/klubmamgdynia.pl\/index.php\/wp-json\/wp\/v2\/media?parent=591"}],"wp:term":[{"taxonomy":"product_cat","embeddable":true,"href":"http:\/\/klubmamgdynia.pl\/index.php\/wp-json\/wp\/v2\/product_cat?post=591"},{"taxonomy":"product_tag","embeddable":true,"href":"http:\/\/klubmamgdynia.pl\/index.php\/wp-json\/wp\/v2\/product_tag?post=591"}],"curies":[{"name":"wp","href":"https:\/\/api.w.org\/{rel}","templated":true}]}}