{"id":5911,"date":"2011-02-01T12:22:57","date_gmt":"2011-02-01T11:22:57","guid":{"rendered":"http:\/\/klubmamgdynia.pl\/index.php\/produkt\/herlitz-linijka-metalowa-20cm-wysoka\/"},"modified":"2026-04-28T11:40:34","modified_gmt":"2026-04-28T09:40:34","slug":"herlitz-linijka-metalowa-20cm-wysoka","status":"publish","type":"product","link":"http:\/\/klubmamgdynia.pl\/index.php\/produkt\/herlitz-linijka-metalowa-20cm-wysoka\/","title":{"rendered":"Herlitz Linijka Metalowa 20Cm Wysoka"},"content":{"rendered":"<p>Linijka metalowa 20cm WysokaHERLITZLinijki firmy Herlitz:- linijki wykonane z wysokiej jako\u015bci plastiku odpornego na z\u0142amania- z kolorowymi brzegami i dwukierunkow\u0105 skal\u0105.Mix kolor\u00f3w, kolory wysy\u0142ane losowoWydawnictwo\/Producent: HERLITZRok wydania: folia,Wydawnictwo\/Producent: HERLITZRok wydania: folia,Producent: [wydawnictwo]Wiek dziecka:Kod EAN: 5901389576108Inne: [rok_wydania]DO KA\u017bDEGO ZAM\u00d3WIENIA WYSTAWIAMY FAKTUR\u0118 W FORMIE ELEKTRONICZNEJ I WYSY\u0141AMY J\u0104 JAKO ZA\u0141\u0104CZNIK DO WIADOMO\u015aCI Z INFORMACJ\u0104 O NADANIU PACZKI<\/p>\n<h2>Herlitz Linijka Metalowa 20Cm Wysoka Herlitz<\/h2>\n<p>kolorowanki antystresowe do druku, co mo\u017cna zrobi\u0107 z rolki papieru, \u015bwi\u0119ta wielkanocne piosenka tekst, hymn g\u00f3rniczy, prezent dla 17 latka, zadania dla 7 latka do druku, regina, ja\u015bmina, prezent na roczek od babci, prima aprilis pomys\u0142y, zagadki dla dzieci z odpowiedziami, psikusy na prima aprilis<\/p>\n<p>yyyyy<\/p>\n<p>&nbsp;<\/p>\n","protected":false},"excerpt":{"rendered":"<p>Linijka metalowa 20cm WysokaHERLITZLinijki firmy Herlitz:- linijki wykonane z wysokiej jako\u015bci plastiku odpornego na z\u0142amania- z kolorowymi brzegami i dwukierunkow\u0105 skal\u0105.Mix kolor\u00f3w, kolory wysy\u0142ane losowoWydawnictwo\/Producent: HERLITZRok wydania: folia,Wydawnictwo\/Producent: HERLITZRok wydania: folia,Producent: [wydawnictwo]Wiek dziecka:Kod EAN: 5901389576108Inne: [rok_wydania]DO KA\u017bDEGO ZAM\u00d3WIENIA WYSTAWIAMY FAKTUR\u0118 W FORMIE ELEKTRONICZNEJ I WYSY\u0141AMY J\u0104 JAKO ZA\u0141\u0104CZNIK DO WIADOMO\u015aCI Z INFORMACJ\u0104 O NADANIU PACZKI [&hellip;]<\/p>\n","protected":false},"featured_media":5912,"comment_status":"closed","ping_status":"open","template":"","meta":[],"product_cat":[1221,325],"product_tag":[758,669,663,672,634],"class_list":["post-5911","product","type-product","status-publish","has-post-thumbnail","hentry","product_cat-herlitz","product_cat-szkolne-artykuly-papiernicze","product_tag-julian","product_tag-kolorowanki","product_tag-kolorowanki-dla-dzieci-do-druku","product_tag-trudne-zagadki-z-odpowiedziami","product_tag-zagadki-wielkanocne-dla-dzieci"],"_links":{"self":[{"href":"http:\/\/klubmamgdynia.pl\/index.php\/wp-json\/wp\/v2\/product\/5911","targetHints":{"allow":["GET"]}}],"collection":[{"href":"http:\/\/klubmamgdynia.pl\/index.php\/wp-json\/wp\/v2\/product"}],"about":[{"href":"http:\/\/klubmamgdynia.pl\/index.php\/wp-json\/wp\/v2\/types\/product"}],"replies":[{"embeddable":true,"href":"http:\/\/klubmamgdynia.pl\/index.php\/wp-json\/wp\/v2\/comments?post=5911"}],"wp:featuredmedia":[{"embeddable":true,"href":"http:\/\/klubmamgdynia.pl\/index.php\/wp-json\/wp\/v2\/media\/5912"}],"wp:attachment":[{"href":"http:\/\/klubmamgdynia.pl\/index.php\/wp-json\/wp\/v2\/media?parent=5911"}],"wp:term":[{"taxonomy":"product_cat","embeddable":true,"href":"http:\/\/klubmamgdynia.pl\/index.php\/wp-json\/wp\/v2\/product_cat?post=5911"},{"taxonomy":"product_tag","embeddable":true,"href":"http:\/\/klubmamgdynia.pl\/index.php\/wp-json\/wp\/v2\/product_tag?post=5911"}],"curies":[{"name":"wp","href":"https:\/\/api.w.org\/{rel}","templated":true}]}}