{"id":5913,"date":"2020-04-08T18:10:47","date_gmt":"2020-04-08T16:10:47","guid":{"rendered":"http:\/\/klubmamgdynia.pl\/index.php\/produkt\/maan-marker-permanentny-bialy\/"},"modified":"2026-04-08T18:53:22","modified_gmt":"2026-04-08T16:53:22","slug":"maan-marker-permanentny-bialy","status":"publish","type":"product","link":"http:\/\/klubmamgdynia.pl\/index.php\/produkt\/maan-marker-permanentny-bialy\/","title":{"rendered":"Maan Marker Permanentny Bia\u0142y"},"content":{"rendered":"<p>Gigant &#8211; ko\u0144c\u00f3wka okr\u0105g\u0142awodoodporny marker przeznaczony do pisania, zakre\u015blania i wykonywania oznacze\u0144 na wi\u0119kszo\u015bci materia\u0142\u00f3w, r\u00f3wnie\u017c na szkle i metalu plastiku ,papierze itpszybkoschn\u0105cy ,nietoksyczny {bez zwi\u0105zk\u00f3w ksylenu i toluenu}z okr\u0105g\u0142\u0105 ko\u0144c\u00f3wk\u0105 1,5-2,5mm , zabezpieczon\u0105 przed wci\u015bni\u0119ciembardzo trwa\u0142y ,niezmywalny tusz na bazie alkoholu;wentylowana skuwka z podw\u00f3jnym systemem szczelno\u015bcipotwierdzona zgodno\u015b\u0107 z PN EN 71-3kolor: bia\u0142yd\u0142ugo\u015b\u0107 linii pisania do 1600m<\/p>\n<h2>Maan Marker Permanentny Bia\u0142y <\/h2>\n<p>test z lektury opowie\u015bci z narnii lew czarownica i stara szafa z odpowiedziami, prezent dla nastolatk\u00f3w na \u015bwi\u0119ta, prezent na 1 urodziny, jak narysowa\u0107 kota, platformy edukacyjne dla dzieci, kolorowe ciasto, prezent dla rocznego ch\u0142opca, szablony do wyklejania plastelin\u0105, lato lato lato czeka, oryginalny prezent na roczek dla ch\u0142opca, darmowe quizy, sentencje ma\u0142y ksi\u0105\u017ce cytaty, flagi europy quiz, zagadki o zwierz\u0119tach wiejskich, wakacje kolorowanka, kolorowanki harry potter, jesienne zagadki, dziecko cytaty z\u0142ote my\u015bli, sentencje o dzieciach<\/p>\n<p>yyyyy<\/p>\n<p>&nbsp;<\/p>\n","protected":false},"excerpt":{"rendered":"<p>Gigant &#8211; ko\u0144c\u00f3wka okr\u0105g\u0142awodoodporny marker przeznaczony do pisania, zakre\u015blania i wykonywania oznacze\u0144 na wi\u0119kszo\u015bci materia\u0142\u00f3w, r\u00f3wnie\u017c na szkle i metalu plastiku ,papierze itpszybkoschn\u0105cy ,nietoksyczny {bez zwi\u0105zk\u00f3w ksylenu i toluenu}z okr\u0105g\u0142\u0105 ko\u0144c\u00f3wk\u0105 1,5-2,5mm , zabezpieczon\u0105 przed wci\u015bni\u0119ciembardzo trwa\u0142y ,niezmywalny tusz na bazie alkoholu;wentylowana skuwka z podw\u00f3jnym systemem szczelno\u015bcipotwierdzona zgodno\u015b\u0107 z PN EN 71-3kolor: bia\u0142yd\u0142ugo\u015b\u0107 linii pisania [&hellip;]<\/p>\n","protected":false},"featured_media":5914,"comment_status":"closed","ping_status":"open","template":"","meta":[],"product_cat":[297],"product_tag":[825,662,785,733],"class_list":["post-5913","product","type-product","status-publish","has-post-thumbnail","hentry","product_cat-szkolne-artykuly-plastyczne","product_tag-bajka-na-dobranoc-do-czytania","product_tag-bajki-na-dobranoc","product_tag-prezent-dla-nastolatkow","product_tag-zarty-na-prima-aprilis"],"_links":{"self":[{"href":"http:\/\/klubmamgdynia.pl\/index.php\/wp-json\/wp\/v2\/product\/5913","targetHints":{"allow":["GET"]}}],"collection":[{"href":"http:\/\/klubmamgdynia.pl\/index.php\/wp-json\/wp\/v2\/product"}],"about":[{"href":"http:\/\/klubmamgdynia.pl\/index.php\/wp-json\/wp\/v2\/types\/product"}],"replies":[{"embeddable":true,"href":"http:\/\/klubmamgdynia.pl\/index.php\/wp-json\/wp\/v2\/comments?post=5913"}],"wp:featuredmedia":[{"embeddable":true,"href":"http:\/\/klubmamgdynia.pl\/index.php\/wp-json\/wp\/v2\/media\/5914"}],"wp:attachment":[{"href":"http:\/\/klubmamgdynia.pl\/index.php\/wp-json\/wp\/v2\/media?parent=5913"}],"wp:term":[{"taxonomy":"product_cat","embeddable":true,"href":"http:\/\/klubmamgdynia.pl\/index.php\/wp-json\/wp\/v2\/product_cat?post=5913"},{"taxonomy":"product_tag","embeddable":true,"href":"http:\/\/klubmamgdynia.pl\/index.php\/wp-json\/wp\/v2\/product_tag?post=5913"}],"curies":[{"name":"wp","href":"https:\/\/api.w.org\/{rel}","templated":true}]}}