{"id":5915,"date":"2011-01-15T13:16:54","date_gmt":"2011-01-15T12:16:54","guid":{"rendered":"http:\/\/klubmamgdynia.pl\/index.php\/produkt\/fotelik-samochodowy-cybex-sirona-m2-i-size-magnolia-pink-0-18kg\/"},"modified":"2026-04-29T09:13:41","modified_gmt":"2026-04-29T07:13:41","slug":"fotelik-samochodowy-cybex-sirona-m2-i-size-magnolia-pink-0-18kg","status":"publish","type":"product","link":"http:\/\/klubmamgdynia.pl\/index.php\/produkt\/fotelik-samochodowy-cybex-sirona-m2-i-size-magnolia-pink-0-18kg\/","title":{"rendered":"Fotelik samochodowy Cybex Sirona M2 I-Size Magnolia Pink 0-18Kg"},"content":{"rendered":"<p>Cybex Sirona M2 I-Size 0-18Kg<\/p>\n<p>Fotelik<br \/>\nsamochodowy Sirona M2 I-size to kolejne wydanie niezwykle popularnej serii<br \/>\nCybex Sirona tym razem zgodne z najnowsz\u0105 homologacj\u0105 I-Size. Wyr\u00f3\u017cnia si\u0119<br \/>\nprzede wszystkim funkcjonalno\u015bci\u0105 i dobrymi ocenami w testach bezpiecze\u0144stwa.<br \/>\nNale\u017cy do kategorii wagowej 0-18 kg, tzn. \u017ce mo\u017cemy w niej przewozi\u0107 dzieci od<br \/>\nurodzenia do osi\u0105gni\u0119cia wagi 18 kg (lub, zgodnie z I-size &#8211; do osi\u0105gni\u0119cia<br \/>\nwzrostu 105 cm). Daje to oko\u0142o 4 lat u\u017cytkowania, wi\u0119c warto wybra\u0107 fotelik<br \/>\nzapewniaj\u0105cy bezpiecze\u0144stwo w ka\u017cdych warunkach. Aby zachowa\u0107 komfortow\u0105 podr\u00f3\u017c<br \/>\nzar\u00f3wno dla noworodka, jak i czterolatka, potrzebne s\u0105 rozwi\u0105zania<br \/>\ndostosowuj\u0105ce siedzisko do rozmiar\u00f3w dziecka.                             <\/p>\n<p>Model<br \/>\nten oferuje nam a\u017c 12 r\u00f3\u017cnych wysoko\u015bci zag\u0142\u00f3wka do wyboru, regulujemy go wraz<br \/>\nz pi\u0119ciopunktowymi pasami bezpiecze\u0144stwa. Dodatkowo do dyspozycji mamy wk\u0142adk\u0119<br \/>\nredukcyjn\u0105 zw\u0119\u017caj\u0105c\u0105 siedzisko i uk\u0142adaj\u0105c\u0105 niemowl\u0119 w wygodnej, zdrowej dla<br \/>\nkr\u0119gos\u0142upa pozycji. Bezpiecze\u0144stwo gwarantuj\u0105 wysuwane os\u0142ony boczne LSP,<br \/>\nenergoch\u0142onna skorupa fotela czy te\u017c mo\u017cliwo\u015b\u0107 przewo\u017cenia dziecka ty\u0142em do<br \/>\nkierunku jazdy, te i inne rozwi\u0105zania zapewni\u0142y a\u017c 4 gwiazdki w testach ADAC.                            <\/p>\n<p>Dwa<br \/>\nkierunki do wyboruFotelik<br \/>\nSirona M2 I-size umo\u017cliwia przewo\u017cenie dzieci ty\u0142em do kierunku jazdy a\u017c do ok.<br \/>\n4 roku \u017cycia! Takie u\u0142o\u017cenie zapewnia roz\u0142o\u017cenie przeci\u0105\u017ce\u0144 na znacznie wi\u0119ksz\u0105<br \/>\npowierzchni\u0119 cia\u0142a u\u017cytkownika, co skutkuje m.in. a\u017c o 80% mniejszym ryzykiem<br \/>\nodniesienia obra\u017ce\u0144 podczas zderzenia czo\u0142owego (wyniki bada\u0144 Szwedzkiego<br \/>\nInstytutu Bada\u0144 Drogowych).A<br \/>\ngdyby dziecko zacz\u0119\u0142o gorzej znosi\u0107 jazd\u0119 ty\u0142em, w ka\u017cdej chwili mo\u017cemy obr\u00f3ci\u0107<br \/>\nsiedzisko do pozycji przodem do kierunku jazdy. Jazda przodem zalecana jest od<br \/>\nmomentu, w kt\u00f3rym u\u017cytkownik osi\u0105gnie wzrost 76 cm.                            <\/p>\n<p>Wysuwane<br \/>\nos\u0142ony boczneSystem<br \/>\nLSP polega na wysuni\u0119ciu os\u0142on bocznych i niezwykle efektywnie poch\u0142ania<br \/>\nenergi\u0119 uderzenia. Szczeg\u00f3lnie wa\u017cne jest, aby zawsze pami\u0119ta\u0107 o wysuni\u0119ciu<br \/>\nos\u0142ony od strony drzwi samochodu. Rozwi\u0105zanie to jest szczeg\u00f3lnie efektywne<br \/>\nprzy zderzeniach bocznych.\u00a0Fotelik,<br \/>\nkt\u00f3ry ro\u015bnie razem z dzieckiemDzi\u0119ki<br \/>\np\u0142ynnej 12-stopniowej regulacji zag\u0142\u00f3wka mamy pewno\u015b\u0107, \u017ce zawsze b\u0119dzie<br \/>\nznajdowa\u0142 si\u0119 na odpowiedniej wysoko\u015bci. R\u00f3wnocze\u015bnie zmienia si\u0119 r\u00f3wnie\u017c<br \/>\nwysoko\u015b\u0107 pas\u00f3w, gwarantuj\u0105c prawid\u0142owe u\u0142o\u017cenie na ramionach i klatce<br \/>\npiersiowej.\u00a0Regulowane<br \/>\noparcieJedn\u0105<br \/>\nr\u0119k\u0105, w prosty spos\u00f3b mo\u017cemy dowolnie zmienia\u0107 k\u0105t nachylenia oparcia,<br \/>\npozwalaj\u0105c dziecku na wygodn\u0105 drzemk\u0119 w samochodzie. Do dyspozycji mamy a\u017c 5<br \/>\npozycji przy ustawieniu ty\u0142em do kierunku jazdy oraz 3 pozycje przodem.                            <\/p>\n<p>Wytrzyma\u0142a<br \/>\nskorupaCa\u0142e<br \/>\nwn\u0119trze fotela zosta\u0142o otoczone wytrzyma\u0142\u0105 skorup\u0105 absorbuj\u0105c\u0105 energi\u0119<br \/>\nzderzenia.\u00a0Praktyczne<br \/>\nrozwi\u0105zaniaPo<br \/>\nbokach siedziska umieszczono specjalne zaczepki, na kt\u00f3rych powiesimy pasy<br \/>\nwewn\u0119trzne. Znacz\u0105co u\u0142atwi to wk\u0142adanie dziecka do samochodu.\u00a0Wygodna<br \/>\nregulacja pas\u00f3wPi\u0119ciopunktowe<br \/>\npasy bezpiecze\u0144stwa regulujemy jedn\u0105 r\u0119k\u0105, poci\u0105gaj\u0105c za pasek umieszczony na<br \/>\nsiedzisku. Pasy zosta\u0142y otoczone mi\u0119kkim materia\u0142em, aby nie podra\u017cnia\u0107 sk\u00f3ry<br \/>\ndziecka.                            <\/p>\n<p>Wk\u0142adka<br \/>\nredukcyjnaFotelik<br \/>\nzosta\u0142 wyposa\u017cony w specjaln\u0105 wk\u0142adk\u0119, dostosowuj\u0105c\u0105 kszta\u0142t i rozmiar wn\u0119trza<br \/>\nsiedziska do kr\u0119gos\u0142upa niemowlaka. Gdy maluch podro\u015bnie, mo\u017cemy j\u0105 \u0142atwo<br \/>\nwyj\u0105\u0107. Uwaga: wk\u0142adka nie nadaje si\u0119 do prania w pralce.\u00a0Zdejmowana<br \/>\ntapicerkaWszystkie<br \/>\nmateria\u0142owe elementy mo\u017cemy w prosty spos\u00f3b zdj\u0105\u0107 i wypra\u0107 w pralce (maks.<br \/>\ntemp.: 30\u00b0C).                            <\/p>\n<p>System<br \/>\nER-TECHFotelik<br \/>\nzosta\u0142 wyposa\u017cony w system ER-Tech (Energy Reduction Technology). System ma na<br \/>\ncelu zredukowanie si\u0142 dzia\u0142aj\u0105cych na szyj\u0119 dziecka w przypadku czo\u0142owego<br \/>\nzderzenia, w chwili przewo\u017cenia dziecka przodem do kierunku jazdy. W momencie<br \/>\nuderzenia zag\u0142\u00f3wek przesuwa si\u0119 w d\u00f3l i blokuje, redukuj\u0105c ruch powrotny szyi,<br \/>\nw ten spos\u00f3b redukuje si\u0142y o oko\u0142o 20% w stosunku do tradycyjnego fotelika.<\/p>\n<h2>Fotelik samochodowy Cybex Sirona M2 I-Size Magnolia Pink 0-18Kg Cybex<\/h2>\n<p>dzie\u0144 mamy sentencje, milosz imie, otto, okolice wroc\u0142awia, anastazja imi\u0119, milan imie, kwiecien plecien, w\u0119gierska g\u00f3rka, zagatki, znaki drogowe quiz, kolorowanka anio\u0142ek<\/p>\n<p>yyyyy<\/p>\n<p>&nbsp;<\/p>\n","protected":false},"excerpt":{"rendered":"<p>Cybex Sirona M2 I-Size 0-18Kg Fotelik samochodowy Sirona M2 I-size to kolejne wydanie niezwykle popularnej serii Cybex Sirona tym razem zgodne z najnowsz\u0105 homologacj\u0105 I-Size. Wyr\u00f3\u017cnia si\u0119 przede wszystkim funkcjonalno\u015bci\u0105 i dobrymi ocenami w testach bezpiecze\u0144stwa. Nale\u017cy do kategorii wagowej 0-18 kg, tzn. \u017ce mo\u017cemy w niej przewozi\u0107 dzieci od urodzenia do osi\u0105gni\u0119cia wagi 18 [&hellip;]<\/p>\n","protected":false},"featured_media":5916,"comment_status":"closed","ping_status":"open","template":"","meta":[],"product_cat":[34,32],"product_tag":[673,799,608,725],"class_list":["post-5915","product","type-product","status-publish","has-post-thumbnail","hentry","product_cat-cybex","product_cat-foteliki-samochodowe","product_tag-juz-blisko-koleda-tekst","product_tag-zagadka-logiczna","product_tag-zagadki-i-odpowiedzi","product_tag-zgadywanki"],"_links":{"self":[{"href":"http:\/\/klubmamgdynia.pl\/index.php\/wp-json\/wp\/v2\/product\/5915","targetHints":{"allow":["GET"]}}],"collection":[{"href":"http:\/\/klubmamgdynia.pl\/index.php\/wp-json\/wp\/v2\/product"}],"about":[{"href":"http:\/\/klubmamgdynia.pl\/index.php\/wp-json\/wp\/v2\/types\/product"}],"replies":[{"embeddable":true,"href":"http:\/\/klubmamgdynia.pl\/index.php\/wp-json\/wp\/v2\/comments?post=5915"}],"wp:featuredmedia":[{"embeddable":true,"href":"http:\/\/klubmamgdynia.pl\/index.php\/wp-json\/wp\/v2\/media\/5916"}],"wp:attachment":[{"href":"http:\/\/klubmamgdynia.pl\/index.php\/wp-json\/wp\/v2\/media?parent=5915"}],"wp:term":[{"taxonomy":"product_cat","embeddable":true,"href":"http:\/\/klubmamgdynia.pl\/index.php\/wp-json\/wp\/v2\/product_cat?post=5915"},{"taxonomy":"product_tag","embeddable":true,"href":"http:\/\/klubmamgdynia.pl\/index.php\/wp-json\/wp\/v2\/product_tag?post=5915"}],"curies":[{"name":"wp","href":"https:\/\/api.w.org\/{rel}","templated":true}]}}