{"id":5917,"date":"2018-03-28T20:06:45","date_gmt":"2018-03-28T18:06:45","guid":{"rendered":"http:\/\/klubmamgdynia.pl\/index.php\/produkt\/bambino-farby-plakatowe-do-malowania-24-kolory-10ml\/"},"modified":"2026-04-07T12:39:11","modified_gmt":"2026-04-07T10:39:11","slug":"bambino-farby-plakatowe-do-malowania-24-kolory-10ml","status":"publish","type":"product","link":"http:\/\/klubmamgdynia.pl\/index.php\/produkt\/bambino-farby-plakatowe-do-malowania-24-kolory-10ml\/","title":{"rendered":"Bambino Farby Plakatowe Do Malowania 24 Kolory 10Ml"},"content":{"rendered":"<p>Farby plakatowe Bambino Farby akrylowe s\u0142u\u017c\u0105 do wykonywania trwa\u0142ych prac, kt\u00f3re po wyschni\u0119ciu nie odbarwiaj\u0105 si\u0119 i nie rozmazuj\u0105. Nadaj\u0105 si\u0119 do malowania na wszelkich powierzchniach niech\u0142on\u0105cych wody. Rozcie\u0144czane s\u0105 za pomoc\u0105 wody. Poszczeg\u00f3lne kolory mo\u017cna ze sob\u0105 miesza\u0107, uzyskuj\u0105c w ten spos\u00f3b bardzo szeroka gam\u0119 kolorystyczna. Farby wykonane s\u0105 z bardzo dobrych jako\u015bciowo sk\u0142adnik\u00f3w, dzi\u0119ki czemu kolory zachowuj\u0105 intensywno\u015b\u0107, nawet po up\u0142ywie d\u0142ugiego czasu. Parametry: Kolor: wielokolorowy Pojemno\u015b\u0107: 10 ml Rodzaj: farby plakatowe Ilo\u015b\u0107: 24 sztuk<\/p>\n<h2>Bambino Farby Plakatowe Do Malowania 24 Kolory 10Ml Bambino<\/h2>\n<p>zaproszenie do druku, natalia, mateusz imi\u0119, zaproszenia na urodziny dla dzieci do druku, zabawy z 7 latkiem, na wyspach bergamutach, kolorowanki do wydrukowania, dyplomy do wydrukowania a4, dobrej nocy i sza, psi patrol do czytania, zagadki dla dzieci 5 lat, imi\u0119 r\u00f3\u017ca, test z lektury pies kt\u00f3ry je\u017adzi\u0142 kolej\u0105, stare piosenki dla dzieci teksty, \u0142atwe zagadki, bal halloween dla dzieci 2021, darmowe kolorowanki do druku, dalia imi\u0119, miasto dzieci.pl<\/p>\n<p>yyyyy<\/p>\n<p>&nbsp;<\/p>\n","protected":false},"excerpt":{"rendered":"<p>Farby plakatowe Bambino Farby akrylowe s\u0142u\u017c\u0105 do wykonywania trwa\u0142ych prac, kt\u00f3re po wyschni\u0119ciu nie odbarwiaj\u0105 si\u0119 i nie rozmazuj\u0105. Nadaj\u0105 si\u0119 do malowania na wszelkich powierzchniach niech\u0142on\u0105cych wody. Rozcie\u0144czane s\u0105 za pomoc\u0105 wody. Poszczeg\u00f3lne kolory mo\u017cna ze sob\u0105 miesza\u0107, uzyskuj\u0105c w ten spos\u00f3b bardzo szeroka gam\u0119 kolorystyczna. Farby wykonane s\u0105 z bardzo dobrych jako\u015bciowo sk\u0142adnik\u00f3w, [&hellip;]<\/p>\n","protected":false},"featured_media":5918,"comment_status":"closed","ping_status":"open","template":"","meta":[],"product_cat":[1400,297],"product_tag":[660,671,622,743,791],"class_list":["post-5917","product","type-product","status-publish","has-post-thumbnail","hentry","product_cat-bambino","product_cat-szkolne-artykuly-plastyczne","product_tag-bianka","product_tag-cicha-noc-po-angielsku-tekst","product_tag-fajne-zagadki","product_tag-quiz-dla-dzieci","product_tag-zagadki-na-myslenie"],"_links":{"self":[{"href":"http:\/\/klubmamgdynia.pl\/index.php\/wp-json\/wp\/v2\/product\/5917","targetHints":{"allow":["GET"]}}],"collection":[{"href":"http:\/\/klubmamgdynia.pl\/index.php\/wp-json\/wp\/v2\/product"}],"about":[{"href":"http:\/\/klubmamgdynia.pl\/index.php\/wp-json\/wp\/v2\/types\/product"}],"replies":[{"embeddable":true,"href":"http:\/\/klubmamgdynia.pl\/index.php\/wp-json\/wp\/v2\/comments?post=5917"}],"wp:featuredmedia":[{"embeddable":true,"href":"http:\/\/klubmamgdynia.pl\/index.php\/wp-json\/wp\/v2\/media\/5918"}],"wp:attachment":[{"href":"http:\/\/klubmamgdynia.pl\/index.php\/wp-json\/wp\/v2\/media?parent=5917"}],"wp:term":[{"taxonomy":"product_cat","embeddable":true,"href":"http:\/\/klubmamgdynia.pl\/index.php\/wp-json\/wp\/v2\/product_cat?post=5917"},{"taxonomy":"product_tag","embeddable":true,"href":"http:\/\/klubmamgdynia.pl\/index.php\/wp-json\/wp\/v2\/product_tag?post=5917"}],"curies":[{"name":"wp","href":"https:\/\/api.w.org\/{rel}","templated":true}]}}