{"id":5919,"date":"2018-06-30T20:15:14","date_gmt":"2018-06-30T18:15:14","guid":{"rendered":"http:\/\/klubmamgdynia.pl\/index.php\/produkt\/gra-planszowa-games-workshop-empire-state-handgunners\/"},"modified":"2026-04-04T22:16:30","modified_gmt":"2026-04-04T20:16:30","slug":"gra-planszowa-games-workshop-empire-state-handgunners","status":"publish","type":"product","link":"http:\/\/klubmamgdynia.pl\/index.php\/produkt\/gra-planszowa-games-workshop-empire-state-handgunners\/","title":{"rendered":"Gra planszowa Games Workshop Empire State Handgunners"},"content":{"rendered":"<p>Freeguild Handgunners \/ Crossbowmen | Empire<\/p>\n<h2>Gra planszowa Games Workshop Empire State Handgunners Games Workshop<\/h2>\n<p>test na patologi\u0119 z kubusia puchatka, zagadki dla 4 latka, szablon zaproszenia na urodziny do wydruku czarno bia\u0142e, cytaty o przyja\u017ani kr\u00f3tkie, glupie zagadki, zagadki dla dzieci 6-7 lat, szopka do druku, fajne prezenty dla nastolatk\u00f3w, wiersze o wakacjach, wiosna zagadki s\u0142owne, wiosenna kolorowanka, asiunia test z lektury, tajemniczy ogr\u00f3d test z lektury, bajki do czytania, ale kino program, test szatan z si\u00f3dmej klasy, pomysly na prezent na roczek, wierszyk o wakacjach, tabliczka mno\u017cenia kolorowanki do wydruku<\/p>\n<p>yyyyy<\/p>\n<p>&nbsp;<\/p>\n","protected":false},"excerpt":{"rendered":"<p>Freeguild Handgunners \/ Crossbowmen | Empire Gra planszowa Games Workshop Empire State Handgunners Games Workshop test na patologi\u0119 z kubusia puchatka, zagadki dla 4 latka, szablon zaproszenia na urodziny do wydruku czarno bia\u0142e, cytaty o przyja\u017ani kr\u00f3tkie, glupie zagadki, zagadki dla dzieci 6-7 lat, szopka do druku, fajne prezenty dla nastolatk\u00f3w, wiersze o wakacjach, wiosna [&hellip;]<\/p>\n","protected":false},"featured_media":5920,"comment_status":"closed","ping_status":"open","template":"","meta":[],"product_cat":[1401,235],"product_tag":[697,732,869],"class_list":["post-5919","product","type-product","status-publish","has-post-thumbnail","hentry","product_cat-games-workshop","product_cat-gry-planszowe","product_tag-krotkie-bajki-do-czytania","product_tag-prezent-dla-rocznego-chlopca","product_tag-zagadki-na-logike"],"_links":{"self":[{"href":"http:\/\/klubmamgdynia.pl\/index.php\/wp-json\/wp\/v2\/product\/5919","targetHints":{"allow":["GET"]}}],"collection":[{"href":"http:\/\/klubmamgdynia.pl\/index.php\/wp-json\/wp\/v2\/product"}],"about":[{"href":"http:\/\/klubmamgdynia.pl\/index.php\/wp-json\/wp\/v2\/types\/product"}],"replies":[{"embeddable":true,"href":"http:\/\/klubmamgdynia.pl\/index.php\/wp-json\/wp\/v2\/comments?post=5919"}],"wp:featuredmedia":[{"embeddable":true,"href":"http:\/\/klubmamgdynia.pl\/index.php\/wp-json\/wp\/v2\/media\/5920"}],"wp:attachment":[{"href":"http:\/\/klubmamgdynia.pl\/index.php\/wp-json\/wp\/v2\/media?parent=5919"}],"wp:term":[{"taxonomy":"product_cat","embeddable":true,"href":"http:\/\/klubmamgdynia.pl\/index.php\/wp-json\/wp\/v2\/product_cat?post=5919"},{"taxonomy":"product_tag","embeddable":true,"href":"http:\/\/klubmamgdynia.pl\/index.php\/wp-json\/wp\/v2\/product_tag?post=5919"}],"curies":[{"name":"wp","href":"https:\/\/api.w.org\/{rel}","templated":true}]}}