{"id":5923,"date":"2025-01-24T04:00:10","date_gmt":"2025-01-24T03:00:10","guid":{"rendered":"http:\/\/klubmamgdynia.pl\/?post_type=product&#038;p=5923"},"modified":"2026-05-17T22:24:45","modified_gmt":"2026-05-17T20:24:45","slug":"wilgotne-chusteczki-oczyszczajace-63-szt-idcare","status":"publish","type":"product","link":"http:\/\/klubmamgdynia.pl\/index.php\/produkt\/wilgotne-chusteczki-oczyszczajace-63-szt-idcare\/","title":{"rendered":"Wilgotne Chusteczki Oczyszczaj\u0105ce 63 Szt. Idcare"},"content":{"rendered":"<p>CHUSTECZKI DO CZYSZCZENIA I PIEL\u0118GNACJI SK\u00d3RY 63 szt. &#8211; iDcare \/ bez u\u017cycia wodyiDcare stosowane bez u\u017cycia wody zachowuj\u0105 naturaln\u0105 barier\u0119 sk\u00f3ry. To chusteczki z dodatkiem ekstraktu z rumianku, kt\u00f3re zar\u00f3wno czyszcz\u0105 jak i \u0142agodz\u0105 podra\u017cnienia sk\u00f3rne tak cz\u0119ste u os\u00f3b z problemem nietrzymania moczu, ka\u0142u lub os\u00f3b le\u017c\u0105cych. Nadaj\u0105 si\u0119 doskonale do higieny sk\u00f3ry w miejscach podra\u017cnionych dzia\u0142aniem moczu, ka\u0142u, itp.Posiadaj\u0105 neutralne pH. Bez dodatku myd\u0142a, alkoholu i barwnik\u00f3w. \u015awietnie radz\u0105 sobie z moczem i ka\u0142em.ZASTOSOWANIE:Przeznaczone do praktycznego, oszcz\u0119dzaj\u0105cego czas oczyszczania sk\u00f3ry, szczeg\u00f3lnie w przypadku nietrzymania moczu. Tolerancja dla sk\u00f3ry nara\u017conej na dzia\u0142anie niekorzystnych czynnik\u00f3w zewn\u0119trznych przebadana dermatologicznie. . Posiada pH naturalne dla sk\u00f3ry, bez zawarto\u015bci alkoholu. Stosuje si\u0119 be\u017c u\u017cycia wody.JAK DZIA\u0141AJ\u0104:czyszcz\u0105 zabrudzon\u0105 sk\u00f3r\u0119, neutralizuje nieprzyjemne zapachy. iDcare chusteczki do piel\u0119gnacji sk\u00f3ry s\u0105 mi\u0119kkie i delikatne dzi\u0119ki przyjaznym materia\u0142om oraz neutralnemu pH. Chusteczki zapachowe.Na tej aukcji dokonujesz zakupu:1 opakowanie 63 sztuk CHUSTECZEK iDcareW wariantowo\u015bci produktu znajd\u0105 Pa\u0144stwo zestawy w promocyjnej cenie:2 opakowa\u01443 opakowa\u01444 opakowa\u0144W\u0141A\u015aCIWO\u015aCI PRODUKTU:nie narusza bariery ochronnej sk\u00f3ry dzi\u0119ki pH 5,5praktyczne stosowanie bez wody i myd\u0142aszybko i \u0142agodnie oczyszcza zabrudzon\u0105 sk\u00f3r\u0119zawiera ekstrakt z kwiatu rumiankubardzo przyjemny \u015bwie\u017cy zapachwygodne w u\u017cyciu\u0142atwe zamykanie opakowaniaSTOSOWANIE PRODUKTU:opakowanie wielokrotnego u\u017cytku \/ 63 sztwyci\u0105gn\u0105\u0107 chusteczk\u0119 zamykaj\u0105c opakowaniewyczy\u015bci\u0107 stref\u0119 zabrudzeniaSK\u0141AD:AQUA, SODIUM CHLORIDE, PEG-40 HYDROGENATED CASTOR OIL, PARFUM, CHAMOMILLA RECUTITA (MATRICARIA), FLOWER EXTRACT, POTASSIUM SORBATE, SODIUM BENZOATE, LEVULINIC ACID, SODIUM LEVULINATE, GLYCERIN, TETRASODIUM GLUTAMATE DIACETATE, LACTIC ACID.OPAKOWANIE:63 szt. z wygodnym klipsem zamykaj\u0105cym.Polecamy dla os\u00f3b z problemami urologicznymi<\/p>\n<h2>Wilgotne Chusteczki Oczyszczaj\u0105ce 63 Szt. Idcare <\/h2>\n<p>bruno, test z lektury magiczne drzewo czerwone krzes\u0142o, maly kotek kotek kolorowanka, aurelia, aurelia imi\u0119<\/p>\n<p>yyyyy<\/p>\n<p>&nbsp;<\/p>\n","protected":false},"excerpt":{"rendered":"<p>CHUSTECZKI DO CZYSZCZENIA I PIEL\u0118GNACJI SK\u00d3RY 63 szt. &#8211; iDcare \/ bez u\u017cycia wodyiDcare stosowane bez u\u017cycia wody zachowuj\u0105 naturaln\u0105 barier\u0119 sk\u00f3ry. To chusteczki z dodatkiem ekstraktu z rumianku, kt\u00f3re zar\u00f3wno czyszcz\u0105 jak i \u0142agodz\u0105 podra\u017cnienia sk\u00f3rne tak cz\u0119ste u os\u00f3b z problemem nietrzymania moczu, ka\u0142u lub os\u00f3b le\u017c\u0105cych. Nadaj\u0105 si\u0119 doskonale do higieny sk\u00f3ry [&hellip;]<\/p>\n","protected":false},"featured_media":5924,"comment_status":"closed","ping_status":"open","template":"","meta":[],"product_cat":[474],"product_tag":[825,750,707,689,856,589,597],"class_list":["post-5923","product","type-product","status-publish","has-post-thumbnail","hentry","product_cat-kosmetyki-dla-dzieci-i-niemowlat","product_tag-bajka-na-dobranoc-do-czytania","product_tag-imie-kostek","product_tag-karty-pracy-dla-dzieci-z-ukrainy","product_tag-linda","product_tag-prezent-dla-16-latki","product_tag-prezent-dla-rocznego-dziecka","product_tag-zagadki-o-zimie"],"_links":{"self":[{"href":"http:\/\/klubmamgdynia.pl\/index.php\/wp-json\/wp\/v2\/product\/5923","targetHints":{"allow":["GET"]}}],"collection":[{"href":"http:\/\/klubmamgdynia.pl\/index.php\/wp-json\/wp\/v2\/product"}],"about":[{"href":"http:\/\/klubmamgdynia.pl\/index.php\/wp-json\/wp\/v2\/types\/product"}],"replies":[{"embeddable":true,"href":"http:\/\/klubmamgdynia.pl\/index.php\/wp-json\/wp\/v2\/comments?post=5923"}],"wp:featuredmedia":[{"embeddable":true,"href":"http:\/\/klubmamgdynia.pl\/index.php\/wp-json\/wp\/v2\/media\/5924"}],"wp:attachment":[{"href":"http:\/\/klubmamgdynia.pl\/index.php\/wp-json\/wp\/v2\/media?parent=5923"}],"wp:term":[{"taxonomy":"product_cat","embeddable":true,"href":"http:\/\/klubmamgdynia.pl\/index.php\/wp-json\/wp\/v2\/product_cat?post=5923"},{"taxonomy":"product_tag","embeddable":true,"href":"http:\/\/klubmamgdynia.pl\/index.php\/wp-json\/wp\/v2\/product_tag?post=5923"}],"curies":[{"name":"wp","href":"https:\/\/api.w.org\/{rel}","templated":true}]}}