{"id":5925,"date":"2017-11-05T09:14:05","date_gmt":"2017-11-05T08:14:05","guid":{"rendered":"http:\/\/klubmamgdynia.pl\/index.php\/produkt\/nivea-sun-protect-moisture-kids-spray-spf-30-200ml\/"},"modified":"2026-04-05T20:02:53","modified_gmt":"2026-04-05T18:02:53","slug":"nivea-sun-protect-moisture-kids-spray-spf-30-200ml","status":"publish","type":"product","link":"http:\/\/klubmamgdynia.pl\/index.php\/produkt\/nivea-sun-protect-moisture-kids-spray-spf-30-200ml\/","title":{"rendered":"Nivea Sun Protect &amp; Moisture Kids Spray Spf 30 200Ml"},"content":{"rendered":"<p>NIVEA SUN Protect&amp; Moisture Nawil\u017caj\u0105cy balsam ochronny w sprayu SPF 30 &#8211; Piel\u0119gnuj\u0105ca formu\u0142a sprayu do opalania NIVEA SUN zapewnia intensywne i d\u0142ugotrwa\u0142e nawil\u017cenie sk\u00f3ry pozostawiaj\u0105c j\u0105 g\u0142adk\u0105 i jedwabist\u0105 w dotyku. Dodatkowo pomaga zredukowa\u0107 ryzyko wyst\u0105pienia alergii s\u0142onecznej.Zawiera wysoce skuteczny system filtr\u00f3w UVA\/UVB, zapewniaj\u0105cy natychmiastow\u0105 i skuteczn\u0105 ochron\u0119 przed promieniowaniem s\u0142onecznym. Produkt pomaga zapobiega\u0107 oparzeniom oraz przedwczesnemu starzeniu si\u0119 sk\u00f3ry. Jego du\u017c\u0105 zalet\u0105 jest wodoodporno\u015b\u0107.Produkt NIVEA SUN posiada \u0142atwo biodegradowaln\u0105 formu\u0142\u0119.FORMU\u0141A W 100% ZGODNA Z HAWAJSKIM ROZPORZ\u0104DZENIEM OCHRONY RAFY KORALOWEJ. PRODUKT BEZ OKTOKSYLANU I OKSYBENZONU.Zaufaj jako\u015bci NIVEA SUN! Produkt przebadany dermatologicznie.<\/p>\n<h2>Nivea Sun Protect &amp; Moisture Kids Spray Spf 30 200Ml Nivea<\/h2>\n<p>andrea, rezolutna dziewczynka z wiersza tuwima, zagadki na myslenie, przyja\u017a\u0144 cytaty, lato lato lato czeka tekst, cytaty o rodzinie, test asiunia, zabawka na roczek dla ch\u0142opca, zagadki i odpowiedzi, prezent dla 14 letniej dziewczyny, prank na prima aprilis, prezent dla rocznej dziewczynki, zagadki o wielkanocy dla dzieci, mia imi\u0119, prezent dla nastolatk\u00f3w ch\u0142opc\u00f3w, babciu droga babciu tekst, kolorowanka lego friends, imie iwo<\/p>\n<p>yyyyy<\/p>\n<p>&nbsp;<\/p>\n","protected":false},"excerpt":{"rendered":"<p>NIVEA SUN Protect&amp; Moisture Nawil\u017caj\u0105cy balsam ochronny w sprayu SPF 30 &#8211; Piel\u0119gnuj\u0105ca formu\u0142a sprayu do opalania NIVEA SUN zapewnia intensywne i d\u0142ugotrwa\u0142e nawil\u017cenie sk\u00f3ry pozostawiaj\u0105c j\u0105 g\u0142adk\u0105 i jedwabist\u0105 w dotyku. Dodatkowo pomaga zredukowa\u0107 ryzyko wyst\u0105pienia alergii s\u0142onecznej.Zawiera wysoce skuteczny system filtr\u00f3w UVA\/UVB, zapewniaj\u0105cy natychmiastow\u0105 i skuteczn\u0105 ochron\u0119 przed promieniowaniem s\u0142onecznym. Produkt pomaga zapobiega\u0107 [&hellip;]<\/p>\n","protected":false},"featured_media":5926,"comment_status":"closed","ping_status":"open","template":"","meta":[],"product_cat":[474,1402],"product_tag":[603,656,642,581],"class_list":["post-5925","product","type-product","status-publish","has-post-thumbnail","hentry","product_cat-kosmetyki-dla-dzieci-i-niemowlat","product_cat-nivea","product_tag-bajki-do-czytania","product_tag-kolorowanki-lol","product_tag-mia-imie","product_tag-zagadki-dla-8-latka"],"_links":{"self":[{"href":"http:\/\/klubmamgdynia.pl\/index.php\/wp-json\/wp\/v2\/product\/5925","targetHints":{"allow":["GET"]}}],"collection":[{"href":"http:\/\/klubmamgdynia.pl\/index.php\/wp-json\/wp\/v2\/product"}],"about":[{"href":"http:\/\/klubmamgdynia.pl\/index.php\/wp-json\/wp\/v2\/types\/product"}],"replies":[{"embeddable":true,"href":"http:\/\/klubmamgdynia.pl\/index.php\/wp-json\/wp\/v2\/comments?post=5925"}],"wp:featuredmedia":[{"embeddable":true,"href":"http:\/\/klubmamgdynia.pl\/index.php\/wp-json\/wp\/v2\/media\/5926"}],"wp:attachment":[{"href":"http:\/\/klubmamgdynia.pl\/index.php\/wp-json\/wp\/v2\/media?parent=5925"}],"wp:term":[{"taxonomy":"product_cat","embeddable":true,"href":"http:\/\/klubmamgdynia.pl\/index.php\/wp-json\/wp\/v2\/product_cat?post=5925"},{"taxonomy":"product_tag","embeddable":true,"href":"http:\/\/klubmamgdynia.pl\/index.php\/wp-json\/wp\/v2\/product_tag?post=5925"}],"curies":[{"name":"wp","href":"https:\/\/api.w.org\/{rel}","templated":true}]}}