{"id":5927,"date":"2021-11-08T16:06:18","date_gmt":"2021-11-08T15:06:18","guid":{"rendered":"http:\/\/klubmamgdynia.pl\/index.php\/produkt\/midex-kanapka-do-skladania-zabawkowe-jedzenie-hamburger-zabawka\/"},"modified":"2026-04-04T03:03:24","modified_gmt":"2026-04-04T01:03:24","slug":"midex-kanapka-do-skladania-zabawkowe-jedzenie-hamburger-zabawka","status":"publish","type":"product","link":"http:\/\/klubmamgdynia.pl\/index.php\/produkt\/midex-kanapka-do-skladania-zabawkowe-jedzenie-hamburger-zabawka\/","title":{"rendered":"Midex Kanapka Do Sk\u0142adania Zabawkowe Jedzenie Hamburger &#8211; Zabawka"},"content":{"rendered":"<p>Kanapka Do Sk\u0142adania zabawkowe jedzenie Hamburger<\/p>\n<h2>Midex Kanapka Do Sk\u0142adania Zabawkowe Jedzenie Hamburger &#8211; Zabawka Midex<\/h2>\n<p>fajne \u017carty na prima aprilis, zabawy miko\u0142ajkowe dla dzieci, m\u00f3j przyjaciel mi\u015b scenariusz zaj\u0119\u0107 w przedszkolu, kolorowe ciasto, koty kolorowanki, kolorowanki my little pony, jak rozmawia\u0107 z dzie\u0107mi o wojnie, quizy ma\u0142y ksi\u0105\u017c\u0119, film rodzinny o \u015bwi\u0119tach, zagadki logiczne trudne, aneta, peppa kolorowanka do druku, dzie\u0144 matki w\u0142asnor\u0119czny prezent dla mamy od dziecka, calineczka test z odpowiedziami, kolorowanki pikachu, co kupi\u0107 nastolatkowi, co \u0142apie ale nie rzuca<\/p>\n<p>yyyyy<\/p>\n<p>&nbsp;<\/p>\n","protected":false},"excerpt":{"rendered":"<p>Kanapka Do Sk\u0142adania zabawkowe jedzenie Hamburger Midex Kanapka Do Sk\u0142adania Zabawkowe Jedzenie Hamburger &#8211; Zabawka Midex fajne \u017carty na prima aprilis, zabawy miko\u0142ajkowe dla dzieci, m\u00f3j przyjaciel mi\u015b scenariusz zaj\u0119\u0107 w przedszkolu, kolorowe ciasto, koty kolorowanki, kolorowanki my little pony, jak rozmawia\u0107 z dzie\u0107mi o wojnie, quizy ma\u0142y ksi\u0105\u017c\u0119, film rodzinny o \u015bwi\u0119tach, zagadki logiczne [&hellip;]<\/p>\n","protected":false},"featured_media":5928,"comment_status":"closed","ping_status":"open","template":"","meta":[],"product_cat":[53,1091],"product_tag":[772,664,594,651,724,577],"class_list":["post-5927","product","type-product","status-publish","has-post-thumbnail","hentry","product_cat-kaciki-zabaw","product_cat-midex","product_tag-45-panstw-europy-i-ich-stolice-quiz","product_tag-atrakcje-dla-dzieci-trojmiasto","product_tag-podchwytliwe-zagadki-dla-dzieci","product_tag-quizy-online","product_tag-zagadki-podchwytliwe","product_tag-znaki-drogowe-test"],"_links":{"self":[{"href":"http:\/\/klubmamgdynia.pl\/index.php\/wp-json\/wp\/v2\/product\/5927","targetHints":{"allow":["GET"]}}],"collection":[{"href":"http:\/\/klubmamgdynia.pl\/index.php\/wp-json\/wp\/v2\/product"}],"about":[{"href":"http:\/\/klubmamgdynia.pl\/index.php\/wp-json\/wp\/v2\/types\/product"}],"replies":[{"embeddable":true,"href":"http:\/\/klubmamgdynia.pl\/index.php\/wp-json\/wp\/v2\/comments?post=5927"}],"wp:featuredmedia":[{"embeddable":true,"href":"http:\/\/klubmamgdynia.pl\/index.php\/wp-json\/wp\/v2\/media\/5928"}],"wp:attachment":[{"href":"http:\/\/klubmamgdynia.pl\/index.php\/wp-json\/wp\/v2\/media?parent=5927"}],"wp:term":[{"taxonomy":"product_cat","embeddable":true,"href":"http:\/\/klubmamgdynia.pl\/index.php\/wp-json\/wp\/v2\/product_cat?post=5927"},{"taxonomy":"product_tag","embeddable":true,"href":"http:\/\/klubmamgdynia.pl\/index.php\/wp-json\/wp\/v2\/product_tag?post=5927"}],"curies":[{"name":"wp","href":"https:\/\/api.w.org\/{rel}","templated":true}]}}