{"id":5929,"date":"2015-06-21T00:51:25","date_gmt":"2015-06-20T22:51:25","guid":{"rendered":"http:\/\/klubmamgdynia.pl\/index.php\/produkt\/poduszka-ogrodowa-bianca-40x40cm-antracytowa-patio\/"},"modified":"2026-05-17T22:09:06","modified_gmt":"2026-05-17T20:09:06","slug":"poduszka-ogrodowa-bianca-40x40cm-antracytowa-patio","status":"publish","type":"product","link":"http:\/\/klubmamgdynia.pl\/index.php\/produkt\/poduszka-ogrodowa-bianca-40x40cm-antracytowa-patio\/","title":{"rendered":"Poduszka Ogrodowa Bianca 40X40Cm Antracytowa Patio"},"content":{"rendered":"<p>Poduszka typu jasiek. Posiada zdejmowan\u0105 poszewk\u0119 z zamkiem. Produkcja polska &#8211; DAJAR.<\/p>\n<h2>Poduszka Ogrodowa Bianca 40X40Cm Antracytowa Patio Patio<\/h2>\n<p>karty pracy dla dzieci z ukrainy do druku, test z lektury spos\u00f3b na alcybiadesa, roza imie, test z lektury asiunia, ch\u0142opcy z placu broni &#8211; test, imi\u0119 liwia, celina, lol kolorowanka, co kupic na roczek, prezent dla 15 latki<\/p>\n<p>yyyyy<\/p>\n<p>&nbsp;<\/p>\n","protected":false},"excerpt":{"rendered":"<p>Poduszka typu jasiek. Posiada zdejmowan\u0105 poszewk\u0119 z zamkiem. Produkcja polska &#8211; DAJAR. Poduszka Ogrodowa Bianca 40X40Cm Antracytowa Patio Patio karty pracy dla dzieci z ukrainy do druku, test z lektury spos\u00f3b na alcybiadesa, roza imie, test z lektury asiunia, ch\u0142opcy z placu broni &#8211; test, imi\u0119 liwia, celina, lol kolorowanka, co kupic na roczek, prezent [&hellip;]<\/p>\n","protected":false},"featured_media":5930,"comment_status":"closed","ping_status":"open","template":"","meta":[],"product_cat":[1399,1326],"product_tag":[723,643,841,587,588,760,812],"class_list":["post-5929","product","type-product","status-publish","has-post-thumbnail","hentry","product_cat-patio","product_cat-poduszki-ogrodowe","product_tag-krotkie-bajki-do-czytania-na-dobranoc","product_tag-prezent-dla-17-latki","product_tag-quiz-o-flagach","product_tag-skalne-miasto","product_tag-wzruszajace-slowa-dla-przyjaciela","product_tag-zagadka-matematyczna","product_tag-zagadki-logiczne-na-inteligencje"],"_links":{"self":[{"href":"http:\/\/klubmamgdynia.pl\/index.php\/wp-json\/wp\/v2\/product\/5929","targetHints":{"allow":["GET"]}}],"collection":[{"href":"http:\/\/klubmamgdynia.pl\/index.php\/wp-json\/wp\/v2\/product"}],"about":[{"href":"http:\/\/klubmamgdynia.pl\/index.php\/wp-json\/wp\/v2\/types\/product"}],"replies":[{"embeddable":true,"href":"http:\/\/klubmamgdynia.pl\/index.php\/wp-json\/wp\/v2\/comments?post=5929"}],"wp:featuredmedia":[{"embeddable":true,"href":"http:\/\/klubmamgdynia.pl\/index.php\/wp-json\/wp\/v2\/media\/5930"}],"wp:attachment":[{"href":"http:\/\/klubmamgdynia.pl\/index.php\/wp-json\/wp\/v2\/media?parent=5929"}],"wp:term":[{"taxonomy":"product_cat","embeddable":true,"href":"http:\/\/klubmamgdynia.pl\/index.php\/wp-json\/wp\/v2\/product_cat?post=5929"},{"taxonomy":"product_tag","embeddable":true,"href":"http:\/\/klubmamgdynia.pl\/index.php\/wp-json\/wp\/v2\/product_tag?post=5929"}],"curies":[{"name":"wp","href":"https:\/\/api.w.org\/{rel}","templated":true}]}}