{"id":5933,"date":"2017-11-11T21:44:42","date_gmt":"2017-11-11T20:44:42","guid":{"rendered":"http:\/\/klubmamgdynia.pl\/index.php\/produkt\/super-pisaki-6-kolorow-bebe-giotto\/"},"modified":"2026-04-25T01:23:09","modified_gmt":"2026-04-24T23:23:09","slug":"super-pisaki-6-kolorow-bebe-giotto","status":"publish","type":"product","link":"http:\/\/klubmamgdynia.pl\/index.php\/produkt\/super-pisaki-6-kolorow-bebe-giotto\/","title":{"rendered":"Super Pisaki 6 Kolor\u00f3w Bebe Giotto"},"content":{"rendered":"<p>Grube pisaki idealne dla bardzo ma\u0142ych dzieci. Bezpieczne i \u0142atwe do usuni\u0119cia (zar\u00f3wna z d\u0142oni jak i ubra\u0144), testowane dermatologicznie. Wentylowane zatyczki zapobiegaj\u0105 zad\u0142awieniu. Wyposa\u017cone w blokad\u0119 oraz bardzo mocn\u0105 ko\u0144c\u00f3wk\u0119, zapobiegaj\u0105c\u0105 wciskaniu. \u015arednica wk\u0142adu 5 mm. Ca\u0142kowite bezpiecze\u0144stwo gwarantowane starannym doborem sk\u0142adnik\u00f3w i drobiazgow\u0105 kontrol\u0105 jako\u015bci prowadzon\u0105 na ka\u017cdym etapie procesu produkcyjnego.<\/p>\n<h2>Super Pisaki 6 Kolor\u00f3w Bebe Giotto <\/h2>\n<p>warszawa atrakcje dla dzieci, cytaty dla mamy od c\u00f3rki, \u015bwinka peppa do czytania, cytaty o mamie, quiz dynastia mizio\u0142k\u00f3w, test z lektury miko\u0142ajek do druku, ahmed<\/p>\n<p>yyyyy<\/p>\n<p>&nbsp;<\/p>\n","protected":false},"excerpt":{"rendered":"<p>Grube pisaki idealne dla bardzo ma\u0142ych dzieci. Bezpieczne i \u0142atwe do usuni\u0119cia (zar\u00f3wna z d\u0142oni jak i ubra\u0144), testowane dermatologicznie. Wentylowane zatyczki zapobiegaj\u0105 zad\u0142awieniu. Wyposa\u017cone w blokad\u0119 oraz bardzo mocn\u0105 ko\u0144c\u00f3wk\u0119, zapobiegaj\u0105c\u0105 wciskaniu. \u015arednica wk\u0142adu 5 mm. Ca\u0142kowite bezpiecze\u0144stwo gwarantowane starannym doborem sk\u0142adnik\u00f3w i drobiazgow\u0105 kontrol\u0105 jako\u015bci prowadzon\u0105 na ka\u017cdym etapie procesu produkcyjnego. Super Pisaki [&hellip;]<\/p>\n","protected":false},"featured_media":5934,"comment_status":"closed","ping_status":"open","template":"","meta":[],"product_cat":[297],"product_tag":[829,754,669,870],"class_list":["post-5933","product","type-product","status-publish","has-post-thumbnail","hentry","product_cat-szkolne-artykuly-plastyczne","product_tag-bajki-do-czytania-na-dobranoc","product_tag-dyplomy-do-wydrukowania-a4","product_tag-kolorowanki","product_tag-prezent-dla-chlopca-na-roczek"],"_links":{"self":[{"href":"http:\/\/klubmamgdynia.pl\/index.php\/wp-json\/wp\/v2\/product\/5933","targetHints":{"allow":["GET"]}}],"collection":[{"href":"http:\/\/klubmamgdynia.pl\/index.php\/wp-json\/wp\/v2\/product"}],"about":[{"href":"http:\/\/klubmamgdynia.pl\/index.php\/wp-json\/wp\/v2\/types\/product"}],"replies":[{"embeddable":true,"href":"http:\/\/klubmamgdynia.pl\/index.php\/wp-json\/wp\/v2\/comments?post=5933"}],"wp:featuredmedia":[{"embeddable":true,"href":"http:\/\/klubmamgdynia.pl\/index.php\/wp-json\/wp\/v2\/media\/5934"}],"wp:attachment":[{"href":"http:\/\/klubmamgdynia.pl\/index.php\/wp-json\/wp\/v2\/media?parent=5933"}],"wp:term":[{"taxonomy":"product_cat","embeddable":true,"href":"http:\/\/klubmamgdynia.pl\/index.php\/wp-json\/wp\/v2\/product_cat?post=5933"},{"taxonomy":"product_tag","embeddable":true,"href":"http:\/\/klubmamgdynia.pl\/index.php\/wp-json\/wp\/v2\/product_tag?post=5933"}],"curies":[{"name":"wp","href":"https:\/\/api.w.org\/{rel}","templated":true}]}}