{"id":5935,"date":"2012-07-16T19:11:17","date_gmt":"2012-07-16T17:11:17","guid":{"rendered":"http:\/\/klubmamgdynia.pl\/index.php\/produkt\/fotelik-samochodowy-joie-spin-360-isofix-signature-noir-0-18kg\/"},"modified":"2026-05-17T22:39:03","modified_gmt":"2026-05-17T20:39:03","slug":"fotelik-samochodowy-joie-spin-360-isofix-signature-noir-0-18kg","status":"publish","type":"product","link":"http:\/\/klubmamgdynia.pl\/index.php\/produkt\/fotelik-samochodowy-joie-spin-360-isofix-signature-noir-0-18kg\/","title":{"rendered":"Fotelik samochodowy Joie Spin 360 Isofix Signature Noir 0-18Kg"},"content":{"rendered":"<p>Fotelik samochodowy Joie Spin 360 Isofix Signature Noir 0-18Kg<\/p>\n<p>Spin 360 to<br \/>\nniew\u0105tpliwie wyr\u00f3\u017cniaj\u0105ca si\u0119 pozycja w\u015br\u00f3d szerokiego asortymentu brytyjskiej<br \/>\nfirmy Joie i fotelik\u00f3w samochodowych w og\u00f3le. Zosta\u0142 stworzony do przewo\u017cenia<br \/>\ndzieci o wadze od 0 do 18 kg. Wbudowana baza z nog\u0105 stabilizuj\u0105c\u0105 pozwalaj\u0105 na<br \/>\nobr\u00f3t fotelika w 360 stopniach, co bardzo u\u0142atwia wk\u0142adanie dziecka do<br \/>\nsamochodu czy zapinanie pas\u00f3w bezpiecze\u0144stwa. Dodatkowo model ten daje rodzicom<br \/>\nwyb\u00f3r, jak chc\u0105 przewozi\u0107 dziecko, ty\u0142em (0-18 kg), lub przodem (9-18 kg) do<br \/>\nkierunku jazdy. Specjalne wk\u0142adki redukcyjne i wielostopniowa regulacja<br \/>\nzag\u0142\u00f3wka razem z pasami sprawiaj\u0105, \u017ce fotelik jest dopasowany do u\u017cytkownika<br \/>\nprzez ca\u0142y okres u\u017cytkowania. Latem z pomoc\u0105 przyjd\u0105 wysokiej jako\u015bci materia\u0142y<br \/>\ntapicerki przepuszczaj\u0105ce powietrze oraz wentylacja skorupy fotelika, \u017cadne<br \/>\nupa\u0142y nie b\u0119d\u0105 ju\u017c straszne w trakcie podr\u00f3\u017cy.<\/p>\n<p>Drzemka w samochodzie?<br \/>\nCzemu nie!<\/p>\n<p>Spanie w trakcie<br \/>\npodr\u00f3\u017cy jeszcze nigdy nie by\u0142o tak przyjemne! Fotelik Spin 360 posiada a\u017c 5<br \/>\npozycji pochylenia oparcia do wyboru, zar\u00f3wno przy ustawieniu przodem, jak i<br \/>\nty\u0142em do kierunku jazdy.<\/p>\n<p>R\u00f3\u017cne ustawienia do<br \/>\nwyboru <\/p>\n<p>Fotelik umo\u017cliwia<br \/>\njazd\u0119 ty\u0142em do kierunku jazdy przez ca\u0142y okres u\u017cytkowania, tj. od urodzenia do<br \/>\nosi\u0105gni\u0119cia wagi 18 kg.<\/p>\n<p>Opr\u00f3cz tego mo\u017cemy te\u017c<br \/>\npodr\u00f3\u017cowa\u0107 w pozycji przodem do kierunku jazdy, od momentu, gdy waga dziecka<br \/>\nosi\u0105gnie 9 kg.<\/p>\n<p>Obracany w 360<br \/>\nstopniach <\/p>\n<p>Wk\u0142adanie pociechy do<br \/>\nsamochodu jeszcze nigdy nie by\u0142o tak proste. Specjalna baza umo\u017cliwia obracanie<br \/>\nfotelika w 360 stopniach, bez problemu ustawisz fotelik przodem do wej\u015bcia, by<br \/>\nszybko i komfortowo zapi\u0105\u0107 dziecko, a potem obr\u00f3cisz, wedle \u017cyczenia, przodem<br \/>\nlub ty\u0142em do kanapy.<\/p>\n<p>Ro\u015bnie razem z<br \/>\ndzieckiem <\/p>\n<p>Wysoko\u015b\u0107 zag\u0142\u00f3wka<br \/>\nregulujemy w 6 pozycjach, razem z pi\u0119ciopunktowymi pasami bezpiecze\u0144stwa.<br \/>\nDodatkowo do dyspozycji mamy 3-stopniow\u0105 wk\u0142adk\u0119 redukcyjn\u0105 dbaj\u0105c\u0105 o<br \/>\nprawid\u0142owe u\u0142o\u017cenie drobnych dzieci w pocz\u0105tkowym okresie korzystania z<br \/>\nfotelika.<\/p>\n<p>Wzmocnione os\u0142ony<br \/>\nboczne <\/p>\n<p>Twarda skorupa i<br \/>\nzabudowane os\u0142ony boczne ze szczeg\u00f3ln\u0105 uwag\u0105 chroni\u0105 wra\u017cliwe cz\u0119\u015bci cia\u0142a,<br \/>\ntakie jak g\u0142owa, szyja czy organy wewn\u0119trzne.<\/p>\n<p>System Isofix <\/p>\n<p>Zapi\u0119cia Isofix \u0142\u0105cz\u0105<br \/>\nsi\u0119 bezpo\u015brednio z karoseri\u0105 samochodu, eliminuj\u0105c jakiekolwiek ryzyko wypi\u0119cia<br \/>\nfotelika podczas wypadku. Dodatkowo noga stabilizuj\u0105ca uniemo\u017cliwia jego ruch<br \/>\nna boki i dociska do kanapy samochodu, maksymalna stabilizacja w ka\u017cdych<br \/>\nwarunkach.<\/p>\n<p>Wentylowane materia\u0142y <\/p>\n<p>Wysokiej jako\u015bci<br \/>\ntapicerka zosta\u0142a wykonana z materia\u0142\u00f3w przepuszczaj\u0105cych powietrze. Dodatkowa<br \/>\nskorupa fotelika jest wentylowana w bocznych cz\u0119\u015bciach, co zapewnia maksymalny<br \/>\nkomfort w trakcie upalnych dni i ogranicza pocenie si\u0119 dziecka do minimum.<\/p>\n<p>Pi\u0119ciopunktowe pasy<br \/>\nbezpiecze\u0144stwa <\/p>\n<p>Otoczone mi\u0119ciutkim<br \/>\nmateria\u0142em, regulowane razem z zag\u0142\u00f3wkiem, doci\u0105gane jedn\u0105 r\u0119k\u0105 za pomoc\u0105<br \/>\nspecjalnego zapi\u0119cia<\/p>\n<h2>Fotelik samochodowy Joie Spin 360 Isofix Signature Noir 0-18Kg Joie<\/h2>\n<p>kartka walentynkowa zrobiona przez dzieci, hymn g\u00f3rniczy, kolorowanki do druku pieski, kontynenty dla dzieci do druku, test dynastia mizio\u0142k\u00f3w, my jeste\u015bmy krasnoludki tekst, prezenty na urodziny dla nastolatk\u00f3w, opowiadanie o miko\u0142aju dla przedszkolak\u00f3w, b\u0105k ptak<\/p>\n<p>yyyyy<\/p>\n<p>&nbsp;<\/p>\n","protected":false},"excerpt":{"rendered":"<p>Fotelik samochodowy Joie Spin 360 Isofix Signature Noir 0-18Kg Spin 360 to niew\u0105tpliwie wyr\u00f3\u017cniaj\u0105ca si\u0119 pozycja w\u015br\u00f3d szerokiego asortymentu brytyjskiej firmy Joie i fotelik\u00f3w samochodowych w og\u00f3le. Zosta\u0142 stworzony do przewo\u017cenia dzieci o wadze od 0 do 18 kg. Wbudowana baza z nog\u0105 stabilizuj\u0105c\u0105 pozwalaj\u0105 na obr\u00f3t fotelika w 360 stopniach, co bardzo u\u0142atwia wk\u0142adanie [&hellip;]<\/p>\n","protected":false},"featured_media":5936,"comment_status":"closed","ping_status":"open","template":"","meta":[],"product_cat":[32,1261],"product_tag":[723,729,824,850,788],"class_list":["post-5935","product","type-product","status-publish","has-post-thumbnail","hentry","product_cat-foteliki-samochodowe","product_cat-joie","product_tag-krotkie-bajki-do-czytania-na-dobranoc","product_tag-madre-bajki-dla-dzieci-do-czytania","product_tag-warszawa-atrakcje-dla-dzieci","product_tag-wroclaw-atrakcje-dla-dzieci","product_tag-zagadki-krotkie"],"_links":{"self":[{"href":"http:\/\/klubmamgdynia.pl\/index.php\/wp-json\/wp\/v2\/product\/5935","targetHints":{"allow":["GET"]}}],"collection":[{"href":"http:\/\/klubmamgdynia.pl\/index.php\/wp-json\/wp\/v2\/product"}],"about":[{"href":"http:\/\/klubmamgdynia.pl\/index.php\/wp-json\/wp\/v2\/types\/product"}],"replies":[{"embeddable":true,"href":"http:\/\/klubmamgdynia.pl\/index.php\/wp-json\/wp\/v2\/comments?post=5935"}],"wp:featuredmedia":[{"embeddable":true,"href":"http:\/\/klubmamgdynia.pl\/index.php\/wp-json\/wp\/v2\/media\/5936"}],"wp:attachment":[{"href":"http:\/\/klubmamgdynia.pl\/index.php\/wp-json\/wp\/v2\/media?parent=5935"}],"wp:term":[{"taxonomy":"product_cat","embeddable":true,"href":"http:\/\/klubmamgdynia.pl\/index.php\/wp-json\/wp\/v2\/product_cat?post=5935"},{"taxonomy":"product_tag","embeddable":true,"href":"http:\/\/klubmamgdynia.pl\/index.php\/wp-json\/wp\/v2\/product_tag?post=5935"}],"curies":[{"name":"wp","href":"https:\/\/api.w.org\/{rel}","templated":true}]}}