{"id":5937,"date":"2015-09-03T03:39:22","date_gmt":"2015-09-03T01:39:22","guid":{"rendered":"http:\/\/klubmamgdynia.pl\/index.php\/produkt\/catrinas-plecak-szkolny-claire-noelia-and-lila-niebieski-33x42x14cm\/"},"modified":"2026-05-17T22:14:16","modified_gmt":"2026-05-17T20:14:16","slug":"catrinas-plecak-szkolny-claire-noelia-and-lila-niebieski-33x42x14cm","status":"publish","type":"product","link":"http:\/\/klubmamgdynia.pl\/index.php\/produkt\/catrinas-plecak-szkolny-claire-noelia-and-lila-niebieski-33x42x14cm\/","title":{"rendered":"Catrinas Plecak Szkolny Claire, Noelia And Lila Niebieski 33X42X14Cm"},"content":{"rendered":"<p>Dzieci zas\u0142uguj\u0105 na to co najlepsze, dlatego przedstawiamy Ci Plecak szkolny Catrinas Claire, Noelia and Lila Niebieski (33 x 42 x 14 cm), idealny dla tych, kt\u00f3rzy szukaj\u0105 produkt\u00f3w wysokiej jako\u015bci dla dzieci! Zdob\u0105d\u017a Catrinas i inne produkty markowe i licencyjne w najlepszych cenach!Kolor: NiebieskiWydajno\u015b\u0107: 14 LRodzaj zapi\u0119cia: Zamek b\u0142yskawicznyW\u0142a\u015bciwo\u015bci: Podk\u0142adka ergonomicznaUchwyt u g\u00f3ryPrzystosowany do w\u00f3zka do plecakaMateria\u0142: Poliester 300DPrzegr\u00f3dki: Przednia kiesze\u0144 zamykana na suwakBoczna kiesze\u0144 na butelk\u0119Wymiary ok.: 33 x 42 x 14 cmStyl: CasualP\u0142e\u0107: Unisex&#8230;<\/p>\n<h2>Catrinas Plecak Szkolny Claire, Noelia And Lila Niebieski 33X42X14Cm Catrinas<\/h2>\n<p>spiderman do druku, zagadki dla dzieci 6 lat, daria imie, cytaty dzie\u0144 nauczyciela, kr\u00f3tkie bajki do czytania, nietypowe imiona damskie, na wyspach bergamuta, prezenty dla 7 latka, prezenty na roczek, zagdki, kolorowanki pieski, pierwsze urodziny prezent na roczek dla ch\u0142opca, oryginalny prezent dla nastolatk\u00f3w, natan imi\u0119<\/p>\n<p>yyyyy<\/p>\n<p>&nbsp;<\/p>\n","protected":false},"excerpt":{"rendered":"<p>Dzieci zas\u0142uguj\u0105 na to co najlepsze, dlatego przedstawiamy Ci Plecak szkolny Catrinas Claire, Noelia and Lila Niebieski (33 x 42 x 14 cm), idealny dla tych, kt\u00f3rzy szukaj\u0105 produkt\u00f3w wysokiej jako\u015bci dla dzieci! Zdob\u0105d\u017a Catrinas i inne produkty markowe i licencyjne w najlepszych cenach!Kolor: NiebieskiWydajno\u015b\u0107: 14 LRodzaj zapi\u0119cia: Zamek b\u0142yskawicznyW\u0142a\u015bciwo\u015bci: Podk\u0142adka ergonomicznaUchwyt u g\u00f3ryPrzystosowany do [&hellip;]<\/p>\n","protected":false},"featured_media":5938,"comment_status":"closed","ping_status":"open","template":"","meta":[],"product_cat":[1403,329],"product_tag":[797,862,732,869],"class_list":["post-5937","product","type-product","status-publish","has-post-thumbnail","hentry","product_cat-catrinas","product_cat-plecaki-szkolne","product_tag-kiekrz","product_tag-nasza-zima-zla-tekst","product_tag-prezent-dla-rocznego-chlopca","product_tag-zagadki-na-logike"],"_links":{"self":[{"href":"http:\/\/klubmamgdynia.pl\/index.php\/wp-json\/wp\/v2\/product\/5937","targetHints":{"allow":["GET"]}}],"collection":[{"href":"http:\/\/klubmamgdynia.pl\/index.php\/wp-json\/wp\/v2\/product"}],"about":[{"href":"http:\/\/klubmamgdynia.pl\/index.php\/wp-json\/wp\/v2\/types\/product"}],"replies":[{"embeddable":true,"href":"http:\/\/klubmamgdynia.pl\/index.php\/wp-json\/wp\/v2\/comments?post=5937"}],"wp:featuredmedia":[{"embeddable":true,"href":"http:\/\/klubmamgdynia.pl\/index.php\/wp-json\/wp\/v2\/media\/5938"}],"wp:attachment":[{"href":"http:\/\/klubmamgdynia.pl\/index.php\/wp-json\/wp\/v2\/media?parent=5937"}],"wp:term":[{"taxonomy":"product_cat","embeddable":true,"href":"http:\/\/klubmamgdynia.pl\/index.php\/wp-json\/wp\/v2\/product_cat?post=5937"},{"taxonomy":"product_tag","embeddable":true,"href":"http:\/\/klubmamgdynia.pl\/index.php\/wp-json\/wp\/v2\/product_tag?post=5937"}],"curies":[{"name":"wp","href":"https:\/\/api.w.org\/{rel}","templated":true}]}}