{"id":5939,"date":"2019-10-29T19:38:32","date_gmt":"2019-10-29T18:38:32","guid":{"rendered":"http:\/\/klubmamgdynia.pl\/index.php\/produkt\/dkny-plecak-dzieciecy-kolor-czarny-maly-z-aplikacja\/"},"modified":"2026-05-17T22:46:40","modified_gmt":"2026-05-17T20:46:40","slug":"dkny-plecak-dzieciecy-kolor-czarny-maly-z-aplikacja","status":"publish","type":"product","link":"http:\/\/klubmamgdynia.pl\/index.php\/produkt\/dkny-plecak-dzieciecy-kolor-czarny-maly-z-aplikacja\/","title":{"rendered":"Dkny Plecak Dzieci\u0119cy Kolor Czarny Ma\u0142y Z Aplikacj\u0105"},"content":{"rendered":"<p>&#8211; Jednokomorowy model.- Z przodu kieszonka.- Zapi\u0119cie na suwak.- Uchwyt do r\u0119ki.- Regulowana d\u0142ugo\u015b\u0107 pask\u00f3w.<\/p>\n<h2>Dkny Plecak Dzieci\u0119cy Kolor Czarny Ma\u0142y Z Aplikacj\u0105 <\/h2>\n<p>pisanie po \u015bladzie do druku pdf, zagadki wiosna, prezent dla pi\u0119tnastolatka, prezent na urodziny dla nastolatki, quizy psi patrol, oryginalny prezent na roczek dla ch\u0142opca, zagadki dla 7 latka, pomys\u0142y na roczek, smerfy kolorowanka, szybkie zagadki matematyczne, gabriel imie, pch\u0142y na noc, cytaty o przyja\u017ani kr\u00f3tkie, jak narysowa\u0107 cz\u0142owieka, kolorowanki lol<\/p>\n<p>yyyyy<\/p>\n<p>&nbsp;<\/p>\n","protected":false},"excerpt":{"rendered":"<p>&#8211; Jednokomorowy model.- Z przodu kieszonka.- Zapi\u0119cie na suwak.- Uchwyt do r\u0119ki.- Regulowana d\u0142ugo\u015b\u0107 pask\u00f3w. Dkny Plecak Dzieci\u0119cy Kolor Czarny Ma\u0142y Z Aplikacj\u0105 pisanie po \u015bladzie do druku pdf, zagadki wiosna, prezent dla pi\u0119tnastolatka, prezent na urodziny dla nastolatki, quizy psi patrol, oryginalny prezent na roczek dla ch\u0142opca, zagadki dla 7 latka, pomys\u0142y na roczek, [&hellip;]<\/p>\n","protected":false},"featured_media":5940,"comment_status":"closed","ping_status":"open","template":"","meta":[],"product_cat":[329],"product_tag":[859,583,813,646],"class_list":["post-5939","product","type-product","status-publish","has-post-thumbnail","hentry","product_cat-plecaki-szkolne","product_tag-dobranoc-pchly-na-noc","product_tag-kolysanki-dla-dzieci-tekst","product_tag-krotkie-zagadki-matematyczne-z-odpowiedziami","product_tag-prezent-na-pierwsze-urodziny"],"_links":{"self":[{"href":"http:\/\/klubmamgdynia.pl\/index.php\/wp-json\/wp\/v2\/product\/5939","targetHints":{"allow":["GET"]}}],"collection":[{"href":"http:\/\/klubmamgdynia.pl\/index.php\/wp-json\/wp\/v2\/product"}],"about":[{"href":"http:\/\/klubmamgdynia.pl\/index.php\/wp-json\/wp\/v2\/types\/product"}],"replies":[{"embeddable":true,"href":"http:\/\/klubmamgdynia.pl\/index.php\/wp-json\/wp\/v2\/comments?post=5939"}],"wp:featuredmedia":[{"embeddable":true,"href":"http:\/\/klubmamgdynia.pl\/index.php\/wp-json\/wp\/v2\/media\/5940"}],"wp:attachment":[{"href":"http:\/\/klubmamgdynia.pl\/index.php\/wp-json\/wp\/v2\/media?parent=5939"}],"wp:term":[{"taxonomy":"product_cat","embeddable":true,"href":"http:\/\/klubmamgdynia.pl\/index.php\/wp-json\/wp\/v2\/product_cat?post=5939"},{"taxonomy":"product_tag","embeddable":true,"href":"http:\/\/klubmamgdynia.pl\/index.php\/wp-json\/wp\/v2\/product_tag?post=5939"}],"curies":[{"name":"wp","href":"https:\/\/api.w.org\/{rel}","templated":true}]}}