{"id":5941,"date":"2012-10-28T01:36:31","date_gmt":"2012-10-27T23:36:31","guid":{"rendered":"http:\/\/klubmamgdynia.pl\/index.php\/produkt\/wk-notatnik-a5-96k-bg-870-mix\/"},"modified":"2026-04-28T16:19:35","modified_gmt":"2026-04-28T14:19:35","slug":"wk-notatnik-a5-96k-bg-870-mix","status":"publish","type":"product","link":"http:\/\/klubmamgdynia.pl\/index.php\/produkt\/wk-notatnik-a5-96k-bg-870-mix\/","title":{"rendered":"W&amp;K Notatnik A5\/96K Bg-870 Mix"},"content":{"rendered":"<p>Miks wzor\u00f3w, towar wysy\u0142any losowo. Cena za sztuk\u0119. Notatnik w twardej oprawie, rozmiar A5, 96 kartek.<\/p>\n<h2>W&amp;K Notatnik A5\/96K Bg-870 Mix <\/h2>\n<p>w zieleni \u0142\u0105ka majowa tekst, tupu tup po \u015bniegu tekst, zagadki na myslenie, cytaty korczaka, kolorowanka uk\u0142ad s\u0142oneczny dla dzieci do druku, zagadki dla dzieci o zwierz\u0119tach, zaproszenia na urodziny dla dzieci do druku, gry z pi\u0142k\u0105, horror dla dzieci, cytaty o nauczycielach, prezent dla 7 latka, prezent dla 14 latki<\/p>\n<p>yyyyy<\/p>\n<p>&nbsp;<\/p>\n","protected":false},"excerpt":{"rendered":"<p>Miks wzor\u00f3w, towar wysy\u0142any losowo. Cena za sztuk\u0119. Notatnik w twardej oprawie, rozmiar A5, 96 kartek. W&amp;K Notatnik A5\/96K Bg-870 Mix w zieleni \u0142\u0105ka majowa tekst, tupu tup po \u015bniegu tekst, zagadki na myslenie, cytaty korczaka, kolorowanka uk\u0142ad s\u0142oneczny dla dzieci do druku, zagadki dla dzieci o zwierz\u0119tach, zaproszenia na urodziny dla dzieci do druku, [&hellip;]<\/p>\n","protected":false},"featured_media":5942,"comment_status":"closed","ping_status":"open","template":"","meta":[],"product_cat":[325],"product_tag":[795,614,868,581],"class_list":["post-5941","product","type-product","status-publish","has-post-thumbnail","hentry","product_cat-szkolne-artykuly-papiernicze","product_tag-mini-zoo-warszawa","product_tag-pia","product_tag-quizy-dla-dzieci","product_tag-zagadki-dla-8-latka"],"_links":{"self":[{"href":"http:\/\/klubmamgdynia.pl\/index.php\/wp-json\/wp\/v2\/product\/5941","targetHints":{"allow":["GET"]}}],"collection":[{"href":"http:\/\/klubmamgdynia.pl\/index.php\/wp-json\/wp\/v2\/product"}],"about":[{"href":"http:\/\/klubmamgdynia.pl\/index.php\/wp-json\/wp\/v2\/types\/product"}],"replies":[{"embeddable":true,"href":"http:\/\/klubmamgdynia.pl\/index.php\/wp-json\/wp\/v2\/comments?post=5941"}],"wp:featuredmedia":[{"embeddable":true,"href":"http:\/\/klubmamgdynia.pl\/index.php\/wp-json\/wp\/v2\/media\/5942"}],"wp:attachment":[{"href":"http:\/\/klubmamgdynia.pl\/index.php\/wp-json\/wp\/v2\/media?parent=5941"}],"wp:term":[{"taxonomy":"product_cat","embeddable":true,"href":"http:\/\/klubmamgdynia.pl\/index.php\/wp-json\/wp\/v2\/product_cat?post=5941"},{"taxonomy":"product_tag","embeddable":true,"href":"http:\/\/klubmamgdynia.pl\/index.php\/wp-json\/wp\/v2\/product_tag?post=5941"}],"curies":[{"name":"wp","href":"https:\/\/api.w.org\/{rel}","templated":true}]}}