{"id":5943,"date":"2022-03-15T08:57:50","date_gmt":"2022-03-15T07:57:50","guid":{"rendered":"http:\/\/klubmamgdynia.pl\/index.php\/produkt\/gra-planszowa-lucrum-games-kamienna-mandala-harmony\/"},"modified":"2026-04-28T22:49:06","modified_gmt":"2026-04-28T20:49:06","slug":"gra-planszowa-lucrum-games-kamienna-mandala-harmony","status":"publish","type":"product","link":"http:\/\/klubmamgdynia.pl\/index.php\/produkt\/gra-planszowa-lucrum-games-kamienna-mandala-harmony\/","title":{"rendered":"Gra planszowa Lucrum Games Kamienna Mandala: Harmony"},"content":{"rendered":"<p>Poznajcie nowe, wyj\u0105tkowe bia\u0142e kamienie, kt\u00f3re potrafi\u0105 zast\u0105pi\u0107 dowolny kolor i pozwol\u0105 wam tworzy\u0107 nowe, niesamowite kompozycje oraz wprowadzi\u0107 do rozgrywki kolejne \u015bmia\u0142e strategie.<\/p>\n<h2>Gra planszowa Lucrum Games Kamienna Mandala: Harmony Lucrum Games<\/h2>\n<p>psi patrol do druku, bajka o biedronce, bajki dla chlopcow, cytat dla mamy, bajki dla dzieci do czytania, kolorowe listki, miasto dzieci pl, dzieci.pl, mia i ja kolorowanki do druku, imiona postaci z bajek, nadia, nauka j\u0119zyka polskiego dla dzieci z ukrainy materia\u0142y<\/p>\n<p>yyyyy<\/p>\n<p>&nbsp;<\/p>\n","protected":false},"excerpt":{"rendered":"<p>Poznajcie nowe, wyj\u0105tkowe bia\u0142e kamienie, kt\u00f3re potrafi\u0105 zast\u0105pi\u0107 dowolny kolor i pozwol\u0105 wam tworzy\u0107 nowe, niesamowite kompozycje oraz wprowadzi\u0107 do rozgrywki kolejne \u015bmia\u0142e strategie. Gra planszowa Lucrum Games Kamienna Mandala: Harmony Lucrum Games psi patrol do druku, bajka o biedronce, bajki dla chlopcow, cytat dla mamy, bajki dla dzieci do czytania, kolorowe listki, miasto dzieci [&hellip;]<\/p>\n","protected":false},"featured_media":5944,"comment_status":"closed","ping_status":"open","template":"","meta":[],"product_cat":[235,1404],"product_tag":[611,719,580,814,608,712],"class_list":["post-5943","product","type-product","status-publish","has-post-thumbnail","hentry","product_cat-gry-planszowe","product_cat-lucrum-games","product_tag-bajki-do-czytania-psi-patrol","product_tag-dziecko-cytaty-zlote-mysli","product_tag-janusz","product_tag-prezenty-dla-nastolatek","product_tag-zagadki-i-odpowiedzi","product_tag-zagadki-o-zwierzetach"],"_links":{"self":[{"href":"http:\/\/klubmamgdynia.pl\/index.php\/wp-json\/wp\/v2\/product\/5943","targetHints":{"allow":["GET"]}}],"collection":[{"href":"http:\/\/klubmamgdynia.pl\/index.php\/wp-json\/wp\/v2\/product"}],"about":[{"href":"http:\/\/klubmamgdynia.pl\/index.php\/wp-json\/wp\/v2\/types\/product"}],"replies":[{"embeddable":true,"href":"http:\/\/klubmamgdynia.pl\/index.php\/wp-json\/wp\/v2\/comments?post=5943"}],"wp:featuredmedia":[{"embeddable":true,"href":"http:\/\/klubmamgdynia.pl\/index.php\/wp-json\/wp\/v2\/media\/5944"}],"wp:attachment":[{"href":"http:\/\/klubmamgdynia.pl\/index.php\/wp-json\/wp\/v2\/media?parent=5943"}],"wp:term":[{"taxonomy":"product_cat","embeddable":true,"href":"http:\/\/klubmamgdynia.pl\/index.php\/wp-json\/wp\/v2\/product_cat?post=5943"},{"taxonomy":"product_tag","embeddable":true,"href":"http:\/\/klubmamgdynia.pl\/index.php\/wp-json\/wp\/v2\/product_tag?post=5943"}],"curies":[{"name":"wp","href":"https:\/\/api.w.org\/{rel}","templated":true}]}}