{"id":5945,"date":"2014-11-22T18:14:43","date_gmt":"2014-11-22T17:14:43","guid":{"rendered":"http:\/\/klubmamgdynia.pl\/index.php\/produkt\/st-majewski-piornik-tuba-saszetka-suwak-robert-lewandowski\/"},"modified":"2026-05-17T22:05:42","modified_gmt":"2026-05-17T20:05:42","slug":"st-majewski-piornik-tuba-saszetka-suwak-robert-lewandowski","status":"publish","type":"product","link":"http:\/\/klubmamgdynia.pl\/index.php\/produkt\/st-majewski-piornik-tuba-saszetka-suwak-robert-lewandowski\/","title":{"rendered":"St. Majewski Pi\u00f3rnik Tuba Saszetka Suwak Robert Lewandowski"},"content":{"rendered":"<p>PI\u00d3RNIK saszetka tubaProdukt marki st. MajewskiPi\u00f3rnik jednokomorowy tuba, zapinany na zamek b\u0142yskawicznySzerokie zastosowanie produktuKolor: wielokolorowyWymiary:8 x 22,5 x 8 cmProdukt nowy.pi\u00f3rnik jednokomorowy w formie tuby do przechowywania szkolnych akcesori\u00f3w luzem.pi\u00f3rnik wykonano z wysokiej jako\u015bci materia\u0142\u00f3w.wyposa\u017cony w mocny zamek<\/p>\n<h2>St. Majewski Pi\u00f3rnik Tuba Saszetka Suwak Robert Lewandowski St. Majewski<\/h2>\n<p>zaczarowana zagroda &#8211; test, sentencje o przyja\u017ani, kolorowanki dla dziewczyn, mia imie, wiersz na wielkanocnym stole, imi\u0119 mia, ach \u015bpij kochanie tekst, szablony papierowe lalki do ubierania do wydruku, kolorowanki, sporty po francusku, kolorowanki dla dziewczynek do druku, zadania dla 7 latka do druku, myszka minnie kolorowanka, niezapomniany prezent na roczek, uk\u0142ad s\u0142oneczny kolorowanka, \u017cyczenia na lany poniedzia\u0142ek wielkanocny<\/p>\n<p>yyyyy<\/p>\n<p>&nbsp;<\/p>\n","protected":false},"excerpt":{"rendered":"<p>PI\u00d3RNIK saszetka tubaProdukt marki st. MajewskiPi\u00f3rnik jednokomorowy tuba, zapinany na zamek b\u0142yskawicznySzerokie zastosowanie produktuKolor: wielokolorowyWymiary:8 x 22,5 x 8 cmProdukt nowy.pi\u00f3rnik jednokomorowy w formie tuby do przechowywania szkolnych akcesori\u00f3w luzem.pi\u00f3rnik wykonano z wysokiej jako\u015bci materia\u0142\u00f3w.wyposa\u017cony w mocny zamek St. Majewski Pi\u00f3rnik Tuba Saszetka Suwak Robert Lewandowski St. Majewski zaczarowana zagroda &#8211; test, sentencje o przyja\u017ani, [&hellip;]<\/p>\n","protected":false},"featured_media":5946,"comment_status":"closed","ping_status":"open","template":"","meta":[],"product_cat":[976,1392],"product_tag":[845,688,687,814,769,588],"class_list":["post-5945","product","type-product","status-publish","has-post-thumbnail","hentry","product_cat-piorniki","product_cat-st-majewski","product_tag-ach-spij-kochanie-tekst","product_tag-kolysanki-tekst","product_tag-podchwytliwe-zagadki-matematyczne","product_tag-prezenty-dla-nastolatek","product_tag-psi-patrol-do-czytania","product_tag-wzruszajace-slowa-dla-przyjaciela"],"_links":{"self":[{"href":"http:\/\/klubmamgdynia.pl\/index.php\/wp-json\/wp\/v2\/product\/5945","targetHints":{"allow":["GET"]}}],"collection":[{"href":"http:\/\/klubmamgdynia.pl\/index.php\/wp-json\/wp\/v2\/product"}],"about":[{"href":"http:\/\/klubmamgdynia.pl\/index.php\/wp-json\/wp\/v2\/types\/product"}],"replies":[{"embeddable":true,"href":"http:\/\/klubmamgdynia.pl\/index.php\/wp-json\/wp\/v2\/comments?post=5945"}],"wp:featuredmedia":[{"embeddable":true,"href":"http:\/\/klubmamgdynia.pl\/index.php\/wp-json\/wp\/v2\/media\/5946"}],"wp:attachment":[{"href":"http:\/\/klubmamgdynia.pl\/index.php\/wp-json\/wp\/v2\/media?parent=5945"}],"wp:term":[{"taxonomy":"product_cat","embeddable":true,"href":"http:\/\/klubmamgdynia.pl\/index.php\/wp-json\/wp\/v2\/product_cat?post=5945"},{"taxonomy":"product_tag","embeddable":true,"href":"http:\/\/klubmamgdynia.pl\/index.php\/wp-json\/wp\/v2\/product_tag?post=5945"}],"curies":[{"name":"wp","href":"https:\/\/api.w.org\/{rel}","templated":true}]}}