{"id":5951,"date":"2012-01-28T21:37:39","date_gmt":"2012-01-28T20:37:39","guid":{"rendered":"http:\/\/klubmamgdynia.pl\/index.php\/produkt\/smoby-little-green-zestaw-kuchenny-kuchnia-14el-zabawka\/"},"modified":"2026-04-22T12:47:42","modified_gmt":"2026-04-22T10:47:42","slug":"smoby-little-green-zestaw-kuchenny-kuchnia-14el-zabawka","status":"publish","type":"product","link":"http:\/\/klubmamgdynia.pl\/index.php\/produkt\/smoby-little-green-zestaw-kuchenny-kuchnia-14el-zabawka\/","title":{"rendered":"Smoby Little Green Zestaw Kuchenny Kuchnia 14El &#8211; Zabawka"},"content":{"rendered":"<p>SMOBY Little Green Zestaw Kuchenny Zastawa Kuchenna BioplastikSeria Little Smoby powsta\u0142a z my\u015bl\u0105 o najm\u0142odszych dzieciach. Znajdziemy tu wiele zabawek &#8211; gara\u017ce, je\u017adziki, kuchnie, czy ma\u0142e zabawki. Wszystko utrzymane w pastelowej kolorystyce. To uwielbiane przez dzieci zabawki &#8211; w zupe\u0142nie nowej ods\u0142onie.Smoby dbaj\u0105c o \u015brodowisko wprowadza kolekcj\u0119 Green &#8211; zabawki wykonane z plastiku ro\u015blinnego z trzciny cukrowej.Charakterystyka:Kod produktu: 140606zestaw kuchenny sk\u0142ada si\u0119 z 14 element\u00f3ww zestawie znajdziemy 2 talerzyki, 2 widelce, 2 no\u017ce, 2 \u0142y\u017ceczki, 2 kieliszki na jajka, 2 kubeczki, cukierniczk\u0119 i dzbanuszek na mlekoto idealne uzupe\u0142nienie ka\u017cdej dzieci\u0119cej kuchni, restauracji, domku ogrodowego, czy koszyka piknikowegowykonane z bioplastiku &#8211; plastiku ro\u015blinnego z trzciny cukrowejDla dzieci od 18 miesi\u0105caWymiary opakowania: 22,5 x 30,5 x 8 (cm)Smoby to francuska firma z tradycjami si\u0119gaj\u0105cymi roku 1924, nale\u017c\u0105ca obecnie do niemieckiego koncernu zabawkarskiego Simba-Dickie Group, tworz\u0105ca, produkuj\u0105ca i dystrybuuj\u0105ca bardzo szerok\u0105 gam\u0119 zabawek. Dzi\u015b produkty Smoby , wytwarzane w wi\u0119kszo\u015bci w Europie, ciesz\u0105 si\u0119 ogromn\u0105 popularno\u015bci\u0105, a cechuje je najwy\u017csza jako\u015b\u0107, bezpiecze\u0144stwo i trwa\u0142o\u015b\u0107. Dzi\u0119ki temu, i\u017c s\u0105 one stuprocentowym gwarantem rado\u015bci i dobrej zabawy dla najm\u0142odszych, trafi\u0142y ju\u017c niemal w ka\u017cdy zak\u0105tek \u015bwiata.<\/p>\n<h2>Smoby Little Green Zestaw Kuchenny Kuchnia 14El &#8211; Zabawka Smoby<\/h2>\n<p>zagadki matematyczne dla dzieci 7 lat, \u017c\u0105rty na prima aprilis, wydarzenia dla dzieci warszawa, prezent na roczek nie zabawka, kr\u00f3tkie zagadki, trudne zagadki dla doros\u0142ych, uk\u0142ad s\u0142oneczny kolorowanka, prezent dla 7 latka, lody kolorowanka, znaczenie imienia milan, rozalia imie, jak narysowa\u0107 psa, dyplom za udzia\u0142 w konkursie do druku, audiobook dla dzieci za darmo, imi\u0119 nela, ksi\u0105\u017cka dla dzieci online, lol surprise kolorowanka, sandra imie, kr\u00f3tkie zagadki dla dzieci, bajki na dobranoc, nauka pisania literek do wydruku pdf<\/p>\n<p>yyyyy<\/p>\n<p>&nbsp;<\/p>\n","protected":false},"excerpt":{"rendered":"<p>SMOBY Little Green Zestaw Kuchenny Zastawa Kuchenna BioplastikSeria Little Smoby powsta\u0142a z my\u015bl\u0105 o najm\u0142odszych dzieciach. Znajdziemy tu wiele zabawek &#8211; gara\u017ce, je\u017adziki, kuchnie, czy ma\u0142e zabawki. Wszystko utrzymane w pastelowej kolorystyce. To uwielbiane przez dzieci zabawki &#8211; w zupe\u0142nie nowej ods\u0142onie.Smoby dbaj\u0105c o \u015brodowisko wprowadza kolekcj\u0119 Green &#8211; zabawki wykonane z plastiku ro\u015blinnego z [&hellip;]<\/p>\n","protected":false},"featured_media":5952,"comment_status":"closed","ping_status":"open","template":"","meta":[],"product_cat":[53,556],"product_tag":[827,585,697,868,629,628],"class_list":["post-5951","product","type-product","status-publish","has-post-thumbnail","hentry","product_cat-kaciki-zabaw","product_cat-smoby","product_tag-bajki-dla-niemowlat","product_tag-kolorowanki-dla-chlopcow","product_tag-krotkie-bajki-do-czytania","product_tag-quizy-dla-dzieci","product_tag-smieszne-zagadki-z-odpowiedziami","product_tag-zagadka"],"_links":{"self":[{"href":"http:\/\/klubmamgdynia.pl\/index.php\/wp-json\/wp\/v2\/product\/5951","targetHints":{"allow":["GET"]}}],"collection":[{"href":"http:\/\/klubmamgdynia.pl\/index.php\/wp-json\/wp\/v2\/product"}],"about":[{"href":"http:\/\/klubmamgdynia.pl\/index.php\/wp-json\/wp\/v2\/types\/product"}],"replies":[{"embeddable":true,"href":"http:\/\/klubmamgdynia.pl\/index.php\/wp-json\/wp\/v2\/comments?post=5951"}],"wp:featuredmedia":[{"embeddable":true,"href":"http:\/\/klubmamgdynia.pl\/index.php\/wp-json\/wp\/v2\/media\/5952"}],"wp:attachment":[{"href":"http:\/\/klubmamgdynia.pl\/index.php\/wp-json\/wp\/v2\/media?parent=5951"}],"wp:term":[{"taxonomy":"product_cat","embeddable":true,"href":"http:\/\/klubmamgdynia.pl\/index.php\/wp-json\/wp\/v2\/product_cat?post=5951"},{"taxonomy":"product_tag","embeddable":true,"href":"http:\/\/klubmamgdynia.pl\/index.php\/wp-json\/wp\/v2\/product_tag?post=5951"}],"curies":[{"name":"wp","href":"https:\/\/api.w.org\/{rel}","templated":true}]}}