{"id":5955,"date":"2012-04-21T04:23:28","date_gmt":"2012-04-21T02:23:28","guid":{"rendered":"http:\/\/klubmamgdynia.pl\/index.php\/produkt\/gra-planszowa-winning-moves-monopoly-polska-jest-piekna\/"},"modified":"2026-04-30T19:36:06","modified_gmt":"2026-04-30T17:36:06","slug":"gra-planszowa-winning-moves-monopoly-polska-jest-piekna","status":"publish","type":"product","link":"http:\/\/klubmamgdynia.pl\/index.php\/produkt\/gra-planszowa-winning-moves-monopoly-polska-jest-piekna\/","title":{"rendered":"Gra planszowa Winning Moves Monopoly Polska Jest Pi\u0119kna"},"content":{"rendered":"<p>Monopoly Polska jest pi\u0119kna to gra przeznaczona dla wszystkich, kt\u00f3rzy uwielbiaj\u0105 gra\u0107 w plansz\u00f3wki. W tej edycji przemieszczasz si\u0119 samochodem po ca\u0142ej Polsce wraz z rodzin\u0105 lub paczk\u0105 przyjaci\u00f3\u0142. Kupuj najpi\u0119kniejsze miejsca, kt\u00f3re spotykasz na swojej drodze i pola dostawc\u00f3w us\u0142ug. Inwestuj w domy i hotele, zbieraj czynsz z posiadanych nieruchomo\u015bci. Wymieniaj si\u0119 z innymi graczami. Jest wiele sposob\u00f3w na zaj\u0119cie najlepszych miejsc na planszy. Inwestuj z g\u0142ow\u0105, b\u0105d\u017a twardym negocjatorem \u2013 zwyci\u0119zca jest tylko jeden. Znajd\u017a w\u0142asn\u0105 drog\u0119 do zdobycia fortuny!                            <\/p>\n<p>Monopoly Polska jest pi\u0119kna<br \/>\n\u00a0Zobacz, co kryje wyj\u0105tkowa edycja gry Monopoly Polska jest pi\u0119kna. Przemierzaj polskie drogi i odwiedzaj niezwyk\u0142e zak\u0105tki kolejnych region\u00f3w. Mo\u017ce uda Ci si\u0119 zosta\u0107 w\u0142a\u015bcicielem kt\u00f3rego\u015b z Twoich ulubionych miejsc. Kupuj pi\u0119kne lokalizacje, kt\u00f3re spotykasz na swojej drodze i zarabiaj, pobieraj\u0105c czynsz od pozosta\u0142ych graczy. \u00a0Zobacz Krzyw\u0105 Wie\u017c\u0119 w Toruniu, zabierz dzieci na gofry, a po wszystkim wypocznij w Borach Tucholskich lub w Puszczy Bia\u0142owieskiej. P\u0119d\u017a autostrad\u0105 i odkrywaj urocze zakamarki Zalipia, odwied\u017a Osad\u0119 w Biskupinie albo ruchome wydmy w \u0141ebie. Wybierz si\u0119 na w\u0119dr\u00f3wk\u0119 nad Morskie Oko albo na sp\u0142yw Dunajcem.<br \/>\n\u00a0Te wszystkie miejsca mo\u017cesz ju\u017c odwiedzi\u0107 na planszy Monopoly Polska jest pi\u0119kna. Kupuj nieruchomo\u015bci i zarabiaj, pobieraj\u0105c czynsz od pozosta\u0142ych graczy. Nie czekaj, rzu\u0107 kostk\u0105, wykonaj ruch, dokonaj transakcji i zbij fortun\u0119 w wyj\u0105tkowej edycji klasycznej gry Monopoly!\u00a0                            <\/p>\n<p>\u00a0Zasady gry s\u0105 takie same jak w klasycznej wersji gry Monopoly. Po roz\u0142o\u017ceniu planszy i wyborze jednego z 8 pionk\u00f3w nale\u017cy rozda\u0107 ka\u017cdemu z graczy odpowiedni\u0105 liczb\u0119 banknot\u00f3w. Rozgrywk\u0119 rozpoczyna osoba, kt\u00f3ra wyrzuci najwi\u0119cej oczek na kostce. W trakcie ka\u017cdej kolejki rzu\u0107 dwiema kostkami, a nast\u0119pnie rusz si\u0119 o liczb\u0119 p\u00f3l r\u00f3wn\u0105 sumie wyrzuconych oczek. Prawdopodobnie trafisz na jeden z zabytk\u00f3w, puszcz\u0119 lub pla\u017c\u0119, kt\u00f3re b\u0119dziesz m\u00f3g\u0142 zakupi\u0107, gdy tylko oka\u017c\u0105 si\u0119 dost\u0119pne, a Ciebie b\u0119dzie na nie sta\u0107. Karty Szansa lub Kasa Spo\u0142eczna w tej edycji zast\u0105pi\u0142y karty Wakacji i Ferii Zimowych &#8211; we\u017a jedn\u0105 z kart i zastosuj si\u0119 do podanej na niej instrukcji. Uwa\u017caj na w\u0142asno\u015bci pozosta\u0142ych graczy i postaraj si\u0119 nie trafi\u0107 do wi\u0119zienia! Pami\u0119taj, \u017ce Twoim celem jest nie tylko bogacenie si\u0119 kosztem innych, ale r\u00f3wnie\u017c doprowadzenie ich do bankructwa.\u00a0                            <\/p>\n<p>\u00a0Zawarto\u015b\u0107 opakowaniaplansza do gry,<br \/>\n8 pionk\u00f3w,<br \/>\n28 kart Tytu\u0142 W\u0142asno\u015bci,<br \/>\n16 kart Wakacje,<br \/>\n16 kart Ferie Zimowe,<br \/>\nplik banknot\u00f3w,<br \/>\n32 domy,<br \/>\n12 hoteli,<br \/>\n2 kostki,<br \/>\ninstrukcja.<br \/>\n\u00a0SpecyfikacjaLiczba graczy: 2-6<br \/>\nWiek: 8+Czas gry: 1-3 h,<br \/>\nJ\u0119zyk wydania: polski.\u00a0<\/p>\n<h2>Gra planszowa Winning Moves Monopoly Polska Jest Pi\u0119kna WINNING MOVES<\/h2>\n<p>ale kino program, stanis\u0142awa znaczenie imienia, radiowe nuty niech zyja wakacje, kolorowanka lego, pierwsze urodziny prezent na roczek dla ch\u0142opca, quizy dla dzieci, prank na prima aprilis, dobranoc zimowo, zagadki dla ma\u0142ych dzieci, wroc\u0142aw atrakcje dla dzieci, peppa kolorowanka, kolorowanki pi\u0142karskie, nasza zima z\u0142a tekst, prank na prima aprilis, jaki prezent na roczek<\/p>\n<p>yyyyy<\/p>\n<p>&nbsp;<\/p>\n","protected":false},"excerpt":{"rendered":"<p>Monopoly Polska jest pi\u0119kna to gra przeznaczona dla wszystkich, kt\u00f3rzy uwielbiaj\u0105 gra\u0107 w plansz\u00f3wki. W tej edycji przemieszczasz si\u0119 samochodem po ca\u0142ej Polsce wraz z rodzin\u0105 lub paczk\u0105 przyjaci\u00f3\u0142. Kupuj najpi\u0119kniejsze miejsca, kt\u00f3re spotykasz na swojej drodze i pola dostawc\u00f3w us\u0142ug. Inwestuj w domy i hotele, zbieraj czynsz z posiadanych nieruchomo\u015bci. Wymieniaj si\u0119 z innymi [&hellip;]<\/p>\n","protected":false},"featured_media":5956,"comment_status":"closed","ping_status":"open","template":"","meta":[],"product_cat":[235,226],"product_tag":[664,657,757,672,849,712],"class_list":["post-5955","product","type-product","status-publish","has-post-thumbnail","hentry","product_cat-gry-planszowe","product_cat-winning-moves","product_tag-atrakcje-dla-dzieci-trojmiasto","product_tag-lol-kolorowanka","product_tag-test-z-lektury-ania-z-zielonego-wzgorza-klasa-6-z-odpowiedziami","product_tag-trudne-zagadki-z-odpowiedziami","product_tag-zagadki-matematyczne-dla-dzieci","product_tag-zagadki-o-zwierzetach"],"_links":{"self":[{"href":"http:\/\/klubmamgdynia.pl\/index.php\/wp-json\/wp\/v2\/product\/5955","targetHints":{"allow":["GET"]}}],"collection":[{"href":"http:\/\/klubmamgdynia.pl\/index.php\/wp-json\/wp\/v2\/product"}],"about":[{"href":"http:\/\/klubmamgdynia.pl\/index.php\/wp-json\/wp\/v2\/types\/product"}],"replies":[{"embeddable":true,"href":"http:\/\/klubmamgdynia.pl\/index.php\/wp-json\/wp\/v2\/comments?post=5955"}],"wp:featuredmedia":[{"embeddable":true,"href":"http:\/\/klubmamgdynia.pl\/index.php\/wp-json\/wp\/v2\/media\/5956"}],"wp:attachment":[{"href":"http:\/\/klubmamgdynia.pl\/index.php\/wp-json\/wp\/v2\/media?parent=5955"}],"wp:term":[{"taxonomy":"product_cat","embeddable":true,"href":"http:\/\/klubmamgdynia.pl\/index.php\/wp-json\/wp\/v2\/product_cat?post=5955"},{"taxonomy":"product_tag","embeddable":true,"href":"http:\/\/klubmamgdynia.pl\/index.php\/wp-json\/wp\/v2\/product_tag?post=5955"}],"curies":[{"name":"wp","href":"https:\/\/api.w.org\/{rel}","templated":true}]}}