{"id":5957,"date":"2011-10-27T19:43:41","date_gmt":"2011-10-27T17:43:41","guid":{"rendered":"http:\/\/klubmamgdynia.pl\/index.php\/produkt\/koh-i-noor-farby-tempery-162547-16ml-6kol\/"},"modified":"2026-05-17T22:16:58","modified_gmt":"2026-05-17T20:16:58","slug":"koh-i-noor-farby-tempery-162547-16ml-6kol","status":"publish","type":"product","link":"http:\/\/klubmamgdynia.pl\/index.php\/produkt\/koh-i-noor-farby-tempery-162547-16ml-6kol\/","title":{"rendered":"Koh I Noor Farby Tempery 162547 16Ml 6Kol."},"content":{"rendered":"<p>&#8211; Tempery to farby rozcie\u0144czalne wod\u0105, kt\u00f3re po wyschni\u0119ciu mo\u017cna ponownie rozpu\u015bci\u0107 w wodzie- Przeznaczone do malowania na powierzchniach ch\u0142on\u0105cych wod\u0119 np. papier, karton, drewno, p\u0142\u00f3tno- Cechuj\u0105 si\u0119 trwa\u0142ymi i odpornymi na \u015bwiat\u0142o kolorami, wysok\u0105 odporno\u015bci\u0105 na \u015bcieranie- Zestaw zawiera 6 kolor\u00f3w: biel tytanow\u0105, \u017c\u00f3\u0142ty cytrynowy, alizaryn\u0119 \u015bredni\u0105, imitacj\u0119 kobaltu, ziele\u0144 ciemn\u0105 oraz czarny- Ca\u0142o\u015b\u0107 spakowana jest w kartonowe pude\u0142ko<\/p>\n<h2>Koh I Noor Farby Tempery 162547 16Ml 6Kol. Koh-I-Noor<\/h2>\n<p>prezent dla m\u0142odzie\u017cy, zagadki co to jest, prezent na dzie\u0144 dziecka dla nastolatk\u00f3w, audiobook dla dzieci za darmo, list do gwiazdora, prezent dla nastolatk\u00f3w ch\u0142opc\u00f3w, lol surprise kolorowanka, zagadki logiczne dla dzieci 10 lat do druku, rainbow dash kolorowanka, prezent na roczek dziewczynka, przyjazn, dinozaur bajka<\/p>\n<p>yyyyy<\/p>\n<p>&nbsp;<\/p>\n","protected":false},"excerpt":{"rendered":"<p>&#8211; Tempery to farby rozcie\u0144czalne wod\u0105, kt\u00f3re po wyschni\u0119ciu mo\u017cna ponownie rozpu\u015bci\u0107 w wodzie- Przeznaczone do malowania na powierzchniach ch\u0142on\u0105cych wod\u0119 np. papier, karton, drewno, p\u0142\u00f3tno- Cechuj\u0105 si\u0119 trwa\u0142ymi i odpornymi na \u015bwiat\u0142o kolorami, wysok\u0105 odporno\u015bci\u0105 na \u015bcieranie- Zestaw zawiera 6 kolor\u00f3w: biel tytanow\u0105, \u017c\u00f3\u0142ty cytrynowy, alizaryn\u0119 \u015bredni\u0105, imitacj\u0119 kobaltu, ziele\u0144 ciemn\u0105 oraz czarny- Ca\u0142o\u015b\u0107 [&hellip;]<\/p>\n","protected":false},"featured_media":5958,"comment_status":"closed","ping_status":"open","template":"","meta":[],"product_cat":[1393,297],"product_tag":[833,808,759,711,743,659],"class_list":["post-5957","product","type-product","status-publish","has-post-thumbnail","hentry","product_cat-koh-i-noor","product_cat-szkolne-artykuly-plastyczne","product_tag-bajki-dla-dzieci-do-czytania","product_tag-imie-mia","product_tag-pomysly-na-prezent-dla-nastolatkow","product_tag-prezenty-dla-nastolatkow","product_tag-quiz-dla-dzieci","product_tag-tupu-tup-po-sniegu-tekst"],"_links":{"self":[{"href":"http:\/\/klubmamgdynia.pl\/index.php\/wp-json\/wp\/v2\/product\/5957","targetHints":{"allow":["GET"]}}],"collection":[{"href":"http:\/\/klubmamgdynia.pl\/index.php\/wp-json\/wp\/v2\/product"}],"about":[{"href":"http:\/\/klubmamgdynia.pl\/index.php\/wp-json\/wp\/v2\/types\/product"}],"replies":[{"embeddable":true,"href":"http:\/\/klubmamgdynia.pl\/index.php\/wp-json\/wp\/v2\/comments?post=5957"}],"wp:featuredmedia":[{"embeddable":true,"href":"http:\/\/klubmamgdynia.pl\/index.php\/wp-json\/wp\/v2\/media\/5958"}],"wp:attachment":[{"href":"http:\/\/klubmamgdynia.pl\/index.php\/wp-json\/wp\/v2\/media?parent=5957"}],"wp:term":[{"taxonomy":"product_cat","embeddable":true,"href":"http:\/\/klubmamgdynia.pl\/index.php\/wp-json\/wp\/v2\/product_cat?post=5957"},{"taxonomy":"product_tag","embeddable":true,"href":"http:\/\/klubmamgdynia.pl\/index.php\/wp-json\/wp\/v2\/product_tag?post=5957"}],"curies":[{"name":"wp","href":"https:\/\/api.w.org\/{rel}","templated":true}]}}