{"id":5959,"date":"2012-04-25T05:06:16","date_gmt":"2012-04-25T03:06:16","guid":{"rendered":"http:\/\/klubmamgdynia.pl\/index.php\/produkt\/wader-zestaw-taczka-wiaderko-akcesoria-36384\/"},"modified":"2026-05-17T22:06:49","modified_gmt":"2026-05-17T20:06:49","slug":"wader-zestaw-taczka-wiaderko-akcesoria-36384","status":"publish","type":"product","link":"http:\/\/klubmamgdynia.pl\/index.php\/produkt\/wader-zestaw-taczka-wiaderko-akcesoria-36384\/","title":{"rendered":"Wader Zestaw Taczka + Wiaderko + Akcesoria 36384"},"content":{"rendered":"<p>Zestaw do piaskownicy w\u00f3zek 2 Kolory Polesie<\/p>\n<h2>Wader Zestaw Taczka + Wiaderko + Akcesoria 36384 Wader<\/h2>\n<p>dobre \u017carty na prima aprilis, oryginalny prezent dla nastolatk\u00f3w, fabian, dobranoc pch\u0142y na noc, jak narysowac kota, bajka psi patrol do czytania<\/p>\n<p>yyyyy<\/p>\n<p>&nbsp;<\/p>\n","protected":false},"excerpt":{"rendered":"<p>Zestaw do piaskownicy w\u00f3zek 2 Kolory Polesie Wader Zestaw Taczka + Wiaderko + Akcesoria 36384 Wader dobre \u017carty na prima aprilis, oryginalny prezent dla nastolatk\u00f3w, fabian, dobranoc pch\u0142y na noc, jak narysowac kota, bajka psi patrol do czytania yyyyy &nbsp;<\/p>\n","protected":false},"featured_media":5960,"comment_status":"closed","ping_status":"open","template":"","meta":[],"product_cat":[514,286],"product_tag":[722,585,639,690,759,684,647],"class_list":["post-5959","product","type-product","status-publish","has-post-thumbnail","hentry","product_cat-wader","product_cat-zabawki-do-piasku","product_tag-cytaty-o-przyjazni","product_tag-kolorowanki-dla-chlopcow","product_tag-nela-imie","product_tag-pieski-male-dwa-tekst","product_tag-pomysly-na-prezent-dla-nastolatkow","product_tag-prezent-dla-dziewczynki-na-roczek","product_tag-warszawa-z-dzieckiem"],"_links":{"self":[{"href":"http:\/\/klubmamgdynia.pl\/index.php\/wp-json\/wp\/v2\/product\/5959","targetHints":{"allow":["GET"]}}],"collection":[{"href":"http:\/\/klubmamgdynia.pl\/index.php\/wp-json\/wp\/v2\/product"}],"about":[{"href":"http:\/\/klubmamgdynia.pl\/index.php\/wp-json\/wp\/v2\/types\/product"}],"replies":[{"embeddable":true,"href":"http:\/\/klubmamgdynia.pl\/index.php\/wp-json\/wp\/v2\/comments?post=5959"}],"wp:featuredmedia":[{"embeddable":true,"href":"http:\/\/klubmamgdynia.pl\/index.php\/wp-json\/wp\/v2\/media\/5960"}],"wp:attachment":[{"href":"http:\/\/klubmamgdynia.pl\/index.php\/wp-json\/wp\/v2\/media?parent=5959"}],"wp:term":[{"taxonomy":"product_cat","embeddable":true,"href":"http:\/\/klubmamgdynia.pl\/index.php\/wp-json\/wp\/v2\/product_cat?post=5959"},{"taxonomy":"product_tag","embeddable":true,"href":"http:\/\/klubmamgdynia.pl\/index.php\/wp-json\/wp\/v2\/product_tag?post=5959"}],"curies":[{"name":"wp","href":"https:\/\/api.w.org\/{rel}","templated":true}]}}