{"id":5961,"date":"2020-03-28T05:03:39","date_gmt":"2020-03-28T04:03:39","guid":{"rendered":"http:\/\/klubmamgdynia.pl\/index.php\/produkt\/midex-kawiarnia-cukiernia-sklep-ze-slodyczami-zabawka\/"},"modified":"2026-04-27T00:57:14","modified_gmt":"2026-04-26T22:57:14","slug":"midex-kawiarnia-cukiernia-sklep-ze-slodyczami-zabawka","status":"publish","type":"product","link":"http:\/\/klubmamgdynia.pl\/index.php\/produkt\/midex-kawiarnia-cukiernia-sklep-ze-slodyczami-zabawka\/","title":{"rendered":"Midex Kawiarnia Cukiernia Sklep Ze S\u0142odyczami &#8211; Zabawka"},"content":{"rendered":"<p>SKLEP KAWIARNIA CUKIERNIAKolorowy zestaw z wyposa\u017ceniem do kawiarni pozwoli Ci przygotowa\u0107 ulubione napoje oraz potrawy dla swoich lalek.Zestaw sk\u0142ada si\u0119 z blendera oraz lady ze smako\u0142ykami.Zabawka zajmie malucha na wiele godzin i dostarczy mu du\u017co rado\u015bci i dobrej zabawy.Wymagane baterie: 2x AA (brak w zestawie).Wymiary opakowania: 38 x 16 x 22cm.<\/p>\n<h2>Midex Kawiarnia Cukiernia Sklep Ze S\u0142odyczami &#8211; Zabawka Midex<\/h2>\n<p>imie paula, trudne zagadki na inteligencj\u0119, kolorowanka kotek do druku, walentynka kolorowanka, podchwytliwe zagadki z odpowiedziami, imi\u0119 iwo, matylda imi\u0119<\/p>\n<p>yyyyy<\/p>\n<p>&nbsp;<\/p>\n","protected":false},"excerpt":{"rendered":"<p>SKLEP KAWIARNIA CUKIERNIAKolorowy zestaw z wyposa\u017ceniem do kawiarni pozwoli Ci przygotowa\u0107 ulubione napoje oraz potrawy dla swoich lalek.Zestaw sk\u0142ada si\u0119 z blendera oraz lady ze smako\u0142ykami.Zabawka zajmie malucha na wiele godzin i dostarczy mu du\u017co rado\u015bci i dobrej zabawy.Wymagane baterie: 2x AA (brak w zestawie).Wymiary opakowania: 38 x 16 x 22cm. Midex Kawiarnia Cukiernia Sklep [&hellip;]<\/p>\n","protected":false},"featured_media":5962,"comment_status":"closed","ping_status":"open","template":"","meta":[],"product_cat":[53,1091],"product_tag":[836,685,647],"class_list":["post-5961","product","type-product","status-publish","has-post-thumbnail","hentry","product_cat-kaciki-zabaw","product_cat-midex","product_tag-co-kupic-dziecku-na-roczek","product_tag-cytaty-o-rodzinie","product_tag-warszawa-z-dzieckiem"],"_links":{"self":[{"href":"http:\/\/klubmamgdynia.pl\/index.php\/wp-json\/wp\/v2\/product\/5961","targetHints":{"allow":["GET"]}}],"collection":[{"href":"http:\/\/klubmamgdynia.pl\/index.php\/wp-json\/wp\/v2\/product"}],"about":[{"href":"http:\/\/klubmamgdynia.pl\/index.php\/wp-json\/wp\/v2\/types\/product"}],"replies":[{"embeddable":true,"href":"http:\/\/klubmamgdynia.pl\/index.php\/wp-json\/wp\/v2\/comments?post=5961"}],"wp:featuredmedia":[{"embeddable":true,"href":"http:\/\/klubmamgdynia.pl\/index.php\/wp-json\/wp\/v2\/media\/5962"}],"wp:attachment":[{"href":"http:\/\/klubmamgdynia.pl\/index.php\/wp-json\/wp\/v2\/media?parent=5961"}],"wp:term":[{"taxonomy":"product_cat","embeddable":true,"href":"http:\/\/klubmamgdynia.pl\/index.php\/wp-json\/wp\/v2\/product_cat?post=5961"},{"taxonomy":"product_tag","embeddable":true,"href":"http:\/\/klubmamgdynia.pl\/index.php\/wp-json\/wp\/v2\/product_tag?post=5961"}],"curies":[{"name":"wp","href":"https:\/\/api.w.org\/{rel}","templated":true}]}}